{"id":1735,"date":"2023-03-06T20:04:52","date_gmt":"2023-03-06T20:04:52","guid":{"rendered":"https:\/\/policysense.com\/?page_id=1735"},"modified":"2023-06-14T14:44:48","modified_gmt":"2023-06-14T14:44:48","slug":"why-policysense-technology","status":"publish","type":"page","link":"https:\/\/www.policysense.com\/en\/why-policysense-technology\/","title":{"rendered":"Why Policysense &#8211; Technology"},"content":{"rendered":"<h1>Insurance technology<\/h1>\n<p>Policysense is insurance technology. It is built on an easily integrable, adaptable, scalable, distributed, observable, and high-fidelity architecture.<\/p>\n","protected":false},"excerpt":{"rendered":"<p>Insurance technology Policysense is insurance technology. It is built on an easily integrable, adaptable, scalable, distributed, observable, and high-fidelity architecture.<\/p>\n","protected":false},"author":1,"featured_media":1074,"parent":0,"menu_order":0,"comment_status":"closed","ping_status":"closed","template":"page-plantilla-transformacion.php","meta":{"inline_featured_image":false,"footnotes":""},"class_list":["post-1735","page","type-page","status-publish","has-post-thumbnail","hentry"],"acf":[],"yoast_head":"<!-- This site is optimized with the Yoast SEO plugin v27.5 - https:\/\/yoast.com\/product\/yoast-seo-wordpress\/ -->\n<title>Insurance technology | Low-Code in insurance | policysense.com<\/title>\n<meta name=\"description\" content=\"Policysense is a powerful suite that enables insurance technology, native in the cloud, developed 100% in Low-Code and based on microservices\" \/>\n<meta name=\"robots\" content=\"index, follow, max-snippet:-1, max-image-preview:large, max-video-preview:-1\" \/>\n<link rel=\"canonical\" href=\"https:\/\/www.policysense.com\/en\/why-policysense-technology\/\" \/>\n<meta property=\"og:locale\" content=\"en_US\" \/>\n<meta property=\"og:type\" content=\"article\" \/>\n<meta property=\"og:title\" content=\"Insurance technology | Low-Code in insurance | policysense.com\" \/>\n<meta property=\"og:description\" content=\"Policysense is a powerful suite that enables insurance technology, native in the cloud, developed 100% in Low-Code and based on microservices\" \/>\n<meta property=\"og:url\" content=\"https:\/\/www.policysense.com\/en\/why-policysense-technology\/\" \/>\n<meta property=\"og:site_name\" content=\"Policysense\" \/>\n<meta property=\"article:publisher\" content=\"https:\/\/www.facebook.com\/grupoinmotionlat\" \/>\n<meta property=\"article:modified_time\" content=\"2023-06-14T14:44:48+00:00\" \/>\n<meta property=\"og:image\" content=\"https:\/\/www.policysense.com\/wp-content\/uploads\/2023\/03\/portada-policysense-.jpg\" \/>\n\t<meta property=\"og:image:width\" content=\"1200\" \/>\n\t<meta property=\"og:image:height\" content=\"675\" \/>\n\t<meta property=\"og:image:type\" content=\"image\/jpeg\" \/>\n<meta name=\"twitter:card\" content=\"summary_large_image\" \/>\n<meta name=\"twitter:site\" content=\"@grupoinmotion_\" \/>\n<meta name=\"twitter:label1\" content=\"Est. reading time\" \/>\n\t<meta name=\"twitter:data1\" content=\"1 minute\" \/>\n<!-- \/ Yoast SEO plugin. -->","yoast_head_json":{"title":"Insurance technology | Low-Code in insurance | policysense.com","description":"Policysense is a powerful suite that enables insurance technology, native in the cloud, developed 100% in Low-Code and based on microservices","robots":{"index":"index","follow":"follow","max-snippet":"max-snippet:-1","max-image-preview":"max-image-preview:large","max-video-preview":"max-video-preview:-1"},"canonical":"https:\/\/www.policysense.com\/en\/why-policysense-technology\/","og_locale":"en_US","og_type":"article","og_title":"Insurance technology | Low-Code in insurance | policysense.com","og_description":"Policysense is a powerful suite that enables insurance technology, native in the cloud, developed 100% in Low-Code and based on microservices","og_url":"https:\/\/www.policysense.com\/en\/why-policysense-technology\/","og_site_name":"Policysense","article_publisher":"https:\/\/www.facebook.com\/grupoinmotionlat","article_modified_time":"2023-06-14T14:44:48+00:00","og_image":[{"width":1200,"height":675,"url":"https:\/\/www.policysense.com\/wp-content\/uploads\/2023\/03\/portada-policysense-.jpg","type":"image\/jpeg"}],"twitter_card":"summary_large_image","twitter_site":"@grupoinmotion_","twitter_misc":{"Est. reading time":"1 minute"},"schema":{"@context":"https:\/\/schema.org","@graph":[{"@type":"WebPage","@id":"https:\/\/www.policysense.com\/en\/why-policysense-technology\/","url":"https:\/\/www.policysense.com\/en\/why-policysense-technology\/","name":"Insurance technology | Low-Code in insurance | policysense.com","isPartOf":{"@id":"https:\/\/www.policysense.com\/en\/#website"},"primaryImageOfPage":{"@id":"https:\/\/www.policysense.com\/en\/why-policysense-technology\/#primaryimage"},"image":{"@id":"https:\/\/www.policysense.com\/en\/why-policysense-technology\/#primaryimage"},"thumbnailUrl":"https:\/\/www.policysense.com\/wp-content\/uploads\/2023\/03\/heade-por-que-policysense.svg","datePublished":"2023-03-06T20:04:52+00:00","dateModified":"2023-06-14T14:44:48+00:00","description":"Policysense is a powerful suite that enables insurance technology, native in the cloud, developed 100% in Low-Code and based on microservices","breadcrumb":{"@id":"https:\/\/www.policysense.com\/en\/why-policysense-technology\/#breadcrumb"},"inLanguage":"en-US","potentialAction":[{"@type":"ReadAction","target":["https:\/\/www.policysense.com\/en\/why-policysense-technology\/"]}]},{"@type":"ImageObject","inLanguage":"en-US","@id":"https:\/\/www.policysense.com\/en\/why-policysense-technology\/#primaryimage","url":"https:\/\/www.policysense.com\/wp-content\/uploads\/2023\/03\/heade-por-que-policysense.svg","contentUrl":"https:\/\/www.policysense.com\/wp-content\/uploads\/2023\/03\/heade-por-que-policysense.svg"},{"@type":"BreadcrumbList","@id":"https:\/\/www.policysense.com\/en\/why-policysense-technology\/#breadcrumb","itemListElement":[{"@type":"ListItem","position":1,"name":"Portada","item":"https:\/\/www.policysense.com\/en\/"},{"@type":"ListItem","position":2,"name":"Why Policysense &#8211; Technology"}]},{"@type":"WebSite","@id":"https:\/\/www.policysense.com\/en\/#website","url":"https:\/\/www.policysense.com\/en\/","name":"Policysense | Transformaci\u00f3n digital para compa\u00f1\u00edas de seguros","description":"Policysense transformaci\u00f3n digital para compa\u00f1\u00edas de seguros de pr\u00f3xima generaci\u00f3n, nativas en la nube, modulares, basadas en Low-Code y m\u00e1s","publisher":{"@id":"https:\/\/www.policysense.com\/en\/#organization"},"potentialAction":[{"@type":"SearchAction","target":{"@type":"EntryPoint","urlTemplate":"https:\/\/www.policysense.com\/en\/?s={search_term_string}"},"query-input":{"@type":"PropertyValueSpecification","valueRequired":true,"valueName":"search_term_string"}}],"inLanguage":"en-US"},{"@type":"Organization","@id":"https:\/\/www.policysense.com\/en\/#organization","name":"Policysense","url":"https:\/\/www.policysense.com\/en\/","logo":{"@type":"ImageObject","inLanguage":"en-US","@id":"https:\/\/www.policysense.com\/en\/#\/schema\/logo\/image\/","url":"https:\/\/www.policysense.com\/wp-content\/uploads\/2024\/03\/logo-policysense-oficial.png","contentUrl":"https:\/\/www.policysense.com\/wp-content\/uploads\/2024\/03\/logo-policysense-oficial.png","width":367,"height":60,"caption":"Policysense"},"image":{"@id":"https:\/\/www.policysense.com\/en\/#\/schema\/logo\/image\/"},"sameAs":["https:\/\/www.facebook.com\/grupoinmotionlat","https:\/\/x.com\/grupoinmotion_","https:\/\/www.linkedin.com\/company\/grupoinmotion\/","https:\/\/www.instagram.com\/grupoinmotion_\/"]}]}},"_links":{"self":[{"href":"https:\/\/www.policysense.com\/en\/wp-json\/wp\/v2\/pages\/1735","targetHints":{"allow":["GET"]}}],"collection":[{"href":"https:\/\/www.policysense.com\/en\/wp-json\/wp\/v2\/pages"}],"about":[{"href":"https:\/\/www.policysense.com\/en\/wp-json\/wp\/v2\/types\/page"}],"author":[{"embeddable":true,"href":"https:\/\/www.policysense.com\/en\/wp-json\/wp\/v2\/users\/1"}],"replies":[{"embeddable":true,"href":"https:\/\/www.policysense.com\/en\/wp-json\/wp\/v2\/comments?post=1735"}],"version-history":[{"count":3,"href":"https:\/\/www.policysense.com\/en\/wp-json\/wp\/v2\/pages\/1735\/revisions"}],"predecessor-version":[{"id":1938,"href":"https:\/\/www.policysense.com\/en\/wp-json\/wp\/v2\/pages\/1735\/revisions\/1938"}],"wp:featuredmedia":[{"embeddable":true,"href":"https:\/\/www.policysense.com\/en\/wp-json\/wp\/v2\/media\/1074"}],"wp:attachment":[{"href":"https:\/\/www.policysense.com\/en\/wp-json\/wp\/v2\/media?parent=1735"}],"curies":[{"name":"wp","href":"https:\/\/api.w.org\/{rel}","templated":true}]}}