{"id":1803,"date":"2023-06-12T16:16:18","date_gmt":"2023-06-12T16:16:18","guid":{"rendered":"https:\/\/policysense.com\/?page_id=1803"},"modified":"2023-06-12T16:16:45","modified_gmt":"2023-06-12T16:16:45","slug":"data-protection-policysense","status":"publish","type":"page","link":"https:\/\/www.policysense.com\/en\/data-protection-policysense\/","title":{"rendered":"DATA PROTECTION POLICYSENSE"},"content":{"rendered":"<p><b>IN MOTION SERVICIOS S.A. (IN MOTION) <\/b><span style=\"font-weight: 400;\">with address at Avenida Apoquindo 4499, 11th floor, Santiago de Chile, is responsible for the use and protection of the personal data that we collect or are transferred to us, which are safeguarded in accordance with the applicable legislation on the protection of personal data in possession of individuals.<\/span> <span style=\"font-weight: 400;\">Pursuant to the EU General Data Protection Regulation (GDPR), the California Consumer Privacy Act (CCPA), as well as other applicable laws and regulations, individuals have specific rights with regarding your data, among others, the right of access, the right of deletion, the right of rectification, the right of suppression, the right to limitation of data processing, and the right to receive a copy of your personal information .<\/span><\/p>\n<p><b>For what purposes will we use your personal data?<\/b><\/p>\n<p><span style=\"font-weight: 400;\">The personal data that we collect from you directly will use to send you the requested information about PolicySense and may additionally be used to:<\/span><\/p>\n<ul>\n<li><b>Offer you products and services of the In Motion Group that may be of interest to you.<\/b><\/li>\n<li><b><\/b> <b>Carry out statistics and evaluations that allow us to improve your user experience.<\/b><\/li>\n<\/ul>\n<p><span style=\"font-weight: 400;\">In the event that you do not want your personal data to be processed for these additional purposes, from this moment you can notify us of the above, by sending your request in writing to the address of IN MOTION indicated above, or by email: protecciondedatos@grupoinmotion.com<\/span><\/p>\n<p>&nbsp;<\/p>\n<p><span style=\"font-weight: 400;\">Said request must contain at least:<\/span><\/p>\n<p>&nbsp;<\/p>\n<ol>\n<li style=\"font-weight: 400;\" aria-level=\"1\"><span style=\"font-weight: 400;\">Name and address, email, or other means to communicate the response to your request;<\/span><\/li>\n<li style=\"font-weight: 400;\" aria-level=\"1\"><span style=\"font-weight: 400;\">Documents proving your identity or, where appropriate, legal representation;<\/span><\/li>\n<li style=\"font-weight: 400;\" aria-level=\"1\"><span style=\"font-weight: 400;\">The clear and precise description of the personal data, with respect to which it is requested that they not be processed for these additional purposes.<\/span><\/li>\n<\/ol>\n<p><span style=\"font-weight: 400;\">\u00a0<\/span><\/p>\n<p><span style=\"font-weight: 400;\">The refusal to use your personal data for these purposes may not be a reason for us not to provide the services you request.<\/span><\/p>\n<p><b>What personal data will we use for these purposes?<\/b><\/p>\n<p><span style=\"font-weight: 400;\">To carry out the purposes described in this privacy notice, we will use the following personal data: full name, email, billing information, and postal address if necessary.<\/span><\/p>\n<p><b>With whom do we share your personal information and for what purposes?<\/b><\/p>\n<p><span style=\"font-weight: 400;\">The data that is provided to us or received to receive information from the PolicySense software will not be disseminated, distributed or commercialized, only in the event that you decide to opt for the purchase, they may be transmitted to government entities to which IN MOTION has to comply with various obligations, and to other natural or legal persons of a private nature with whom a contractual relationship is held or will be entered into, subject to a clause of confidentiality of information and protection of personal data.<\/span><\/p>\n<p><span style=\"font-weight: 400;\">In this sense, your information may be shared with related companies or subsidiaries of IN MOTION, for the purpose of evaluating our services, with government entities, and with natural or legal persons with whom we have entered into contracts for the provision of services and\/or works contracts.<\/span><\/p>\n<p><span style=\"font-weight: 400;\">For the aforementioned, and at the time of reading and accepting this &#8220;Privacy Notice&#8221;, you grant your consent to IN MOTION to collect and use your personal data for the purposes specified in this document and are necessary for the provision of the service. service. If you do not want your data to be used for additional purposes, please contact us and we will act accordingly.<\/span><\/p>\n<p><b>What are your rights?<\/b><\/p>\n<p><span style=\"font-weight: 400;\">\u2013 Unsubscribe from our mailing lists<\/span><\/p>\n<p><span style=\"font-weight: 400;\">\u2013 You have the right to obtain confirmation about whether we are processing personal data that concerns you<\/span><\/p>\n<p><span style=\"font-weight: 400;\">\u2013 Interested persons have the right to access their personal data, as well as to request the rectification of inaccurate data or, where appropriate, request its deletion when, among other reasons, the data is no longer necessary for the purposes for which it was collected.<\/span><\/p>\n<p><span style=\"font-weight: 400;\">\u2013 In certain circumstances, the interested parties may request the limitation of the processing of their data, in which case we will only keep them for the exercise or defense of claims.<\/span><\/p>\n<p><span style=\"font-weight: 400;\">\u2013 In certain circumstances and for reasons related to their particular situation, the interested parties may oppose the processing of their data. In these cases, your data will not be processed except for legitimate reasons or the exercise or defense of possible claims.<\/span><\/p>\n<p><span style=\"font-weight: 400;\">\u2013 In certain circumstances, you will have the right to receive the personal data that concerns you in a structured format for common use and mechanical reading<\/span><\/p>\n<p>&nbsp;<\/p>\n<p><span style=\"font-weight: 400;\">To exercise any of the rights, you must send us an email with the request.<\/span><\/p>\n<p><span style=\"font-weight: 400;\">\u00a0<\/span><\/p>\n<p><span style=\"font-weight: 400;\">Said request must contain at least:<\/span><\/p>\n<p>&nbsp;<\/p>\n<ol>\n<li style=\"font-weight: 400;\" aria-level=\"1\"><span style=\"font-weight: 400;\">Your full name and address to communicate the response to your request.<\/span><\/li>\n<li style=\"font-weight: 400;\" aria-level=\"1\"><span style=\"font-weight: 400;\">Document that proves your identity (copy of valid official identification with photograph and signature).<\/span><\/li>\n<li style=\"font-weight: 400;\" aria-level=\"1\"><span style=\"font-weight: 400;\">Clear description of what you are requesting in the exercise of your A.R.C.O rights<\/span><i><span style=\"font-weight: 400;\">(eg limit the use of information, access your personal data, revoke consent).<\/span><\/i><\/li>\n<li style=\"font-weight: 400;\" aria-level=\"1\"><span style=\"font-weight: 400;\">Clear and precise description of the personal data with respect to which you seek to exercise any of the rights mentioned above.<\/span><\/li>\n<li style=\"font-weight: 400;\" aria-level=\"1\"><span style=\"font-weight: 400;\">Any other element or document that facilitates the location of personal data.<\/span><\/li>\n<li style=\"font-weight: 400;\" aria-level=\"1\"><span style=\"font-weight: 400;\">In the case of requests for rectification of personal data, you must also indicate the modifications to be made and provide the documentation that supports the request.<\/span><\/li>\n<li style=\"font-weight: 400;\" aria-level=\"1\"><span style=\"font-weight: 400;\">In your case, the express statement to revoke your consent to the processing of your personal data and therefore, so that they are not used.<\/span><\/li>\n<\/ol>\n<p>&nbsp;<\/p>\n<p><span style=\"font-weight: 400;\">IN MOTION will respond within a maximum time of 20 days from the date your request was duly integrated,<\/span><span style=\"font-weight: 400;\">in order that, if appropriate, it becomes effective within the 15 days following the date on which the response is communicated.<\/span><\/p>\n<p>&nbsp;<\/p>\n","protected":false},"excerpt":{"rendered":"<p>IN MOTION SERVICIOS S.A. (IN MOTION) with address at Avenida Apoquindo 4499, 11th floor, Santiago de Chile, is responsible for the use and protection of the personal data that we collect or are transferred to us, which are safeguarded in accordance with the applicable legislation on the protection of personal data in possession of individuals. [&hellip;]<\/p>\n","protected":false},"author":1,"featured_media":0,"parent":0,"menu_order":0,"comment_status":"closed","ping_status":"closed","template":"page-plantilla-terminos.php","meta":{"inline_featured_image":false,"footnotes":""},"class_list":["post-1803","page","type-page","status-publish","hentry"],"acf":[],"yoast_head":"<!-- This site is optimized with the Yoast SEO plugin v27.4 - https:\/\/yoast.com\/product\/yoast-seo-wordpress\/ -->\n<title>DATA PROTECTION POLICYSENSE - Policysense<\/title>\n<meta name=\"robots\" content=\"index, follow, max-snippet:-1, max-image-preview:large, max-video-preview:-1\" \/>\n<link rel=\"canonical\" href=\"https:\/\/www.policysense.com\/en\/data-protection-policysense\/\" \/>\n<meta property=\"og:locale\" content=\"en_US\" \/>\n<meta property=\"og:type\" content=\"article\" \/>\n<meta property=\"og:title\" content=\"DATA PROTECTION POLICYSENSE - Policysense\" \/>\n<meta property=\"og:description\" content=\"IN MOTION SERVICIOS S.A. (IN MOTION) with address at Avenida Apoquindo 4499, 11th floor, Santiago de Chile, is responsible for the use and protection of the personal data that we collect or are transferred to us, which are safeguarded in accordance with the applicable legislation on the protection of personal data in possession of individuals. [&hellip;]\" \/>\n<meta property=\"og:url\" content=\"https:\/\/www.policysense.com\/en\/data-protection-policysense\/\" \/>\n<meta property=\"og:site_name\" content=\"Policysense\" \/>\n<meta property=\"article:publisher\" content=\"https:\/\/www.facebook.com\/grupoinmotionlat\" \/>\n<meta property=\"article:modified_time\" content=\"2023-06-12T16:16:45+00:00\" \/>\n<meta property=\"og:image\" content=\"https:\/\/www.policysense.com\/wp-content\/uploads\/2023\/03\/portada-policysense-.jpg\" \/>\n\t<meta property=\"og:image:width\" content=\"1200\" \/>\n\t<meta property=\"og:image:height\" content=\"675\" \/>\n\t<meta property=\"og:image:type\" content=\"image\/jpeg\" \/>\n<meta name=\"twitter:card\" content=\"summary_large_image\" \/>\n<meta name=\"twitter:site\" content=\"@grupoinmotion_\" \/>\n<meta name=\"twitter:label1\" content=\"Est. reading time\" \/>\n\t<meta name=\"twitter:data1\" content=\"5 minutes\" \/>\n<!-- \/ Yoast SEO plugin. -->","yoast_head_json":{"title":"DATA PROTECTION POLICYSENSE - Policysense","robots":{"index":"index","follow":"follow","max-snippet":"max-snippet:-1","max-image-preview":"max-image-preview:large","max-video-preview":"max-video-preview:-1"},"canonical":"https:\/\/www.policysense.com\/en\/data-protection-policysense\/","og_locale":"en_US","og_type":"article","og_title":"DATA PROTECTION POLICYSENSE - Policysense","og_description":"IN MOTION SERVICIOS S.A. (IN MOTION) with address at Avenida Apoquindo 4499, 11th floor, Santiago de Chile, is responsible for the use and protection of the personal data that we collect or are transferred to us, which are safeguarded in accordance with the applicable legislation on the protection of personal data in possession of individuals. [&hellip;]","og_url":"https:\/\/www.policysense.com\/en\/data-protection-policysense\/","og_site_name":"Policysense","article_publisher":"https:\/\/www.facebook.com\/grupoinmotionlat","article_modified_time":"2023-06-12T16:16:45+00:00","og_image":[{"width":1200,"height":675,"url":"https:\/\/www.policysense.com\/wp-content\/uploads\/2023\/03\/portada-policysense-.jpg","type":"image\/jpeg"}],"twitter_card":"summary_large_image","twitter_site":"@grupoinmotion_","twitter_misc":{"Est. reading time":"5 minutes"},"schema":{"@context":"https:\/\/schema.org","@graph":[{"@type":"WebPage","@id":"https:\/\/www.policysense.com\/en\/data-protection-policysense\/","url":"https:\/\/www.policysense.com\/en\/data-protection-policysense\/","name":"DATA PROTECTION POLICYSENSE - Policysense","isPartOf":{"@id":"https:\/\/www.policysense.com\/en\/#website"},"datePublished":"2023-06-12T16:16:18+00:00","dateModified":"2023-06-12T16:16:45+00:00","breadcrumb":{"@id":"https:\/\/www.policysense.com\/en\/data-protection-policysense\/#breadcrumb"},"inLanguage":"en-US","potentialAction":[{"@type":"ReadAction","target":["https:\/\/www.policysense.com\/en\/data-protection-policysense\/"]}]},{"@type":"BreadcrumbList","@id":"https:\/\/www.policysense.com\/en\/data-protection-policysense\/#breadcrumb","itemListElement":[{"@type":"ListItem","position":1,"name":"Portada","item":"https:\/\/www.policysense.com\/en\/"},{"@type":"ListItem","position":2,"name":"DATA PROTECTION POLICYSENSE"}]},{"@type":"WebSite","@id":"https:\/\/www.policysense.com\/en\/#website","url":"https:\/\/www.policysense.com\/en\/","name":"Policysense | Transformaci\u00f3n digital para compa\u00f1\u00edas de seguros","description":"Policysense transformaci\u00f3n digital para compa\u00f1\u00edas de seguros de pr\u00f3xima generaci\u00f3n, nativas en la nube, modulares, basadas en Low-Code y m\u00e1s","publisher":{"@id":"https:\/\/www.policysense.com\/en\/#organization"},"potentialAction":[{"@type":"SearchAction","target":{"@type":"EntryPoint","urlTemplate":"https:\/\/www.policysense.com\/en\/?s={search_term_string}"},"query-input":{"@type":"PropertyValueSpecification","valueRequired":true,"valueName":"search_term_string"}}],"inLanguage":"en-US"},{"@type":"Organization","@id":"https:\/\/www.policysense.com\/en\/#organization","name":"Policysense","url":"https:\/\/www.policysense.com\/en\/","logo":{"@type":"ImageObject","inLanguage":"en-US","@id":"https:\/\/www.policysense.com\/en\/#\/schema\/logo\/image\/","url":"https:\/\/www.policysense.com\/wp-content\/uploads\/2024\/03\/logo-policysense-oficial.png","contentUrl":"https:\/\/www.policysense.com\/wp-content\/uploads\/2024\/03\/logo-policysense-oficial.png","width":367,"height":60,"caption":"Policysense"},"image":{"@id":"https:\/\/www.policysense.com\/en\/#\/schema\/logo\/image\/"},"sameAs":["https:\/\/www.facebook.com\/grupoinmotionlat","https:\/\/x.com\/grupoinmotion_","https:\/\/www.linkedin.com\/company\/grupoinmotion\/","https:\/\/www.instagram.com\/grupoinmotion_\/"]}]}},"_links":{"self":[{"href":"https:\/\/www.policysense.com\/en\/wp-json\/wp\/v2\/pages\/1803","targetHints":{"allow":["GET"]}}],"collection":[{"href":"https:\/\/www.policysense.com\/en\/wp-json\/wp\/v2\/pages"}],"about":[{"href":"https:\/\/www.policysense.com\/en\/wp-json\/wp\/v2\/types\/page"}],"author":[{"embeddable":true,"href":"https:\/\/www.policysense.com\/en\/wp-json\/wp\/v2\/users\/1"}],"replies":[{"embeddable":true,"href":"https:\/\/www.policysense.com\/en\/wp-json\/wp\/v2\/comments?post=1803"}],"version-history":[{"count":1,"href":"https:\/\/www.policysense.com\/en\/wp-json\/wp\/v2\/pages\/1803\/revisions"}],"predecessor-version":[{"id":1804,"href":"https:\/\/www.policysense.com\/en\/wp-json\/wp\/v2\/pages\/1803\/revisions\/1804"}],"wp:attachment":[{"href":"https:\/\/www.policysense.com\/en\/wp-json\/wp\/v2\/media?parent=1803"}],"curies":[{"name":"wp","href":"https:\/\/api.w.org\/{rel}","templated":true}]}}