{"id":1809,"date":"2023-06-12T16:23:17","date_gmt":"2023-06-12T16:23:17","guid":{"rendered":"https:\/\/policysense.com\/?page_id=1809"},"modified":"2023-06-12T16:24:05","modified_gmt":"2023-06-12T16:24:05","slug":"legal-notice-and-cookies-policy","status":"publish","type":"page","link":"https:\/\/www.policysense.com\/en\/legal-notice-and-cookies-policy\/","title":{"rendered":"Legal notice and cookies policy"},"content":{"rendered":"<blockquote><p><span style=\"font-weight: 400;\">Web manager: Antonella Burlando Bonino.<\/span><\/p>\n<p><span style=\"font-weight: 400;\">Contact address: Av. Apoquindo #4499 11th floor, Santiago, Chile.<\/span><\/p>\n<p><span style=\"font-weight: 400;\">Contact Email: aburlando@inmotion.cl<\/span><\/p>\n<p><span style=\"font-weight: 400;\">Phone: +56 2 2431 6400<\/span><\/p><\/blockquote>\n<p>&nbsp;<\/p>\n<p><b>Tax Information: IN MOTION SERVICIOS S.A.<br \/>\n<\/b><b>RUT: 99.525.490-5<\/b><\/p>\n<p>&nbsp;<\/p>\n<p><b>Terms and conditions of the website<\/b><\/p>\n<p><span style=\"font-weight: 400;\">1.- Previous Considerations<\/span><\/p>\n<p><span style=\"font-weight: 400;\">These legal conditions regulate the permitted legal use of this website, for which IN MOTION is legally responsible. These general conditions regulate the access and use that the owner of the website makes freely available to Internet users. Access to it implies its unreserved acceptance. The use of the user area will also be governed by the particular conditions provided in each case, which will be understood as accepted by the mere use of such services.\u00a0<\/span><\/p>\n<p><span style=\"font-weight: 400;\">2.- Intellectual and industrial property<\/span><\/p>\n<p><span style=\"font-weight: 400;\">The texts, images, logos, distinctive signs, sounds, animations, videos, source code and other contents included in this website are the property of the IN MOTION Company, or it has, where appropriate, the right to use them, and in this sense, they are erected as works protected by current intellectual and industrial property legislation.<\/span><\/p>\n<p><span style=\"font-weight: 400;\">Any transmission, distribution, reproduction or storage, in whole or in part, of the contents stored on this website, is expressly prohibited except with the prior and express consent of the owner. However, users may carry out the reproduction or storage of the contents of the website for their exclusive personal use, being expressly and strictly prohibited the reproduction of elements or contents of this website, carried out for profit or commercial purposes.\u00a0<\/span><\/p>\n<p><span style=\"font-weight: 400;\">3.- Conditions of Access<\/span><\/p>\n<p><span style=\"font-weight: 400;\">IN MOTION, reserves the right to make, at any time and without the need for prior notice, modifications and updates to the information contained on the Web, its configuration and presentation, the access conditions, contract conditions, etc.<\/span><\/p>\n<p><span style=\"font-weight: 400;\">The company responsible for the website does not guarantee the absence of interruptions or errors in accessing the page or its content, nor that it is updated or free of viruses or any other element that may cause alterations in your computer system. IN MOTION declines any contractual or non-contractual responsibility with the person or company that makes use of it and has damages of any nature caused by computer viruses or computer elements of any kind.<\/span><\/p>\n<p><span style=\"font-weight: 400;\">The owner of the website will not be liable for any consequence, damage or harm that may arise from the non-consensual use of the information contained therein or from those derived from the services and opinions provided by third parties.\u00a0<\/span><\/p>\n<p><span style=\"font-weight: 400;\">4.- Liability for Links<\/span><\/p>\n<p><span style=\"font-weight: 400;\">The company responsible for the website declines any responsibility for the services and\/or information provided on other pages linked to this website. IN MOTION does not control or exercise any type of supervision when it includes the link to them, with the belief that these contents comply with the applicable legislation. However, the use of links to other pages does not in any way imply responsibility or appropriation of the content of the same, without it being possible to understand that there is any work of supervision or approval of the changes or information that is made in them. We advise visitors of these pages to act prudently and consult the possible legal conditions that are exposed on said websites.<\/span><\/p>\n<p>&nbsp;<\/p>\n<p><span style=\"font-weight: 400;\">IN MOTION does not respond or assume any type of responsibility for damages that may be related to the operation, availability, and continuity of the linked sites.<\/span><\/p>\n<h4><b>COOKIES POLICY<\/b><\/h4>\n<p><span style=\"font-weight: 400;\">We use cookies to facilitate the use of our website. Cookies are small information files that allow us to compare and understand how our users navigate through our website, and in this way to be able to consequently improve the browsing process. The cookies we use do not store any personal data, nor any type of information that can identify you. If you do not want to receive cookies, please configure your Internet browser to delete them from your computer&#8217;s hard drive, block them, or notify you if they are installed. To continue without changing your cookie settings, simply continue on the web page.<\/span><\/p>\n<p><b>Strictly necessary cookies:<\/b><span style=\"font-weight: 400;\"><br \/>\n<\/span><span style=\"font-weight: 400;\">These cookies are necessary for the correct use of the website, allowing access to sections that have security filters. Without these cookies, many of the available services would not be operational.<\/span><\/p>\n<p><b>Navigation Cookies:<\/b><span style=\"font-weight: 400;\"> These cookies collect information about the use that visitors make of the web, for example, pages viewed or loading errors. It is generic and anonymous information, where personal data is not included, nor is information that identifies visitors collected; the ultimate objective being to improve the functioning of the web. By visiting our website, you accept the installation of these cookies on your device.<\/span><\/p>\n<p><b>Functional Cookies:<\/b><span style=\"font-weight: 400;\"><br \/>\n<\/span><span style=\"font-weight: 400;\">These cookies allow information to be remembered (such as your username, language, or the region you are in) and more personal characteristics. For example, the possibility of offering personalized content based on the information and criteria that you have voluntarily provided. These cookies can also be used to remember changes made to text size, fonts, and other customizable parts of the web page. They are also used to offer some requested services, such as watching a video or commenting on a blog. The information collected by these cookies may be anonymous and your activity on other web pages cannot be followed.<\/span><\/p>\n<p><span style=\"font-weight: 400;\">By visiting our website, you accept the installation of these cookies.<\/span><\/p>\n<p><b>How to disable cookies?<\/b><span style=\"font-weight: 400;\"> All browsers allow you to make changes that allow you to disable the configuration of cookies. These settings are located in the &#8220;options&#8221; or &#8220;preferences&#8221; menu of your browser. Below you can find the links for each browser to disable cookies by following the instructions:<\/span><\/p>\n<p><span style=\"font-weight: 400;\">\u2013 http:\/\/goo.gl\/KFBFh (Safari 5.1)<\/span><\/p>\n<p><span style=\"font-weight: 400;\">\u2013 http:\/\/goo.gl\/ksN5y (Internet Explorer)<\/span><\/p>\n<p><span style=\"font-weight: 400;\">\u2013 http:\/\/goo.gl\/F5pHX (Mozilla Firefox)<\/span><\/p>\n<p><span style=\"font-weight: 400;\">\u2013 http:\/\/goo.gl\/8cAo (Google Chrome)<\/span><\/p>\n<p><span style=\"font-weight: 400;\">If you wish not to be tracked by cookies, Google has developed a plugin to install in your browser that you can access at the following link: http:\/\/goo.gl\/up4ND<\/span><\/p>\n<p>&nbsp;<\/p>\n","protected":false},"excerpt":{"rendered":"<p>Web manager: Antonella Burlando Bonino. Contact address: Av. Apoquindo #4499 11th floor, Santiago, Chile. Contact Email: aburlando@inmotion.cl Phone: +56 2 2431 6400 &nbsp; Tax Information: IN MOTION SERVICIOS S.A. RUT: 99.525.490-5 &nbsp; Terms and conditions of the website 1.- Previous Considerations These legal conditions regulate the permitted legal use of this website, for which IN [&hellip;]<\/p>\n","protected":false},"author":1,"featured_media":0,"parent":0,"menu_order":0,"comment_status":"closed","ping_status":"closed","template":"page-plantilla-terminos.php","meta":{"inline_featured_image":false,"footnotes":""},"class_list":["post-1809","page","type-page","status-publish","hentry"],"acf":[],"yoast_head":"<!-- This site is optimized with the Yoast SEO plugin v27.4 - https:\/\/yoast.com\/product\/yoast-seo-wordpress\/ -->\n<title>Legal notice and cookies policy - Policysense<\/title>\n<meta name=\"robots\" content=\"index, follow, max-snippet:-1, max-image-preview:large, max-video-preview:-1\" \/>\n<link rel=\"canonical\" href=\"https:\/\/www.policysense.com\/en\/legal-notice-and-cookies-policy\/\" \/>\n<meta property=\"og:locale\" content=\"en_US\" \/>\n<meta property=\"og:type\" content=\"article\" \/>\n<meta property=\"og:title\" content=\"Legal notice and cookies policy - Policysense\" \/>\n<meta property=\"og:description\" content=\"Web manager: Antonella Burlando Bonino. Contact address: Av. Apoquindo #4499 11th floor, Santiago, Chile. Contact Email: aburlando@inmotion.cl Phone: +56 2 2431 6400 &nbsp; Tax Information: IN MOTION SERVICIOS S.A. RUT: 99.525.490-5 &nbsp; Terms and conditions of the website 1.- Previous Considerations These legal conditions regulate the permitted legal use of this website, for which IN [&hellip;]\" \/>\n<meta property=\"og:url\" content=\"https:\/\/www.policysense.com\/en\/legal-notice-and-cookies-policy\/\" \/>\n<meta property=\"og:site_name\" content=\"Policysense\" \/>\n<meta property=\"article:publisher\" content=\"https:\/\/www.facebook.com\/grupoinmotionlat\" \/>\n<meta property=\"article:modified_time\" content=\"2023-06-12T16:24:05+00:00\" \/>\n<meta property=\"og:image\" content=\"https:\/\/www.policysense.com\/wp-content\/uploads\/2023\/03\/portada-policysense-.jpg\" \/>\n\t<meta property=\"og:image:width\" content=\"1200\" \/>\n\t<meta property=\"og:image:height\" content=\"675\" \/>\n\t<meta property=\"og:image:type\" content=\"image\/jpeg\" \/>\n<meta name=\"twitter:card\" content=\"summary_large_image\" \/>\n<meta name=\"twitter:site\" content=\"@grupoinmotion_\" \/>\n<meta name=\"twitter:label1\" content=\"Est. reading time\" \/>\n\t<meta name=\"twitter:data1\" content=\"5 minutes\" \/>\n<!-- \/ Yoast SEO plugin. -->","yoast_head_json":{"title":"Legal notice and cookies policy - Policysense","robots":{"index":"index","follow":"follow","max-snippet":"max-snippet:-1","max-image-preview":"max-image-preview:large","max-video-preview":"max-video-preview:-1"},"canonical":"https:\/\/www.policysense.com\/en\/legal-notice-and-cookies-policy\/","og_locale":"en_US","og_type":"article","og_title":"Legal notice and cookies policy - Policysense","og_description":"Web manager: Antonella Burlando Bonino. Contact address: Av. Apoquindo #4499 11th floor, Santiago, Chile. Contact Email: aburlando@inmotion.cl Phone: +56 2 2431 6400 &nbsp; Tax Information: IN MOTION SERVICIOS S.A. RUT: 99.525.490-5 &nbsp; Terms and conditions of the website 1.- Previous Considerations These legal conditions regulate the permitted legal use of this website, for which IN [&hellip;]","og_url":"https:\/\/www.policysense.com\/en\/legal-notice-and-cookies-policy\/","og_site_name":"Policysense","article_publisher":"https:\/\/www.facebook.com\/grupoinmotionlat","article_modified_time":"2023-06-12T16:24:05+00:00","og_image":[{"width":1200,"height":675,"url":"https:\/\/www.policysense.com\/wp-content\/uploads\/2023\/03\/portada-policysense-.jpg","type":"image\/jpeg"}],"twitter_card":"summary_large_image","twitter_site":"@grupoinmotion_","twitter_misc":{"Est. reading time":"5 minutes"},"schema":{"@context":"https:\/\/schema.org","@graph":[{"@type":"WebPage","@id":"https:\/\/www.policysense.com\/en\/legal-notice-and-cookies-policy\/","url":"https:\/\/www.policysense.com\/en\/legal-notice-and-cookies-policy\/","name":"Legal notice and cookies policy - Policysense","isPartOf":{"@id":"https:\/\/www.policysense.com\/en\/#website"},"datePublished":"2023-06-12T16:23:17+00:00","dateModified":"2023-06-12T16:24:05+00:00","breadcrumb":{"@id":"https:\/\/www.policysense.com\/en\/legal-notice-and-cookies-policy\/#breadcrumb"},"inLanguage":"en-US","potentialAction":[{"@type":"ReadAction","target":["https:\/\/www.policysense.com\/en\/legal-notice-and-cookies-policy\/"]}]},{"@type":"BreadcrumbList","@id":"https:\/\/www.policysense.com\/en\/legal-notice-and-cookies-policy\/#breadcrumb","itemListElement":[{"@type":"ListItem","position":1,"name":"Portada","item":"https:\/\/www.policysense.com\/en\/"},{"@type":"ListItem","position":2,"name":"Legal notice and cookies policy"}]},{"@type":"WebSite","@id":"https:\/\/www.policysense.com\/en\/#website","url":"https:\/\/www.policysense.com\/en\/","name":"Policysense | Transformaci\u00f3n digital para compa\u00f1\u00edas de seguros","description":"Policysense transformaci\u00f3n digital para compa\u00f1\u00edas de seguros de pr\u00f3xima generaci\u00f3n, nativas en la nube, modulares, basadas en Low-Code y m\u00e1s","publisher":{"@id":"https:\/\/www.policysense.com\/en\/#organization"},"potentialAction":[{"@type":"SearchAction","target":{"@type":"EntryPoint","urlTemplate":"https:\/\/www.policysense.com\/en\/?s={search_term_string}"},"query-input":{"@type":"PropertyValueSpecification","valueRequired":true,"valueName":"search_term_string"}}],"inLanguage":"en-US"},{"@type":"Organization","@id":"https:\/\/www.policysense.com\/en\/#organization","name":"Policysense","url":"https:\/\/www.policysense.com\/en\/","logo":{"@type":"ImageObject","inLanguage":"en-US","@id":"https:\/\/www.policysense.com\/en\/#\/schema\/logo\/image\/","url":"https:\/\/www.policysense.com\/wp-content\/uploads\/2024\/03\/logo-policysense-oficial.png","contentUrl":"https:\/\/www.policysense.com\/wp-content\/uploads\/2024\/03\/logo-policysense-oficial.png","width":367,"height":60,"caption":"Policysense"},"image":{"@id":"https:\/\/www.policysense.com\/en\/#\/schema\/logo\/image\/"},"sameAs":["https:\/\/www.facebook.com\/grupoinmotionlat","https:\/\/x.com\/grupoinmotion_","https:\/\/www.linkedin.com\/company\/grupoinmotion\/","https:\/\/www.instagram.com\/grupoinmotion_\/"]}]}},"_links":{"self":[{"href":"https:\/\/www.policysense.com\/en\/wp-json\/wp\/v2\/pages\/1809","targetHints":{"allow":["GET"]}}],"collection":[{"href":"https:\/\/www.policysense.com\/en\/wp-json\/wp\/v2\/pages"}],"about":[{"href":"https:\/\/www.policysense.com\/en\/wp-json\/wp\/v2\/types\/page"}],"author":[{"embeddable":true,"href":"https:\/\/www.policysense.com\/en\/wp-json\/wp\/v2\/users\/1"}],"replies":[{"embeddable":true,"href":"https:\/\/www.policysense.com\/en\/wp-json\/wp\/v2\/comments?post=1809"}],"version-history":[{"count":2,"href":"https:\/\/www.policysense.com\/en\/wp-json\/wp\/v2\/pages\/1809\/revisions"}],"predecessor-version":[{"id":2616,"href":"https:\/\/www.policysense.com\/en\/wp-json\/wp\/v2\/pages\/1809\/revisions\/2616"}],"wp:attachment":[{"href":"https:\/\/www.policysense.com\/en\/wp-json\/wp\/v2\/media?parent=1809"}],"curies":[{"name":"wp","href":"https:\/\/api.w.org\/{rel}","templated":true}]}}