{"id":19,"date":"2023-01-23T19:57:34","date_gmt":"2023-01-23T19:57:34","guid":{"rendered":"https:\/\/policysense.com\/home\/"},"modified":"2025-09-04T18:44:10","modified_gmt":"2025-09-04T18:44:10","slug":"home","status":"publish","type":"page","link":"https:\/\/www.policysense.com\/en\/","title":{"rendered":"Home"},"content":{"rendered":"<h1><span style=\"color: #79c37e;\">Next generation solutions<\/span><br \/>\nfor insurance companies<\/h1>\n<p>100% digital, cloud native,<br \/>\nmodular, and low-code oriented to microservices<\/p>\n","protected":false},"excerpt":{"rendered":"<p>Next generation solutions for insurance companies 100% digital, cloud native, modular, and low-code oriented to microservices<\/p>\n","protected":false},"author":1,"featured_media":2071,"parent":0,"menu_order":0,"comment_status":"closed","ping_status":"closed","template":"","meta":{"inline_featured_image":false,"footnotes":""},"class_list":["post-19","page","type-page","status-publish","has-post-thumbnail","hentry"],"acf":[],"yoast_head":"<!-- This site is optimized with the Yoast SEO plugin v27.4 - https:\/\/yoast.com\/product\/yoast-seo-wordpress\/ -->\n<title>Policysense | Digital transformation for insurance companies<\/title>\n<meta name=\"description\" content=\"Policysense digital transformation for next generation insurance companies, cloud native, modular, low-code based and more\" \/>\n<meta name=\"robots\" content=\"index, follow, max-snippet:-1, max-image-preview:large, max-video-preview:-1\" \/>\n<link rel=\"canonical\" href=\"https:\/\/www.policysense.com\/en\/\" \/>\n<meta property=\"og:locale\" content=\"en_US\" \/>\n<meta property=\"og:type\" content=\"article\" \/>\n<meta property=\"og:title\" content=\"Policysense | Digital transformation for insurance companies\" \/>\n<meta property=\"og:description\" content=\"Policysense digital transformation for next generation insurance companies, cloud native, modular, low-code based and more\" \/>\n<meta property=\"og:url\" content=\"https:\/\/www.policysense.com\/en\/\" \/>\n<meta property=\"og:site_name\" content=\"Policysense\" \/>\n<meta property=\"article:publisher\" content=\"https:\/\/www.facebook.com\/grupoinmotionlat\" \/>\n<meta property=\"article:modified_time\" content=\"2025-09-04T18:44:10+00:00\" \/>\n<meta property=\"og:image\" content=\"https:\/\/www.policysense.com\/wp-content\/uploads\/2024\/01\/policysense-transformacion-digital-en-seguros-low-code-en-seguros-core-de-seguros-tecnologia-en-seguros-by-in-motion.jpg\" \/>\n\t<meta property=\"og:image:width\" content=\"770\" \/>\n\t<meta property=\"og:image:height\" content=\"420\" \/>\n\t<meta property=\"og:image:type\" content=\"image\/jpeg\" \/>\n<meta name=\"twitter:card\" content=\"summary_large_image\" \/>\n<meta name=\"twitter:site\" content=\"@grupoinmotion_\" \/>\n<meta name=\"twitter:label1\" content=\"Est. reading time\" \/>\n\t<meta name=\"twitter:data1\" content=\"14 minutes\" \/>\n<!-- \/ Yoast SEO plugin. -->","yoast_head_json":{"title":"Policysense | Digital transformation for insurance companies","description":"Policysense digital transformation for next generation insurance companies, cloud native, modular, low-code based and more","robots":{"index":"index","follow":"follow","max-snippet":"max-snippet:-1","max-image-preview":"max-image-preview:large","max-video-preview":"max-video-preview:-1"},"canonical":"https:\/\/www.policysense.com\/en\/","og_locale":"en_US","og_type":"article","og_title":"Policysense | Digital transformation for insurance companies","og_description":"Policysense digital transformation for next generation insurance companies, cloud native, modular, low-code based and more","og_url":"https:\/\/www.policysense.com\/en\/","og_site_name":"Policysense","article_publisher":"https:\/\/www.facebook.com\/grupoinmotionlat","article_modified_time":"2025-09-04T18:44:10+00:00","og_image":[{"width":770,"height":420,"url":"https:\/\/www.policysense.com\/wp-content\/uploads\/2024\/01\/policysense-transformacion-digital-en-seguros-low-code-en-seguros-core-de-seguros-tecnologia-en-seguros-by-in-motion.jpg","type":"image\/jpeg"}],"twitter_card":"summary_large_image","twitter_site":"@grupoinmotion_","twitter_misc":{"Est. reading time":"14 minutes"},"schema":{"@context":"https:\/\/schema.org","@graph":[{"@type":"WebPage","@id":"https:\/\/www.policysense.com\/en\/","url":"https:\/\/www.policysense.com\/en\/","name":"Policysense | Digital transformation for insurance companies","isPartOf":{"@id":"https:\/\/www.policysense.com\/en\/#website"},"primaryImageOfPage":{"@id":"https:\/\/www.policysense.com\/en\/#primaryimage"},"image":{"@id":"https:\/\/www.policysense.com\/en\/#primaryimage"},"thumbnailUrl":"https:\/\/www.policysense.com\/wp-content\/uploads\/2024\/01\/policysense-transformacion-digital-en-seguros-low-code-en-seguros-core-de-seguros-tecnologia-en-seguros-by-in-motion.jpg","datePublished":"2023-01-23T19:57:34+00:00","dateModified":"2025-09-04T18:44:10+00:00","description":"Policysense digital transformation for next generation insurance companies, cloud native, modular, low-code based and more","breadcrumb":{"@id":"https:\/\/www.policysense.com\/en\/#breadcrumb"},"inLanguage":"en-US","potentialAction":[{"@type":"ReadAction","target":["https:\/\/www.policysense.com\/en\/"]}]},{"@type":"ImageObject","inLanguage":"en-US","@id":"https:\/\/www.policysense.com\/en\/#primaryimage","url":"https:\/\/www.policysense.com\/wp-content\/uploads\/2024\/01\/policysense-transformacion-digital-en-seguros-low-code-en-seguros-core-de-seguros-tecnologia-en-seguros-by-in-motion.jpg","contentUrl":"https:\/\/www.policysense.com\/wp-content\/uploads\/2024\/01\/policysense-transformacion-digital-en-seguros-low-code-en-seguros-core-de-seguros-tecnologia-en-seguros-by-in-motion.jpg","width":770,"height":420,"caption":"policysense-transformacion-digital-en-seguros-low-code-en-seguros-core-de-seguros-tecnologia-en-seguros-by-in-motion"},{"@type":"BreadcrumbList","@id":"https:\/\/www.policysense.com\/en\/#breadcrumb","itemListElement":[{"@type":"ListItem","position":1,"name":"Portada","item":"https:\/\/www.policysense.com\/en\/"},{"@type":"ListItem","position":2,"name":"Home"}]},{"@type":"WebSite","@id":"https:\/\/www.policysense.com\/en\/#website","url":"https:\/\/www.policysense.com\/en\/","name":"Policysense | Transformaci\u00f3n digital para compa\u00f1\u00edas de seguros","description":"Policysense transformaci\u00f3n digital para compa\u00f1\u00edas de seguros de pr\u00f3xima generaci\u00f3n, nativas en la nube, modulares, basadas en Low-Code y m\u00e1s","publisher":{"@id":"https:\/\/www.policysense.com\/en\/#organization"},"potentialAction":[{"@type":"SearchAction","target":{"@type":"EntryPoint","urlTemplate":"https:\/\/www.policysense.com\/en\/?s={search_term_string}"},"query-input":{"@type":"PropertyValueSpecification","valueRequired":true,"valueName":"search_term_string"}}],"inLanguage":"en-US"},{"@type":"Organization","@id":"https:\/\/www.policysense.com\/en\/#organization","name":"Policysense","url":"https:\/\/www.policysense.com\/en\/","logo":{"@type":"ImageObject","inLanguage":"en-US","@id":"https:\/\/www.policysense.com\/en\/#\/schema\/logo\/image\/","url":"https:\/\/www.policysense.com\/wp-content\/uploads\/2024\/03\/logo-policysense-oficial.png","contentUrl":"https:\/\/www.policysense.com\/wp-content\/uploads\/2024\/03\/logo-policysense-oficial.png","width":367,"height":60,"caption":"Policysense"},"image":{"@id":"https:\/\/www.policysense.com\/en\/#\/schema\/logo\/image\/"},"sameAs":["https:\/\/www.facebook.com\/grupoinmotionlat","https:\/\/x.com\/grupoinmotion_","https:\/\/www.linkedin.com\/company\/grupoinmotion\/","https:\/\/www.instagram.com\/grupoinmotion_\/"]}]}},"_links":{"self":[{"href":"https:\/\/www.policysense.com\/en\/wp-json\/wp\/v2\/pages\/19","targetHints":{"allow":["GET"]}}],"collection":[{"href":"https:\/\/www.policysense.com\/en\/wp-json\/wp\/v2\/pages"}],"about":[{"href":"https:\/\/www.policysense.com\/en\/wp-json\/wp\/v2\/types\/page"}],"author":[{"embeddable":true,"href":"https:\/\/www.policysense.com\/en\/wp-json\/wp\/v2\/users\/1"}],"replies":[{"embeddable":true,"href":"https:\/\/www.policysense.com\/en\/wp-json\/wp\/v2\/comments?post=19"}],"version-history":[{"count":8,"href":"https:\/\/www.policysense.com\/en\/wp-json\/wp\/v2\/pages\/19\/revisions"}],"predecessor-version":[{"id":2613,"href":"https:\/\/www.policysense.com\/en\/wp-json\/wp\/v2\/pages\/19\/revisions\/2613"}],"wp:featuredmedia":[{"embeddable":true,"href":"https:\/\/www.policysense.com\/en\/wp-json\/wp\/v2\/media\/2071"}],"wp:attachment":[{"href":"https:\/\/www.policysense.com\/en\/wp-json\/wp\/v2\/media?parent=19"}],"curies":[{"name":"wp","href":"https:\/\/api.w.org\/{rel}","templated":true}]}}