{"id":1915,"date":"2023-03-07T20:16:58","date_gmt":"2023-03-07T20:16:58","guid":{"rendered":"https:\/\/policysense.com\/?page_id=1915"},"modified":"2023-06-13T20:56:22","modified_gmt":"2023-06-13T20:56:22","slug":"quality-policy","status":"publish","type":"page","link":"https:\/\/www.policysense.com\/en\/quality-policy\/","title":{"rendered":"Quality Policy"},"content":{"rendered":"<p><strong>QUALITY MANAGEMENT SYSTEM (QMS)<br \/>\n<\/strong><\/p>\n<p>In Motion Support has implemented a Quality Management System certified under the ISO 9001:2015 standard, which is in the process of continuous improvement, which allows us to measure the level of satisfaction of our clients and the effectiveness of our services.<\/p>\n<p>Registration Number (ISO 9001:2015): ER-0523\/2012.<\/p>\n<p>&nbsp;<\/p>\n<p><strong>QUALITY POLICY<\/strong><\/p>\n<p>\u201cAt In Motion we are committed to delivering services based on processes in constant review and improvement of their effectiveness. We ensure that they comply with the legal and functional requirements and with the commitments agreed with our clients and workers. We apply globally recognized practices for the administration of IT platforms\u201d.<\/p>\n<p>&nbsp;<\/p>\n<p><strong>QUALITY OBJECTIVE<\/strong><\/p>\n<p>The objectives are constituted in the concrete commitment that each of the members of the organization assumes to transform the strategic vision of our company into a fact.<\/p>\n<p>These objectives are:<\/p>\n<blockquote>\n<ul>\n<li>&#8220;Systematically improve the effectiveness of the processes of the Quality Management System&#8221;.<\/li>\n<li>&#8220;Apply globally recognized practices for the administration of IT platforms, also complying with current regulations.&#8221;<\/li>\n<li>All the organization&#8217;s quality objectives are measured, providing a consistent basis to ensure continuous improvement. The General Manager annually determines the goal that the indicators must reach to achieve, maintain and improve compliance with these objectives.<\/li>\n<\/ul>\n<\/blockquote>\n<p>&nbsp;<\/p>\n<p><img loading=\"lazy\" decoding=\"async\" class=\"alignnone size-medium wp-image-1303\" src=\"https:\/\/policysense.com\/wp-content\/uploads\/2023\/03\/Captura-de-Pantalla-2023-03-09-a-las-13.11.05-206x300.png\" alt=\"\" width=\"206\" height=\"300\" srcset=\"https:\/\/www.policysense.com\/wp-content\/uploads\/2023\/03\/Captura-de-Pantalla-2023-03-09-a-las-13.11.05-206x300.png 206w, https:\/\/www.policysense.com\/wp-content\/uploads\/2023\/03\/Captura-de-Pantalla-2023-03-09-a-las-13.11.05.png 335w\" sizes=\"auto, (max-width: 206px) 100vw, 206px\" \/><\/p>\n","protected":false},"excerpt":{"rendered":"<p>QUALITY MANAGEMENT SYSTEM (QMS) In Motion Support has implemented a Quality Management System certified under the ISO 9001:2015 standard, which is in the process of continuous improvement, which allows us to measure the level of satisfaction of our clients and the effectiveness of our services. Registration Number (ISO 9001:2015): ER-0523\/2012. &nbsp; QUALITY POLICY \u201cAt In [&hellip;]<\/p>\n","protected":false},"author":1,"featured_media":0,"parent":0,"menu_order":0,"comment_status":"closed","ping_status":"closed","template":"page-plantilla-terminos.php","meta":{"inline_featured_image":false,"footnotes":""},"class_list":["post-1915","page","type-page","status-publish","hentry"],"acf":[],"yoast_head":"<!-- This site is optimized with the Yoast SEO plugin v27.4 - https:\/\/yoast.com\/product\/yoast-seo-wordpress\/ -->\n<title>Quality policy | policysense.com<\/title>\n<meta name=\"description\" content=\"Learn about the quality policies of the Policysense suite\" \/>\n<meta name=\"robots\" content=\"index, follow, max-snippet:-1, max-image-preview:large, max-video-preview:-1\" \/>\n<link rel=\"canonical\" href=\"https:\/\/www.policysense.com\/en\/quality-policy\/\" \/>\n<meta property=\"og:locale\" content=\"en_US\" \/>\n<meta property=\"og:type\" content=\"article\" \/>\n<meta property=\"og:title\" content=\"Quality policy | policysense.com\" \/>\n<meta property=\"og:description\" content=\"Learn about the quality policies of the Policysense suite\" \/>\n<meta property=\"og:url\" content=\"https:\/\/www.policysense.com\/en\/quality-policy\/\" \/>\n<meta property=\"og:site_name\" content=\"Policysense\" \/>\n<meta property=\"article:publisher\" content=\"https:\/\/www.facebook.com\/grupoinmotionlat\" \/>\n<meta property=\"article:modified_time\" content=\"2023-06-13T20:56:22+00:00\" \/>\n<meta property=\"og:image\" content=\"https:\/\/policysense.com\/wp-content\/uploads\/2023\/03\/Captura-de-Pantalla-2023-03-09-a-las-13.11.05-206x300.png\" \/>\n<meta name=\"twitter:card\" content=\"summary_large_image\" \/>\n<meta name=\"twitter:site\" content=\"@grupoinmotion_\" \/>\n<meta name=\"twitter:label1\" content=\"Est. reading time\" \/>\n\t<meta name=\"twitter:data1\" content=\"2 minutes\" \/>\n<!-- \/ Yoast SEO plugin. -->","yoast_head_json":{"title":"Quality policy | policysense.com","description":"Learn about the quality policies of the Policysense suite","robots":{"index":"index","follow":"follow","max-snippet":"max-snippet:-1","max-image-preview":"max-image-preview:large","max-video-preview":"max-video-preview:-1"},"canonical":"https:\/\/www.policysense.com\/en\/quality-policy\/","og_locale":"en_US","og_type":"article","og_title":"Quality policy | policysense.com","og_description":"Learn about the quality policies of the Policysense suite","og_url":"https:\/\/www.policysense.com\/en\/quality-policy\/","og_site_name":"Policysense","article_publisher":"https:\/\/www.facebook.com\/grupoinmotionlat","article_modified_time":"2023-06-13T20:56:22+00:00","og_image":[{"url":"https:\/\/policysense.com\/wp-content\/uploads\/2023\/03\/Captura-de-Pantalla-2023-03-09-a-las-13.11.05-206x300.png","type":"","width":"","height":""}],"twitter_card":"summary_large_image","twitter_site":"@grupoinmotion_","twitter_misc":{"Est. reading time":"2 minutes"},"schema":{"@context":"https:\/\/schema.org","@graph":[{"@type":"WebPage","@id":"https:\/\/www.policysense.com\/en\/quality-policy\/","url":"https:\/\/www.policysense.com\/en\/quality-policy\/","name":"Quality policy | policysense.com","isPartOf":{"@id":"https:\/\/www.policysense.com\/en\/#website"},"primaryImageOfPage":{"@id":"https:\/\/www.policysense.com\/en\/quality-policy\/#primaryimage"},"image":{"@id":"https:\/\/www.policysense.com\/en\/quality-policy\/#primaryimage"},"thumbnailUrl":"https:\/\/policysense.com\/wp-content\/uploads\/2023\/03\/Captura-de-Pantalla-2023-03-09-a-las-13.11.05-206x300.png","datePublished":"2023-03-07T20:16:58+00:00","dateModified":"2023-06-13T20:56:22+00:00","description":"Learn about the quality policies of the Policysense suite","breadcrumb":{"@id":"https:\/\/www.policysense.com\/en\/quality-policy\/#breadcrumb"},"inLanguage":"en-US","potentialAction":[{"@type":"ReadAction","target":["https:\/\/www.policysense.com\/en\/quality-policy\/"]}]},{"@type":"ImageObject","inLanguage":"en-US","@id":"https:\/\/www.policysense.com\/en\/quality-policy\/#primaryimage","url":"https:\/\/policysense.com\/wp-content\/uploads\/2023\/03\/Captura-de-Pantalla-2023-03-09-a-las-13.11.05-206x300.png","contentUrl":"https:\/\/policysense.com\/wp-content\/uploads\/2023\/03\/Captura-de-Pantalla-2023-03-09-a-las-13.11.05-206x300.png"},{"@type":"BreadcrumbList","@id":"https:\/\/www.policysense.com\/en\/quality-policy\/#breadcrumb","itemListElement":[{"@type":"ListItem","position":1,"name":"Portada","item":"https:\/\/www.policysense.com\/en\/"},{"@type":"ListItem","position":2,"name":"Quality Policy"}]},{"@type":"WebSite","@id":"https:\/\/www.policysense.com\/en\/#website","url":"https:\/\/www.policysense.com\/en\/","name":"Policysense | Transformaci\u00f3n digital para compa\u00f1\u00edas de seguros","description":"Policysense transformaci\u00f3n digital para compa\u00f1\u00edas de seguros de pr\u00f3xima generaci\u00f3n, nativas en la nube, modulares, basadas en Low-Code y m\u00e1s","publisher":{"@id":"https:\/\/www.policysense.com\/en\/#organization"},"potentialAction":[{"@type":"SearchAction","target":{"@type":"EntryPoint","urlTemplate":"https:\/\/www.policysense.com\/en\/?s={search_term_string}"},"query-input":{"@type":"PropertyValueSpecification","valueRequired":true,"valueName":"search_term_string"}}],"inLanguage":"en-US"},{"@type":"Organization","@id":"https:\/\/www.policysense.com\/en\/#organization","name":"Policysense","url":"https:\/\/www.policysense.com\/en\/","logo":{"@type":"ImageObject","inLanguage":"en-US","@id":"https:\/\/www.policysense.com\/en\/#\/schema\/logo\/image\/","url":"https:\/\/www.policysense.com\/wp-content\/uploads\/2024\/03\/logo-policysense-oficial.png","contentUrl":"https:\/\/www.policysense.com\/wp-content\/uploads\/2024\/03\/logo-policysense-oficial.png","width":367,"height":60,"caption":"Policysense"},"image":{"@id":"https:\/\/www.policysense.com\/en\/#\/schema\/logo\/image\/"},"sameAs":["https:\/\/www.facebook.com\/grupoinmotionlat","https:\/\/x.com\/grupoinmotion_","https:\/\/www.linkedin.com\/company\/grupoinmotion\/","https:\/\/www.instagram.com\/grupoinmotion_\/"]}]}},"_links":{"self":[{"href":"https:\/\/www.policysense.com\/en\/wp-json\/wp\/v2\/pages\/1915","targetHints":{"allow":["GET"]}}],"collection":[{"href":"https:\/\/www.policysense.com\/en\/wp-json\/wp\/v2\/pages"}],"about":[{"href":"https:\/\/www.policysense.com\/en\/wp-json\/wp\/v2\/types\/page"}],"author":[{"embeddable":true,"href":"https:\/\/www.policysense.com\/en\/wp-json\/wp\/v2\/users\/1"}],"replies":[{"embeddable":true,"href":"https:\/\/www.policysense.com\/en\/wp-json\/wp\/v2\/comments?post=1915"}],"version-history":[{"count":1,"href":"https:\/\/www.policysense.com\/en\/wp-json\/wp\/v2\/pages\/1915\/revisions"}],"predecessor-version":[{"id":1916,"href":"https:\/\/www.policysense.com\/en\/wp-json\/wp\/v2\/pages\/1915\/revisions\/1916"}],"wp:attachment":[{"href":"https:\/\/www.policysense.com\/en\/wp-json\/wp\/v2\/media?parent=1915"}],"curies":[{"name":"wp","href":"https:\/\/api.w.org\/{rel}","templated":true}]}}