{"id":1923,"date":"2023-03-07T20:27:57","date_gmt":"2023-03-07T20:27:57","guid":{"rendered":"https:\/\/policysense.com\/?page_id=1923"},"modified":"2023-06-12T20:00:59","modified_gmt":"2023-06-12T20:00:59","slug":"management-system-policy","status":"publish","type":"page","link":"https:\/\/www.policysense.com\/en\/management-system-policy\/","title":{"rendered":"Management System Policy"},"content":{"rendered":"<p><b>SERVICE MANAGEMENT SYSTEM (SGS)<\/b><\/p>\n<p><span style=\"font-weight: 400;\">In Motion Support has implemented a Service Management System certified under the ISO 20000-1:2018 standard, which is constantly improving, allowing us to measure the level of satisfaction of our clients and the effectiveness of our services.<\/span><\/p>\n<p><span style=\"font-weight: 400;\">Registration Number (ISO 20000-1:2018): STI-0013\/2012.<\/span><\/p>\n<p><b>\u00a0<\/b><\/p>\n<p><b>SCOPE OF THE SERVICE MANAGEMENT SYSTEM<\/b><\/p>\n<p><span style=\"font-weight: 400;\">&#8220;The Service Management System that supports the provision of technological Services for: Support of technological platforms and applications, defined in the current service catalogue, which ensure the continuity of the client&#8217;s business processes.&#8221;<\/span><\/p>\n<p><b>\u00a0<\/b><\/p>\n<p><b>SERVICES POLICY<\/b><\/p>\n<p><span style=\"font-weight: 400;\">&#8220;The Organization provides support and management services for IT platforms, which contribute to the availability and continuity of the platforms associated with the business processes of its clients, through the application of systematic practices in continuous evaluation and improvement, with the support of a team of certified professionals in continuous training.<\/span><\/p>\n<p><span style=\"font-weight: 400;\">For this, the Organization undertakes to ensure the proper management of services and to obtain customer satisfaction by meeting their requirements in accordance with the objectives that we have set ourselves.<\/span><\/p>\n<p><span style=\"font-weight: 400;\">\u00a0<\/span><\/p>\n<p><b>OBJECTIVES OF SERVICES:<\/b><\/p>\n<ul>\n<li style=\"font-weight: 400;\" aria-level=\"1\"><span style=\"font-weight: 400;\">Ensure that the services that are delivered comply with the Service Level Agreements committed with the interested parties.<\/span><\/li>\n<li style=\"font-weight: 400;\" aria-level=\"1\"><span style=\"font-weight: 400;\">Maintain a team of professionals trained and certified in managed platforms.<\/span><\/li>\n<li style=\"font-weight: 400;\" aria-level=\"1\"><span style=\"font-weight: 400;\">Improve the effectiveness and efficiency of internal processes for the provision of services.<\/span><\/li>\n<\/ul>\n<p>&nbsp;<\/p>\n<p><img loading=\"lazy\" decoding=\"async\" class=\"alignnone size-medium wp-image-1307\" src=\"https:\/\/policysense.com\/wp-content\/uploads\/2023\/03\/Captura-de-Pantalla-2023-03-09-a-las-13.15.27-208x300.png\" alt=\"\" width=\"208\" height=\"300\" srcset=\"https:\/\/www.policysense.com\/wp-content\/uploads\/2023\/03\/Captura-de-Pantalla-2023-03-09-a-las-13.15.27-208x300.png 208w, https:\/\/www.policysense.com\/wp-content\/uploads\/2023\/03\/Captura-de-Pantalla-2023-03-09-a-las-13.15.27.png 380w\" sizes=\"auto, (max-width: 208px) 100vw, 208px\" \/><\/p>\n","protected":false},"excerpt":{"rendered":"<p>SERVICE MANAGEMENT SYSTEM (SGS) In Motion Support has implemented a Service Management System certified under the ISO 20000-1:2018 standard, which is constantly improving, allowing us to measure the level of satisfaction of our clients and the effectiveness of our services. Registration Number (ISO 20000-1:2018): STI-0013\/2012. \u00a0 SCOPE OF THE SERVICE MANAGEMENT SYSTEM &#8220;The Service Management [&hellip;]<\/p>\n","protected":false},"author":1,"featured_media":0,"parent":0,"menu_order":0,"comment_status":"closed","ping_status":"closed","template":"page-plantilla-terminos.php","meta":{"inline_featured_image":false,"footnotes":""},"class_list":["post-1923","page","type-page","status-publish","hentry"],"acf":[],"yoast_head":"<!-- This site is optimized with the Yoast SEO plugin v27.6 - https:\/\/yoast.com\/product\/yoast-seo-wordpress\/ -->\n<title>Management System Policy - Policysense<\/title>\n<meta name=\"robots\" content=\"index, follow, max-snippet:-1, max-image-preview:large, max-video-preview:-1\" \/>\n<link rel=\"canonical\" href=\"https:\/\/www.policysense.com\/en\/management-system-policy\/\" \/>\n<meta property=\"og:locale\" content=\"en_US\" \/>\n<meta property=\"og:type\" content=\"article\" \/>\n<meta property=\"og:title\" content=\"Management System Policy - Policysense\" \/>\n<meta property=\"og:description\" content=\"SERVICE MANAGEMENT SYSTEM (SGS) In Motion Support has implemented a Service Management System certified under the ISO 20000-1:2018 standard, which is constantly improving, allowing us to measure the level of satisfaction of our clients and the effectiveness of our services. Registration Number (ISO 20000-1:2018): STI-0013\/2012. \u00a0 SCOPE OF THE SERVICE MANAGEMENT SYSTEM &#8220;The Service Management [&hellip;]\" \/>\n<meta property=\"og:url\" content=\"https:\/\/www.policysense.com\/en\/management-system-policy\/\" \/>\n<meta property=\"og:site_name\" content=\"Policysense\" \/>\n<meta property=\"article:publisher\" content=\"https:\/\/www.facebook.com\/grupoinmotionlat\" \/>\n<meta property=\"article:modified_time\" content=\"2023-06-12T20:00:59+00:00\" \/>\n<meta property=\"og:image\" content=\"https:\/\/policysense.com\/wp-content\/uploads\/2023\/03\/Captura-de-Pantalla-2023-03-09-a-las-13.15.27-208x300.png\" \/>\n<meta name=\"twitter:card\" content=\"summary_large_image\" \/>\n<meta name=\"twitter:site\" content=\"@grupoinmotion_\" \/>\n<meta name=\"twitter:label1\" content=\"Est. reading time\" \/>\n\t<meta name=\"twitter:data1\" content=\"2 minutes\" \/>\n<!-- \/ Yoast SEO plugin. -->","yoast_head_json":{"title":"Management System Policy - Policysense","robots":{"index":"index","follow":"follow","max-snippet":"max-snippet:-1","max-image-preview":"max-image-preview:large","max-video-preview":"max-video-preview:-1"},"canonical":"https:\/\/www.policysense.com\/en\/management-system-policy\/","og_locale":"en_US","og_type":"article","og_title":"Management System Policy - Policysense","og_description":"SERVICE MANAGEMENT SYSTEM (SGS) In Motion Support has implemented a Service Management System certified under the ISO 20000-1:2018 standard, which is constantly improving, allowing us to measure the level of satisfaction of our clients and the effectiveness of our services. Registration Number (ISO 20000-1:2018): STI-0013\/2012. \u00a0 SCOPE OF THE SERVICE MANAGEMENT SYSTEM &#8220;The Service Management [&hellip;]","og_url":"https:\/\/www.policysense.com\/en\/management-system-policy\/","og_site_name":"Policysense","article_publisher":"https:\/\/www.facebook.com\/grupoinmotionlat","article_modified_time":"2023-06-12T20:00:59+00:00","og_image":[{"url":"https:\/\/policysense.com\/wp-content\/uploads\/2023\/03\/Captura-de-Pantalla-2023-03-09-a-las-13.15.27-208x300.png","type":"","width":"","height":""}],"twitter_card":"summary_large_image","twitter_site":"@grupoinmotion_","twitter_misc":{"Est. reading time":"2 minutes"},"schema":{"@context":"https:\/\/schema.org","@graph":[{"@type":"WebPage","@id":"https:\/\/www.policysense.com\/en\/management-system-policy\/","url":"https:\/\/www.policysense.com\/en\/management-system-policy\/","name":"Management System Policy - Policysense","isPartOf":{"@id":"https:\/\/www.policysense.com\/en\/#website"},"primaryImageOfPage":{"@id":"https:\/\/www.policysense.com\/en\/management-system-policy\/#primaryimage"},"image":{"@id":"https:\/\/www.policysense.com\/en\/management-system-policy\/#primaryimage"},"thumbnailUrl":"https:\/\/policysense.com\/wp-content\/uploads\/2023\/03\/Captura-de-Pantalla-2023-03-09-a-las-13.15.27-208x300.png","datePublished":"2023-03-07T20:27:57+00:00","dateModified":"2023-06-12T20:00:59+00:00","breadcrumb":{"@id":"https:\/\/www.policysense.com\/en\/management-system-policy\/#breadcrumb"},"inLanguage":"en-US","potentialAction":[{"@type":"ReadAction","target":["https:\/\/www.policysense.com\/en\/management-system-policy\/"]}]},{"@type":"ImageObject","inLanguage":"en-US","@id":"https:\/\/www.policysense.com\/en\/management-system-policy\/#primaryimage","url":"https:\/\/policysense.com\/wp-content\/uploads\/2023\/03\/Captura-de-Pantalla-2023-03-09-a-las-13.15.27-208x300.png","contentUrl":"https:\/\/policysense.com\/wp-content\/uploads\/2023\/03\/Captura-de-Pantalla-2023-03-09-a-las-13.15.27-208x300.png"},{"@type":"BreadcrumbList","@id":"https:\/\/www.policysense.com\/en\/management-system-policy\/#breadcrumb","itemListElement":[{"@type":"ListItem","position":1,"name":"Portada","item":"https:\/\/www.policysense.com\/en\/"},{"@type":"ListItem","position":2,"name":"Management System Policy"}]},{"@type":"WebSite","@id":"https:\/\/www.policysense.com\/en\/#website","url":"https:\/\/www.policysense.com\/en\/","name":"Policysense | Transformaci\u00f3n digital para compa\u00f1\u00edas de seguros","description":"Policysense transformaci\u00f3n digital para compa\u00f1\u00edas de seguros de pr\u00f3xima generaci\u00f3n, nativas en la nube, modulares, basadas en Low-Code y m\u00e1s","publisher":{"@id":"https:\/\/www.policysense.com\/en\/#organization"},"potentialAction":[{"@type":"SearchAction","target":{"@type":"EntryPoint","urlTemplate":"https:\/\/www.policysense.com\/en\/?s={search_term_string}"},"query-input":{"@type":"PropertyValueSpecification","valueRequired":true,"valueName":"search_term_string"}}],"inLanguage":"en-US"},{"@type":"Organization","@id":"https:\/\/www.policysense.com\/en\/#organization","name":"Policysense","url":"https:\/\/www.policysense.com\/en\/","logo":{"@type":"ImageObject","inLanguage":"en-US","@id":"https:\/\/www.policysense.com\/en\/#\/schema\/logo\/image\/","url":"https:\/\/www.policysense.com\/wp-content\/uploads\/2024\/03\/logo-policysense-oficial.png","contentUrl":"https:\/\/www.policysense.com\/wp-content\/uploads\/2024\/03\/logo-policysense-oficial.png","width":367,"height":60,"caption":"Policysense"},"image":{"@id":"https:\/\/www.policysense.com\/en\/#\/schema\/logo\/image\/"},"sameAs":["https:\/\/www.facebook.com\/grupoinmotionlat","https:\/\/x.com\/grupoinmotion_","https:\/\/www.linkedin.com\/company\/grupoinmotion\/","https:\/\/www.instagram.com\/grupoinmotion_\/"]}]}},"_links":{"self":[{"href":"https:\/\/www.policysense.com\/en\/wp-json\/wp\/v2\/pages\/1923","targetHints":{"allow":["GET"]}}],"collection":[{"href":"https:\/\/www.policysense.com\/en\/wp-json\/wp\/v2\/pages"}],"about":[{"href":"https:\/\/www.policysense.com\/en\/wp-json\/wp\/v2\/types\/page"}],"author":[{"embeddable":true,"href":"https:\/\/www.policysense.com\/en\/wp-json\/wp\/v2\/users\/1"}],"replies":[{"embeddable":true,"href":"https:\/\/www.policysense.com\/en\/wp-json\/wp\/v2\/comments?post=1923"}],"version-history":[{"count":1,"href":"https:\/\/www.policysense.com\/en\/wp-json\/wp\/v2\/pages\/1923\/revisions"}],"predecessor-version":[{"id":1924,"href":"https:\/\/www.policysense.com\/en\/wp-json\/wp\/v2\/pages\/1923\/revisions\/1924"}],"wp:attachment":[{"href":"https:\/\/www.policysense.com\/en\/wp-json\/wp\/v2\/media?parent=1923"}],"curies":[{"name":"wp","href":"https:\/\/api.w.org\/{rel}","templated":true}]}}