{"id":2238,"date":"2025-02-04T20:49:23","date_gmt":"2025-02-04T20:49:23","guid":{"rendered":"https:\/\/www.policysense.com\/?page_id=2238"},"modified":"2025-10-23T13:28:56","modified_gmt":"2025-10-23T13:28:56","slug":"policysense-reinsurance-and-coinsurance","status":"publish","type":"page","link":"https:\/\/www.policysense.com\/en\/the-suite\/policysense-reinsurance-and-coinsurance\/","title":{"rendered":"Policysense Coinsurance and Reinsurance"},"content":{"rendered":"<h2>What is Policysense Reinsurance for?<\/h2>\n<p>Policysense Reinsurance enables you to manage reinsurance &amp; coinsurance processes, ensuring greater productivity and precision in risk placement, with functionalities based on industry best practices.<\/p>\n","protected":false},"excerpt":{"rendered":"<p>What is Policysense Reinsurance for? Policysense Reinsurance enables you to manage reinsurance &amp; coinsurance processes, ensuring greater productivity and precision in risk placement, with functionalities based on industry best practices.<\/p>\n","protected":false},"author":4,"featured_media":2381,"parent":64,"menu_order":0,"comment_status":"closed","ping_status":"closed","template":"page-reaseguro.php","meta":{"inline_featured_image":false,"footnotes":""},"class_list":["post-2238","page","type-page","status-publish","has-post-thumbnail","hentry"],"acf":[],"yoast_head":"<!-- This site is optimized with the Yoast SEO plugin v27.6 - https:\/\/yoast.com\/product\/yoast-seo-wordpress\/ -->\n<title>Reinsurance | IT solutions for insurance | Policysense<\/title>\n<meta name=\"description\" content=\"Policysense Reinsurance it is a powerful solution that is designed to control,Optimize and digitalize all risks from any insurance company\" \/>\n<meta name=\"robots\" content=\"index, follow, max-snippet:-1, max-image-preview:large, max-video-preview:-1\" \/>\n<link rel=\"canonical\" href=\"https:\/\/www.policysense.com\/en\/the-suite\/policysense-reinsurance-and-coinsurance\/\" \/>\n<meta property=\"og:locale\" content=\"en_US\" \/>\n<meta property=\"og:type\" content=\"article\" \/>\n<meta property=\"og:title\" content=\"Reinsurance | IT solutions for insurance | Policysense\" \/>\n<meta property=\"og:description\" content=\"Policysense Reinsurance it is a powerful solution that is designed to control,Optimize and digitalize all risks from any insurance company\" \/>\n<meta property=\"og:url\" content=\"https:\/\/www.policysense.com\/en\/the-suite\/policysense-reinsurance-and-coinsurance\/\" \/>\n<meta property=\"og:site_name\" content=\"Policysense\" \/>\n<meta property=\"article:publisher\" content=\"https:\/\/www.facebook.com\/grupoinmotionlat\" \/>\n<meta property=\"article:modified_time\" content=\"2025-10-23T13:28:56+00:00\" \/>\n<meta property=\"og:image\" content=\"https:\/\/www.policysense.com\/wp-content\/uploads\/2025\/02\/header-policysense-reaseguro-coaseguros-1.jpg\" \/>\n\t<meta property=\"og:image:width\" content=\"800\" \/>\n\t<meta property=\"og:image:height\" content=\"500\" \/>\n\t<meta property=\"og:image:type\" content=\"image\/jpeg\" \/>\n<meta name=\"twitter:card\" content=\"summary_large_image\" \/>\n<meta name=\"twitter:site\" content=\"@grupoinmotion_\" \/>\n<meta name=\"twitter:label1\" content=\"Est. reading time\" \/>\n\t<meta name=\"twitter:data1\" content=\"9 minutes\" \/>\n<!-- \/ Yoast SEO plugin. -->","yoast_head_json":{"title":"Reinsurance | IT solutions for insurance | Policysense","description":"Policysense Reinsurance it is a powerful solution that is designed to control,Optimize and digitalize all risks from any insurance company","robots":{"index":"index","follow":"follow","max-snippet":"max-snippet:-1","max-image-preview":"max-image-preview:large","max-video-preview":"max-video-preview:-1"},"canonical":"https:\/\/www.policysense.com\/en\/the-suite\/policysense-reinsurance-and-coinsurance\/","og_locale":"en_US","og_type":"article","og_title":"Reinsurance | IT solutions for insurance | Policysense","og_description":"Policysense Reinsurance it is a powerful solution that is designed to control,Optimize and digitalize all risks from any insurance company","og_url":"https:\/\/www.policysense.com\/en\/the-suite\/policysense-reinsurance-and-coinsurance\/","og_site_name":"Policysense","article_publisher":"https:\/\/www.facebook.com\/grupoinmotionlat","article_modified_time":"2025-10-23T13:28:56+00:00","og_image":[{"width":800,"height":500,"url":"https:\/\/www.policysense.com\/wp-content\/uploads\/2025\/02\/header-policysense-reaseguro-coaseguros-1.jpg","type":"image\/jpeg"}],"twitter_card":"summary_large_image","twitter_site":"@grupoinmotion_","twitter_misc":{"Est. reading time":"9 minutes"},"schema":{"@context":"https:\/\/schema.org","@graph":[{"@type":"WebPage","@id":"https:\/\/www.policysense.com\/en\/the-suite\/policysense-reinsurance-and-coinsurance\/","url":"https:\/\/www.policysense.com\/en\/the-suite\/policysense-reinsurance-and-coinsurance\/","name":"Reinsurance | IT solutions for insurance | Policysense","isPartOf":{"@id":"https:\/\/www.policysense.com\/en\/#website"},"primaryImageOfPage":{"@id":"https:\/\/www.policysense.com\/en\/the-suite\/policysense-reinsurance-and-coinsurance\/#primaryimage"},"image":{"@id":"https:\/\/www.policysense.com\/en\/the-suite\/policysense-reinsurance-and-coinsurance\/#primaryimage"},"thumbnailUrl":"https:\/\/www.policysense.com\/wp-content\/uploads\/2025\/02\/header-policysense-reaseguro-coaseguros-1.jpg","datePublished":"2025-02-04T20:49:23+00:00","dateModified":"2025-10-23T13:28:56+00:00","description":"Policysense Reinsurance it is a powerful solution that is designed to control,Optimize and digitalize all risks from any insurance company","breadcrumb":{"@id":"https:\/\/www.policysense.com\/en\/the-suite\/policysense-reinsurance-and-coinsurance\/#breadcrumb"},"inLanguage":"en-US","potentialAction":[{"@type":"ReadAction","target":["https:\/\/www.policysense.com\/en\/the-suite\/policysense-reinsurance-and-coinsurance\/"]}]},{"@type":"ImageObject","inLanguage":"en-US","@id":"https:\/\/www.policysense.com\/en\/the-suite\/policysense-reinsurance-and-coinsurance\/#primaryimage","url":"https:\/\/www.policysense.com\/wp-content\/uploads\/2025\/02\/header-policysense-reaseguro-coaseguros-1.jpg","contentUrl":"https:\/\/www.policysense.com\/wp-content\/uploads\/2025\/02\/header-policysense-reaseguro-coaseguros-1.jpg","width":800,"height":500,"caption":"header-policysense-coaseguro-reaseguro-cosseguro-resseguro-coinsurance-reinsurance"},{"@type":"BreadcrumbList","@id":"https:\/\/www.policysense.com\/en\/the-suite\/policysense-reinsurance-and-coinsurance\/#breadcrumb","itemListElement":[{"@type":"ListItem","position":1,"name":"Portada","item":"https:\/\/www.policysense.com\/en\/"},{"@type":"ListItem","position":2,"name":"The Suite","item":"https:\/\/www.policysense.com\/en\/la-suite\/"},{"@type":"ListItem","position":3,"name":"Policysense Coinsurance and Reinsurance"}]},{"@type":"WebSite","@id":"https:\/\/www.policysense.com\/en\/#website","url":"https:\/\/www.policysense.com\/en\/","name":"Policysense | Transformaci\u00f3n digital para compa\u00f1\u00edas de seguros","description":"Policysense transformaci\u00f3n digital para compa\u00f1\u00edas de seguros de pr\u00f3xima generaci\u00f3n, nativas en la nube, modulares, basadas en Low-Code y m\u00e1s","publisher":{"@id":"https:\/\/www.policysense.com\/en\/#organization"},"potentialAction":[{"@type":"SearchAction","target":{"@type":"EntryPoint","urlTemplate":"https:\/\/www.policysense.com\/en\/?s={search_term_string}"},"query-input":{"@type":"PropertyValueSpecification","valueRequired":true,"valueName":"search_term_string"}}],"inLanguage":"en-US"},{"@type":"Organization","@id":"https:\/\/www.policysense.com\/en\/#organization","name":"Policysense","url":"https:\/\/www.policysense.com\/en\/","logo":{"@type":"ImageObject","inLanguage":"en-US","@id":"https:\/\/www.policysense.com\/en\/#\/schema\/logo\/image\/","url":"https:\/\/www.policysense.com\/wp-content\/uploads\/2024\/03\/logo-policysense-oficial.png","contentUrl":"https:\/\/www.policysense.com\/wp-content\/uploads\/2024\/03\/logo-policysense-oficial.png","width":367,"height":60,"caption":"Policysense"},"image":{"@id":"https:\/\/www.policysense.com\/en\/#\/schema\/logo\/image\/"},"sameAs":["https:\/\/www.facebook.com\/grupoinmotionlat","https:\/\/x.com\/grupoinmotion_","https:\/\/www.linkedin.com\/company\/grupoinmotion\/","https:\/\/www.instagram.com\/grupoinmotion_\/"]}]}},"_links":{"self":[{"href":"https:\/\/www.policysense.com\/en\/wp-json\/wp\/v2\/pages\/2238","targetHints":{"allow":["GET"]}}],"collection":[{"href":"https:\/\/www.policysense.com\/en\/wp-json\/wp\/v2\/pages"}],"about":[{"href":"https:\/\/www.policysense.com\/en\/wp-json\/wp\/v2\/types\/page"}],"author":[{"embeddable":true,"href":"https:\/\/www.policysense.com\/en\/wp-json\/wp\/v2\/users\/4"}],"replies":[{"embeddable":true,"href":"https:\/\/www.policysense.com\/en\/wp-json\/wp\/v2\/comments?post=2238"}],"version-history":[{"count":16,"href":"https:\/\/www.policysense.com\/en\/wp-json\/wp\/v2\/pages\/2238\/revisions"}],"predecessor-version":[{"id":2624,"href":"https:\/\/www.policysense.com\/en\/wp-json\/wp\/v2\/pages\/2238\/revisions\/2624"}],"up":[{"embeddable":true,"href":"https:\/\/www.policysense.com\/en\/wp-json\/wp\/v2\/pages\/64"}],"wp:featuredmedia":[{"embeddable":true,"href":"https:\/\/www.policysense.com\/en\/wp-json\/wp\/v2\/media\/2381"}],"wp:attachment":[{"href":"https:\/\/www.policysense.com\/en\/wp-json\/wp\/v2\/media?parent=2238"}],"curies":[{"name":"wp","href":"https:\/\/api.w.org\/{rel}","templated":true}]}}