{"id":396,"date":"2023-02-15T15:22:08","date_gmt":"2023-02-15T15:22:08","guid":{"rendered":"https:\/\/policysense.com\/about-us\/"},"modified":"2025-07-03T19:53:23","modified_gmt":"2025-07-03T19:53:23","slug":"about-us","status":"publish","type":"page","link":"https:\/\/www.policysense.com\/en\/about-us\/","title":{"rendered":"About Us"},"content":{"rendered":"<h1>We are In Motion<\/h1>\n<p>Policysense is a solution powered by In Motion. A company with more than 30 years implementing core insurance systems in more than 20 countries and together with our <strong>I+D<\/strong> team, we are your ally in digital transformation for the insurance industry.<\/p>\n","protected":false},"excerpt":{"rendered":"<p>We are In Motion Policysense is a solution powered by In Motion. A company with more than 30 years implementing core insurance systems in more than 20 countries and together with our I+D team, we are your ally in digital transformation for the insurance industry.<\/p>\n","protected":false},"author":1,"featured_media":796,"parent":0,"menu_order":0,"comment_status":"closed","ping_status":"closed","template":"page-sobre-nosotros.php","meta":{"inline_featured_image":false,"footnotes":""},"class_list":["post-396","page","type-page","status-publish","has-post-thumbnail","hentry"],"acf":[],"yoast_head":"<!-- This site is optimized with the Yoast SEO plugin v27.6 - https:\/\/yoast.com\/product\/yoast-seo-wordpress\/ -->\n<title>About Policysense | An In Motion Solution | Policysense.com<\/title>\n<meta name=\"description\" content=\"Policysense is an In Motion solution that has been implementing core insurance systems in more than 20 countries for over 30 years.\" \/>\n<meta name=\"robots\" content=\"index, follow, max-snippet:-1, max-image-preview:large, max-video-preview:-1\" \/>\n<link rel=\"canonical\" href=\"https:\/\/www.policysense.com\/en\/about-us\/\" \/>\n<meta property=\"og:locale\" content=\"en_US\" \/>\n<meta property=\"og:type\" content=\"article\" \/>\n<meta property=\"og:title\" content=\"About Policysense | An In Motion Solution | Policysense.com\" \/>\n<meta property=\"og:description\" content=\"Policysense is an In Motion solution that has been implementing core insurance systems in more than 20 countries for over 30 years.\" \/>\n<meta property=\"og:url\" content=\"https:\/\/www.policysense.com\/en\/about-us\/\" \/>\n<meta property=\"og:site_name\" content=\"Policysense\" \/>\n<meta property=\"article:publisher\" content=\"https:\/\/www.facebook.com\/grupoinmotionlat\" \/>\n<meta property=\"article:modified_time\" content=\"2025-07-03T19:53:23+00:00\" \/>\n<meta property=\"og:image\" content=\"https:\/\/www.policysense.com\/wp-content\/uploads\/2023\/02\/inmotion.png\" \/>\n\t<meta property=\"og:image:width\" content=\"645\" \/>\n\t<meta property=\"og:image:height\" content=\"430\" \/>\n\t<meta property=\"og:image:type\" content=\"image\/png\" \/>\n<meta name=\"twitter:card\" content=\"summary_large_image\" \/>\n<meta name=\"twitter:site\" content=\"@grupoinmotion_\" \/>\n<meta name=\"twitter:label1\" content=\"Est. reading time\" \/>\n\t<meta name=\"twitter:data1\" content=\"3 minutes\" \/>\n<!-- \/ Yoast SEO plugin. -->","yoast_head_json":{"title":"About Policysense | An In Motion Solution | Policysense.com","description":"Policysense is an In Motion solution that has been implementing core insurance systems in more than 20 countries for over 30 years.","robots":{"index":"index","follow":"follow","max-snippet":"max-snippet:-1","max-image-preview":"max-image-preview:large","max-video-preview":"max-video-preview:-1"},"canonical":"https:\/\/www.policysense.com\/en\/about-us\/","og_locale":"en_US","og_type":"article","og_title":"About Policysense | An In Motion Solution | Policysense.com","og_description":"Policysense is an In Motion solution that has been implementing core insurance systems in more than 20 countries for over 30 years.","og_url":"https:\/\/www.policysense.com\/en\/about-us\/","og_site_name":"Policysense","article_publisher":"https:\/\/www.facebook.com\/grupoinmotionlat","article_modified_time":"2025-07-03T19:53:23+00:00","og_image":[{"width":645,"height":430,"url":"https:\/\/www.policysense.com\/wp-content\/uploads\/2023\/02\/inmotion.png","type":"image\/png"}],"twitter_card":"summary_large_image","twitter_site":"@grupoinmotion_","twitter_misc":{"Est. reading time":"3 minutes"},"schema":{"@context":"https:\/\/schema.org","@graph":[{"@type":"WebPage","@id":"https:\/\/www.policysense.com\/en\/about-us\/","url":"https:\/\/www.policysense.com\/en\/about-us\/","name":"About Policysense | An In Motion Solution | Policysense.com","isPartOf":{"@id":"https:\/\/www.policysense.com\/en\/#website"},"primaryImageOfPage":{"@id":"https:\/\/www.policysense.com\/en\/about-us\/#primaryimage"},"image":{"@id":"https:\/\/www.policysense.com\/en\/about-us\/#primaryimage"},"thumbnailUrl":"https:\/\/www.policysense.com\/wp-content\/uploads\/2023\/02\/inmotion.png","datePublished":"2023-02-15T15:22:08+00:00","dateModified":"2025-07-03T19:53:23+00:00","description":"Policysense is an In Motion solution that has been implementing core insurance systems in more than 20 countries for over 30 years.","breadcrumb":{"@id":"https:\/\/www.policysense.com\/en\/about-us\/#breadcrumb"},"inLanguage":"en-US","potentialAction":[{"@type":"ReadAction","target":["https:\/\/www.policysense.com\/en\/about-us\/"]}]},{"@type":"ImageObject","inLanguage":"en-US","@id":"https:\/\/www.policysense.com\/en\/about-us\/#primaryimage","url":"https:\/\/www.policysense.com\/wp-content\/uploads\/2023\/02\/inmotion.png","contentUrl":"https:\/\/www.policysense.com\/wp-content\/uploads\/2023\/02\/inmotion.png","width":645,"height":430},{"@type":"BreadcrumbList","@id":"https:\/\/www.policysense.com\/en\/about-us\/#breadcrumb","itemListElement":[{"@type":"ListItem","position":1,"name":"Portada","item":"https:\/\/www.policysense.com\/en\/"},{"@type":"ListItem","position":2,"name":"About Us"}]},{"@type":"WebSite","@id":"https:\/\/www.policysense.com\/en\/#website","url":"https:\/\/www.policysense.com\/en\/","name":"Policysense | Transformaci\u00f3n digital para compa\u00f1\u00edas de seguros","description":"Policysense transformaci\u00f3n digital para compa\u00f1\u00edas de seguros de pr\u00f3xima generaci\u00f3n, nativas en la nube, modulares, basadas en Low-Code y m\u00e1s","publisher":{"@id":"https:\/\/www.policysense.com\/en\/#organization"},"potentialAction":[{"@type":"SearchAction","target":{"@type":"EntryPoint","urlTemplate":"https:\/\/www.policysense.com\/en\/?s={search_term_string}"},"query-input":{"@type":"PropertyValueSpecification","valueRequired":true,"valueName":"search_term_string"}}],"inLanguage":"en-US"},{"@type":"Organization","@id":"https:\/\/www.policysense.com\/en\/#organization","name":"Policysense","url":"https:\/\/www.policysense.com\/en\/","logo":{"@type":"ImageObject","inLanguage":"en-US","@id":"https:\/\/www.policysense.com\/en\/#\/schema\/logo\/image\/","url":"https:\/\/www.policysense.com\/wp-content\/uploads\/2024\/03\/logo-policysense-oficial.png","contentUrl":"https:\/\/www.policysense.com\/wp-content\/uploads\/2024\/03\/logo-policysense-oficial.png","width":367,"height":60,"caption":"Policysense"},"image":{"@id":"https:\/\/www.policysense.com\/en\/#\/schema\/logo\/image\/"},"sameAs":["https:\/\/www.facebook.com\/grupoinmotionlat","https:\/\/x.com\/grupoinmotion_","https:\/\/www.linkedin.com\/company\/grupoinmotion\/","https:\/\/www.instagram.com\/grupoinmotion_\/"]}]}},"_links":{"self":[{"href":"https:\/\/www.policysense.com\/en\/wp-json\/wp\/v2\/pages\/396","targetHints":{"allow":["GET"]}}],"collection":[{"href":"https:\/\/www.policysense.com\/en\/wp-json\/wp\/v2\/pages"}],"about":[{"href":"https:\/\/www.policysense.com\/en\/wp-json\/wp\/v2\/types\/page"}],"author":[{"embeddable":true,"href":"https:\/\/www.policysense.com\/en\/wp-json\/wp\/v2\/users\/1"}],"replies":[{"embeddable":true,"href":"https:\/\/www.policysense.com\/en\/wp-json\/wp\/v2\/comments?post=396"}],"version-history":[{"count":6,"href":"https:\/\/www.policysense.com\/en\/wp-json\/wp\/v2\/pages\/396\/revisions"}],"predecessor-version":[{"id":2579,"href":"https:\/\/www.policysense.com\/en\/wp-json\/wp\/v2\/pages\/396\/revisions\/2579"}],"wp:featuredmedia":[{"embeddable":true,"href":"https:\/\/www.policysense.com\/en\/wp-json\/wp\/v2\/media\/796"}],"wp:attachment":[{"href":"https:\/\/www.policysense.com\/en\/wp-json\/wp\/v2\/media?parent=396"}],"curies":[{"name":"wp","href":"https:\/\/api.w.org\/{rel}","templated":true}]}}