{"id":64,"date":"2023-02-08T20:12:22","date_gmt":"2023-02-08T20:12:22","guid":{"rendered":"https:\/\/policysense.com\/the-suite\/"},"modified":"2025-04-24T19:32:21","modified_gmt":"2025-04-24T19:32:21","slug":"the-suite","status":"publish","type":"page","link":"https:\/\/www.policysense.com\/en\/the-suite\/","title":{"rendered":"The Suite"},"content":{"rendered":"<p>Modular solutions that enable and accelerate the digital transformation of the critical processes of an insurer, providing increased sales, improving operational efficiency, and supporting risk reduction.<\/p>\n","protected":false},"excerpt":{"rendered":"<p>Modular solutions that enable and accelerate the digital transformation of the critical processes of an insurer, providing increased sales, improving operational efficiency, and supporting risk reduction.<\/p>\n","protected":false},"author":1,"featured_media":1059,"parent":0,"menu_order":0,"comment_status":"closed","ping_status":"closed","template":"page-la-suite.php","meta":{"inline_featured_image":false,"footnotes":""},"class_list":["post-64","page","type-page","status-publish","has-post-thumbnail","hentry"],"acf":[],"yoast_head":"<!-- This site is optimized with the Yoast SEO plugin v27.4 - https:\/\/yoast.com\/product\/yoast-seo-wordpress\/ -->\n<title>Policysense Suite is Insurance Innovation | policysense.com<\/title>\n<meta name=\"description\" content=\"The Policysense suite offers modular solutions that enable critical processes for insurers and drive innovation in insurance\" \/>\n<meta name=\"robots\" content=\"index, follow, max-snippet:-1, max-image-preview:large, max-video-preview:-1\" \/>\n<link rel=\"canonical\" href=\"https:\/\/www.policysense.com\/en\/the-suite\/\" \/>\n<meta property=\"og:locale\" content=\"en_US\" \/>\n<meta property=\"og:type\" content=\"article\" \/>\n<meta property=\"og:title\" content=\"Policysense Suite is Insurance Innovation | policysense.com\" \/>\n<meta property=\"og:description\" content=\"The Policysense suite offers modular solutions that enable critical processes for insurers and drive innovation in insurance\" \/>\n<meta property=\"og:url\" content=\"https:\/\/www.policysense.com\/en\/the-suite\/\" \/>\n<meta property=\"og:site_name\" content=\"Policysense\" \/>\n<meta property=\"article:publisher\" content=\"https:\/\/www.facebook.com\/grupoinmotionlat\" \/>\n<meta property=\"article:modified_time\" content=\"2025-04-24T19:32:21+00:00\" \/>\n<meta property=\"og:image\" content=\"https:\/\/www.policysense.com\/wp-content\/uploads\/2023\/03\/banner-lasuite-1.jpg\" \/>\n\t<meta property=\"og:image:width\" content=\"800\" \/>\n\t<meta property=\"og:image:height\" content=\"504\" \/>\n\t<meta property=\"og:image:type\" content=\"image\/jpeg\" \/>\n<meta name=\"twitter:card\" content=\"summary_large_image\" \/>\n<meta name=\"twitter:site\" content=\"@grupoinmotion_\" \/>\n<meta name=\"twitter:label1\" content=\"Est. reading time\" \/>\n\t<meta name=\"twitter:data1\" content=\"7 minutes\" \/>\n<!-- \/ Yoast SEO plugin. -->","yoast_head_json":{"title":"Policysense Suite is Insurance Innovation | policysense.com","description":"The Policysense suite offers modular solutions that enable critical processes for insurers and drive innovation in insurance","robots":{"index":"index","follow":"follow","max-snippet":"max-snippet:-1","max-image-preview":"max-image-preview:large","max-video-preview":"max-video-preview:-1"},"canonical":"https:\/\/www.policysense.com\/en\/the-suite\/","og_locale":"en_US","og_type":"article","og_title":"Policysense Suite is Insurance Innovation | policysense.com","og_description":"The Policysense suite offers modular solutions that enable critical processes for insurers and drive innovation in insurance","og_url":"https:\/\/www.policysense.com\/en\/the-suite\/","og_site_name":"Policysense","article_publisher":"https:\/\/www.facebook.com\/grupoinmotionlat","article_modified_time":"2025-04-24T19:32:21+00:00","og_image":[{"width":800,"height":504,"url":"https:\/\/www.policysense.com\/wp-content\/uploads\/2023\/03\/banner-lasuite-1.jpg","type":"image\/jpeg"}],"twitter_card":"summary_large_image","twitter_site":"@grupoinmotion_","twitter_misc":{"Est. reading time":"7 minutes"},"schema":{"@context":"https:\/\/schema.org","@graph":[{"@type":"WebPage","@id":"https:\/\/www.policysense.com\/en\/the-suite\/","url":"https:\/\/www.policysense.com\/en\/the-suite\/","name":"Policysense Suite is Insurance Innovation | policysense.com","isPartOf":{"@id":"https:\/\/www.policysense.com\/en\/#website"},"primaryImageOfPage":{"@id":"https:\/\/www.policysense.com\/en\/the-suite\/#primaryimage"},"image":{"@id":"https:\/\/www.policysense.com\/en\/the-suite\/#primaryimage"},"thumbnailUrl":"https:\/\/www.policysense.com\/wp-content\/uploads\/2023\/03\/banner-lasuite-1.jpg","datePublished":"2023-02-08T20:12:22+00:00","dateModified":"2025-04-24T19:32:21+00:00","description":"The Policysense suite offers modular solutions that enable critical processes for insurers and drive innovation in insurance","breadcrumb":{"@id":"https:\/\/www.policysense.com\/en\/the-suite\/#breadcrumb"},"inLanguage":"en-US","potentialAction":[{"@type":"ReadAction","target":["https:\/\/www.policysense.com\/en\/the-suite\/"]}]},{"@type":"ImageObject","inLanguage":"en-US","@id":"https:\/\/www.policysense.com\/en\/the-suite\/#primaryimage","url":"https:\/\/www.policysense.com\/wp-content\/uploads\/2023\/03\/banner-lasuite-1.jpg","contentUrl":"https:\/\/www.policysense.com\/wp-content\/uploads\/2023\/03\/banner-lasuite-1.jpg","width":800,"height":504},{"@type":"BreadcrumbList","@id":"https:\/\/www.policysense.com\/en\/the-suite\/#breadcrumb","itemListElement":[{"@type":"ListItem","position":1,"name":"Portada","item":"https:\/\/www.policysense.com\/en\/"},{"@type":"ListItem","position":2,"name":"The Suite"}]},{"@type":"WebSite","@id":"https:\/\/www.policysense.com\/en\/#website","url":"https:\/\/www.policysense.com\/en\/","name":"Policysense | Transformaci\u00f3n digital para compa\u00f1\u00edas de seguros","description":"Policysense transformaci\u00f3n digital para compa\u00f1\u00edas de seguros de pr\u00f3xima generaci\u00f3n, nativas en la nube, modulares, basadas en Low-Code y m\u00e1s","publisher":{"@id":"https:\/\/www.policysense.com\/en\/#organization"},"potentialAction":[{"@type":"SearchAction","target":{"@type":"EntryPoint","urlTemplate":"https:\/\/www.policysense.com\/en\/?s={search_term_string}"},"query-input":{"@type":"PropertyValueSpecification","valueRequired":true,"valueName":"search_term_string"}}],"inLanguage":"en-US"},{"@type":"Organization","@id":"https:\/\/www.policysense.com\/en\/#organization","name":"Policysense","url":"https:\/\/www.policysense.com\/en\/","logo":{"@type":"ImageObject","inLanguage":"en-US","@id":"https:\/\/www.policysense.com\/en\/#\/schema\/logo\/image\/","url":"https:\/\/www.policysense.com\/wp-content\/uploads\/2024\/03\/logo-policysense-oficial.png","contentUrl":"https:\/\/www.policysense.com\/wp-content\/uploads\/2024\/03\/logo-policysense-oficial.png","width":367,"height":60,"caption":"Policysense"},"image":{"@id":"https:\/\/www.policysense.com\/en\/#\/schema\/logo\/image\/"},"sameAs":["https:\/\/www.facebook.com\/grupoinmotionlat","https:\/\/x.com\/grupoinmotion_","https:\/\/www.linkedin.com\/company\/grupoinmotion\/","https:\/\/www.instagram.com\/grupoinmotion_\/"]}]}},"_links":{"self":[{"href":"https:\/\/www.policysense.com\/en\/wp-json\/wp\/v2\/pages\/64","targetHints":{"allow":["GET"]}}],"collection":[{"href":"https:\/\/www.policysense.com\/en\/wp-json\/wp\/v2\/pages"}],"about":[{"href":"https:\/\/www.policysense.com\/en\/wp-json\/wp\/v2\/types\/page"}],"author":[{"embeddable":true,"href":"https:\/\/www.policysense.com\/en\/wp-json\/wp\/v2\/users\/1"}],"replies":[{"embeddable":true,"href":"https:\/\/www.policysense.com\/en\/wp-json\/wp\/v2\/comments?post=64"}],"version-history":[{"count":7,"href":"https:\/\/www.policysense.com\/en\/wp-json\/wp\/v2\/pages\/64\/revisions"}],"predecessor-version":[{"id":2529,"href":"https:\/\/www.policysense.com\/en\/wp-json\/wp\/v2\/pages\/64\/revisions\/2529"}],"wp:featuredmedia":[{"embeddable":true,"href":"https:\/\/www.policysense.com\/en\/wp-json\/wp\/v2\/media\/1059"}],"wp:attachment":[{"href":"https:\/\/www.policysense.com\/en\/wp-json\/wp\/v2\/media?parent=64"}],"curies":[{"name":"wp","href":"https:\/\/api.w.org\/{rel}","templated":true}]}}