{"id":75,"date":"2023-02-09T19:43:39","date_gmt":"2023-02-09T19:43:39","guid":{"rendered":"https:\/\/policysense.com\/distribution-channels\/"},"modified":"2023-06-13T20:27:24","modified_gmt":"2023-06-13T20:27:24","slug":"policysense-distribution","status":"publish","type":"page","link":"https:\/\/www.policysense.com\/en\/the-suite\/policysense-distribution\/","title":{"rendered":"Policysense Distribution"},"content":{"rendered":"<h2>The solution<\/h2>\n<p>Policysense Distribution is a tool for the effective management of any type of distribution channel. It offers functionalities for the administration of agents, brokers, affinity channels, and bancassurance, providing greater flexibility in the distribution strategy. Policysense Distribution can help you improve the satisfaction of your distribution channels, scale your channel strategy, lower your costs, and reduce your compliance risks.<\/p>\n","protected":false},"excerpt":{"rendered":"<p>The solution Policysense Distribution is a tool for the effective management of any type of distribution channel. It offers functionalities for the administration of agents, brokers, affinity channels, and bancassurance, providing greater flexibility in the distribution strategy. Policysense Distribution can help you improve the satisfaction of your distribution channels, scale your channel strategy, lower your [&hellip;]<\/p>\n","protected":false},"author":1,"featured_media":1070,"parent":64,"menu_order":0,"comment_status":"closed","ping_status":"closed","template":"page-canales-de-distribucion.php","meta":{"inline_featured_image":false,"footnotes":""},"class_list":["post-75","page","type-page","status-publish","has-post-thumbnail","hentry"],"acf":[],"yoast_head":"<!-- This site is optimized with the Yoast SEO plugin v27.6 - https:\/\/yoast.com\/product\/yoast-seo-wordpress\/ -->\n<title>Innovative solutions for insurance distribution | policysense<\/title>\n<meta name=\"description\" content=\"Policysense Distribution is a tool for the effective management of any type of insurance distribution channel\" \/>\n<meta name=\"robots\" content=\"index, follow, max-snippet:-1, max-image-preview:large, max-video-preview:-1\" \/>\n<link rel=\"canonical\" href=\"https:\/\/www.policysense.com\/en\/the-suite\/policysense-distribution\/\" \/>\n<meta property=\"og:locale\" content=\"en_US\" \/>\n<meta property=\"og:type\" content=\"article\" \/>\n<meta property=\"og:title\" content=\"Innovative solutions for insurance distribution | policysense\" \/>\n<meta property=\"og:description\" content=\"Policysense Distribution is a tool for the effective management of any type of insurance distribution channel\" \/>\n<meta property=\"og:url\" content=\"https:\/\/www.policysense.com\/en\/the-suite\/policysense-distribution\/\" \/>\n<meta property=\"og:site_name\" content=\"Policysense\" \/>\n<meta property=\"article:publisher\" content=\"https:\/\/www.facebook.com\/grupoinmotionlat\" \/>\n<meta property=\"article:modified_time\" content=\"2023-06-13T20:27:24+00:00\" \/>\n<meta property=\"og:image\" content=\"https:\/\/www.policysense.com\/wp-content\/uploads\/2023\/03\/header-distribucion.jpg\" \/>\n\t<meta property=\"og:image:width\" content=\"800\" \/>\n\t<meta property=\"og:image:height\" content=\"504\" \/>\n\t<meta property=\"og:image:type\" content=\"image\/jpeg\" \/>\n<meta name=\"twitter:card\" content=\"summary_large_image\" \/>\n<meta name=\"twitter:site\" content=\"@grupoinmotion_\" \/>\n<meta name=\"twitter:label1\" content=\"Est. reading time\" \/>\n\t<meta name=\"twitter:data1\" content=\"1 minute\" \/>\n<!-- \/ Yoast SEO plugin. -->","yoast_head_json":{"title":"Innovative solutions for insurance distribution | policysense","description":"Policysense Distribution is a tool for the effective management of any type of insurance distribution channel","robots":{"index":"index","follow":"follow","max-snippet":"max-snippet:-1","max-image-preview":"max-image-preview:large","max-video-preview":"max-video-preview:-1"},"canonical":"https:\/\/www.policysense.com\/en\/the-suite\/policysense-distribution\/","og_locale":"en_US","og_type":"article","og_title":"Innovative solutions for insurance distribution | policysense","og_description":"Policysense Distribution is a tool for the effective management of any type of insurance distribution channel","og_url":"https:\/\/www.policysense.com\/en\/the-suite\/policysense-distribution\/","og_site_name":"Policysense","article_publisher":"https:\/\/www.facebook.com\/grupoinmotionlat","article_modified_time":"2023-06-13T20:27:24+00:00","og_image":[{"width":800,"height":504,"url":"https:\/\/www.policysense.com\/wp-content\/uploads\/2023\/03\/header-distribucion.jpg","type":"image\/jpeg"}],"twitter_card":"summary_large_image","twitter_site":"@grupoinmotion_","twitter_misc":{"Est. reading time":"1 minute"},"schema":{"@context":"https:\/\/schema.org","@graph":[{"@type":"WebPage","@id":"https:\/\/www.policysense.com\/en\/the-suite\/policysense-distribution\/","url":"https:\/\/www.policysense.com\/en\/the-suite\/policysense-distribution\/","name":"Innovative solutions for insurance distribution | policysense","isPartOf":{"@id":"https:\/\/www.policysense.com\/en\/#website"},"primaryImageOfPage":{"@id":"https:\/\/www.policysense.com\/en\/the-suite\/policysense-distribution\/#primaryimage"},"image":{"@id":"https:\/\/www.policysense.com\/en\/the-suite\/policysense-distribution\/#primaryimage"},"thumbnailUrl":"https:\/\/www.policysense.com\/wp-content\/uploads\/2023\/03\/header-distribucion.jpg","datePublished":"2023-02-09T19:43:39+00:00","dateModified":"2023-06-13T20:27:24+00:00","description":"Policysense Distribution is a tool for the effective management of any type of insurance distribution channel","breadcrumb":{"@id":"https:\/\/www.policysense.com\/en\/the-suite\/policysense-distribution\/#breadcrumb"},"inLanguage":"en-US","potentialAction":[{"@type":"ReadAction","target":["https:\/\/www.policysense.com\/en\/the-suite\/policysense-distribution\/"]}]},{"@type":"ImageObject","inLanguage":"en-US","@id":"https:\/\/www.policysense.com\/en\/the-suite\/policysense-distribution\/#primaryimage","url":"https:\/\/www.policysense.com\/wp-content\/uploads\/2023\/03\/header-distribucion.jpg","contentUrl":"https:\/\/www.policysense.com\/wp-content\/uploads\/2023\/03\/header-distribucion.jpg","width":800,"height":504,"caption":"distribucion-de-seguros-suite-policysense-transformacion-digital-en-seguros"},{"@type":"BreadcrumbList","@id":"https:\/\/www.policysense.com\/en\/the-suite\/policysense-distribution\/#breadcrumb","itemListElement":[{"@type":"ListItem","position":1,"name":"Portada","item":"https:\/\/www.policysense.com\/en\/"},{"@type":"ListItem","position":2,"name":"The Suite","item":"https:\/\/www.policysense.com\/en\/la-suite\/"},{"@type":"ListItem","position":3,"name":"Policysense Distribution"}]},{"@type":"WebSite","@id":"https:\/\/www.policysense.com\/en\/#website","url":"https:\/\/www.policysense.com\/en\/","name":"Policysense | Transformaci\u00f3n digital para compa\u00f1\u00edas de seguros","description":"Policysense transformaci\u00f3n digital para compa\u00f1\u00edas de seguros de pr\u00f3xima generaci\u00f3n, nativas en la nube, modulares, basadas en Low-Code y m\u00e1s","publisher":{"@id":"https:\/\/www.policysense.com\/en\/#organization"},"potentialAction":[{"@type":"SearchAction","target":{"@type":"EntryPoint","urlTemplate":"https:\/\/www.policysense.com\/en\/?s={search_term_string}"},"query-input":{"@type":"PropertyValueSpecification","valueRequired":true,"valueName":"search_term_string"}}],"inLanguage":"en-US"},{"@type":"Organization","@id":"https:\/\/www.policysense.com\/en\/#organization","name":"Policysense","url":"https:\/\/www.policysense.com\/en\/","logo":{"@type":"ImageObject","inLanguage":"en-US","@id":"https:\/\/www.policysense.com\/en\/#\/schema\/logo\/image\/","url":"https:\/\/www.policysense.com\/wp-content\/uploads\/2024\/03\/logo-policysense-oficial.png","contentUrl":"https:\/\/www.policysense.com\/wp-content\/uploads\/2024\/03\/logo-policysense-oficial.png","width":367,"height":60,"caption":"Policysense"},"image":{"@id":"https:\/\/www.policysense.com\/en\/#\/schema\/logo\/image\/"},"sameAs":["https:\/\/www.facebook.com\/grupoinmotionlat","https:\/\/x.com\/grupoinmotion_","https:\/\/www.linkedin.com\/company\/grupoinmotion\/","https:\/\/www.instagram.com\/grupoinmotion_\/"]}]}},"_links":{"self":[{"href":"https:\/\/www.policysense.com\/en\/wp-json\/wp\/v2\/pages\/75","targetHints":{"allow":["GET"]}}],"collection":[{"href":"https:\/\/www.policysense.com\/en\/wp-json\/wp\/v2\/pages"}],"about":[{"href":"https:\/\/www.policysense.com\/en\/wp-json\/wp\/v2\/types\/page"}],"author":[{"embeddable":true,"href":"https:\/\/www.policysense.com\/en\/wp-json\/wp\/v2\/users\/1"}],"replies":[{"embeddable":true,"href":"https:\/\/www.policysense.com\/en\/wp-json\/wp\/v2\/comments?post=75"}],"version-history":[{"count":6,"href":"https:\/\/www.policysense.com\/en\/wp-json\/wp\/v2\/pages\/75\/revisions"}],"predecessor-version":[{"id":1725,"href":"https:\/\/www.policysense.com\/en\/wp-json\/wp\/v2\/pages\/75\/revisions\/1725"}],"up":[{"embeddable":true,"href":"https:\/\/www.policysense.com\/en\/wp-json\/wp\/v2\/pages\/64"}],"wp:featuredmedia":[{"embeddable":true,"href":"https:\/\/www.policysense.com\/en\/wp-json\/wp\/v2\/media\/1070"}],"wp:attachment":[{"href":"https:\/\/www.policysense.com\/en\/wp-json\/wp\/v2\/media?parent=75"}],"curies":[{"name":"wp","href":"https:\/\/api.w.org\/{rel}","templated":true}]}}