{"id":79,"date":"2023-02-10T13:13:50","date_gmt":"2023-02-10T13:13:50","guid":{"rendered":"https:\/\/policysense.com\/sales\/"},"modified":"2023-06-13T20:25:44","modified_gmt":"2023-06-13T20:25:44","slug":"policysense-sales","status":"publish","type":"page","link":"https:\/\/www.policysense.com\/en\/the-suite\/policysense-sales\/","title":{"rendered":"Policysense Sales"},"content":{"rendered":"<h2>The solution<\/h2>\n<p>Policysense Sales is an advanced sales solution for insurers that combines traditional techniques with state-of-the-art digital capabilities. It offers the option to sell directly to the consumer or to improve the efficiency of your traditional channels through digital capabilities, or it can even be used to implement a combined strategy. In the same way, you can sell through third-party platforms that consume your APls layer.<\/p>\n<p>The solution can be used to sell both individual and group policies, for general, life and health insurance products. Manages the entire sales process, including requests, quotes, delivery of requirements, and the issuance of the policy at the end of the process. It can be used for opportunity and prospect management.<\/p>\n","protected":false},"excerpt":{"rendered":"<p>The solution Policysense Sales is an advanced sales solution for insurers that combines traditional techniques with state-of-the-art digital capabilities. It offers the option to sell directly to the consumer or to improve the efficiency of your traditional channels through digital capabilities, or it can even be used to implement a combined strategy. In the same [&hellip;]<\/p>\n","protected":false},"author":1,"featured_media":1072,"parent":64,"menu_order":0,"comment_status":"closed","ping_status":"closed","template":"page-ventas.php","meta":{"inline_featured_image":false,"footnotes":""},"class_list":["post-79","page","type-page","status-publish","has-post-thumbnail","hentry"],"acf":[],"yoast_head":"<!-- This site is optimized with the Yoast SEO plugin v27.4 - https:\/\/yoast.com\/product\/yoast-seo-wordpress\/ -->\n<title>Innovative solutions for insurance sales | policysense.com<\/title>\n<meta name=\"description\" content=\"Policysense Sales is an innovative insurance sales solution that combines traditional techniques with advanced digital capabilities.\" \/>\n<meta name=\"robots\" content=\"index, follow, max-snippet:-1, max-image-preview:large, max-video-preview:-1\" \/>\n<link rel=\"canonical\" href=\"https:\/\/www.policysense.com\/en\/the-suite\/policysense-sales\/\" \/>\n<meta property=\"og:locale\" content=\"en_US\" \/>\n<meta property=\"og:type\" content=\"article\" \/>\n<meta property=\"og:title\" content=\"Innovative solutions for insurance sales | policysense.com\" \/>\n<meta property=\"og:description\" content=\"Policysense Sales is an innovative insurance sales solution that combines traditional techniques with advanced digital capabilities.\" \/>\n<meta property=\"og:url\" content=\"https:\/\/www.policysense.com\/en\/the-suite\/policysense-sales\/\" \/>\n<meta property=\"og:site_name\" content=\"Policysense\" \/>\n<meta property=\"article:publisher\" content=\"https:\/\/www.facebook.com\/grupoinmotionlat\" \/>\n<meta property=\"article:modified_time\" content=\"2023-06-13T20:25:44+00:00\" \/>\n<meta property=\"og:image\" content=\"https:\/\/www.policysense.com\/wp-content\/uploads\/2023\/03\/header-ventas.jpg\" \/>\n\t<meta property=\"og:image:width\" content=\"800\" \/>\n\t<meta property=\"og:image:height\" content=\"504\" \/>\n\t<meta property=\"og:image:type\" content=\"image\/jpeg\" \/>\n<meta name=\"twitter:card\" content=\"summary_large_image\" \/>\n<meta name=\"twitter:site\" content=\"@grupoinmotion_\" \/>\n<meta name=\"twitter:label1\" content=\"Est. reading time\" \/>\n\t<meta name=\"twitter:data1\" content=\"1 minute\" \/>\n<!-- \/ Yoast SEO plugin. -->","yoast_head_json":{"title":"Innovative solutions for insurance sales | policysense.com","description":"Policysense Sales is an innovative insurance sales solution that combines traditional techniques with advanced digital capabilities.","robots":{"index":"index","follow":"follow","max-snippet":"max-snippet:-1","max-image-preview":"max-image-preview:large","max-video-preview":"max-video-preview:-1"},"canonical":"https:\/\/www.policysense.com\/en\/the-suite\/policysense-sales\/","og_locale":"en_US","og_type":"article","og_title":"Innovative solutions for insurance sales | policysense.com","og_description":"Policysense Sales is an innovative insurance sales solution that combines traditional techniques with advanced digital capabilities.","og_url":"https:\/\/www.policysense.com\/en\/the-suite\/policysense-sales\/","og_site_name":"Policysense","article_publisher":"https:\/\/www.facebook.com\/grupoinmotionlat","article_modified_time":"2023-06-13T20:25:44+00:00","og_image":[{"width":800,"height":504,"url":"https:\/\/www.policysense.com\/wp-content\/uploads\/2023\/03\/header-ventas.jpg","type":"image\/jpeg"}],"twitter_card":"summary_large_image","twitter_site":"@grupoinmotion_","twitter_misc":{"Est. reading time":"1 minute"},"schema":{"@context":"https:\/\/schema.org","@graph":[{"@type":"WebPage","@id":"https:\/\/www.policysense.com\/en\/the-suite\/policysense-sales\/","url":"https:\/\/www.policysense.com\/en\/the-suite\/policysense-sales\/","name":"Innovative solutions for insurance sales | policysense.com","isPartOf":{"@id":"https:\/\/www.policysense.com\/en\/#website"},"primaryImageOfPage":{"@id":"https:\/\/www.policysense.com\/en\/the-suite\/policysense-sales\/#primaryimage"},"image":{"@id":"https:\/\/www.policysense.com\/en\/the-suite\/policysense-sales\/#primaryimage"},"thumbnailUrl":"https:\/\/www.policysense.com\/wp-content\/uploads\/2023\/03\/header-ventas.jpg","datePublished":"2023-02-10T13:13:50+00:00","dateModified":"2023-06-13T20:25:44+00:00","description":"Policysense Sales is an innovative insurance sales solution that combines traditional techniques with advanced digital capabilities.","breadcrumb":{"@id":"https:\/\/www.policysense.com\/en\/the-suite\/policysense-sales\/#breadcrumb"},"inLanguage":"en-US","potentialAction":[{"@type":"ReadAction","target":["https:\/\/www.policysense.com\/en\/the-suite\/policysense-sales\/"]}]},{"@type":"ImageObject","inLanguage":"en-US","@id":"https:\/\/www.policysense.com\/en\/the-suite\/policysense-sales\/#primaryimage","url":"https:\/\/www.policysense.com\/wp-content\/uploads\/2023\/03\/header-ventas.jpg","contentUrl":"https:\/\/www.policysense.com\/wp-content\/uploads\/2023\/03\/header-ventas.jpg","width":800,"height":504,"caption":"venta-en-seguros-policysense"},{"@type":"BreadcrumbList","@id":"https:\/\/www.policysense.com\/en\/the-suite\/policysense-sales\/#breadcrumb","itemListElement":[{"@type":"ListItem","position":1,"name":"Portada","item":"https:\/\/www.policysense.com\/en\/"},{"@type":"ListItem","position":2,"name":"The Suite","item":"https:\/\/www.policysense.com\/en\/la-suite\/"},{"@type":"ListItem","position":3,"name":"Policysense Sales"}]},{"@type":"WebSite","@id":"https:\/\/www.policysense.com\/en\/#website","url":"https:\/\/www.policysense.com\/en\/","name":"Policysense | Transformaci\u00f3n digital para compa\u00f1\u00edas de seguros","description":"Policysense transformaci\u00f3n digital para compa\u00f1\u00edas de seguros de pr\u00f3xima generaci\u00f3n, nativas en la nube, modulares, basadas en Low-Code y m\u00e1s","publisher":{"@id":"https:\/\/www.policysense.com\/en\/#organization"},"potentialAction":[{"@type":"SearchAction","target":{"@type":"EntryPoint","urlTemplate":"https:\/\/www.policysense.com\/en\/?s={search_term_string}"},"query-input":{"@type":"PropertyValueSpecification","valueRequired":true,"valueName":"search_term_string"}}],"inLanguage":"en-US"},{"@type":"Organization","@id":"https:\/\/www.policysense.com\/en\/#organization","name":"Policysense","url":"https:\/\/www.policysense.com\/en\/","logo":{"@type":"ImageObject","inLanguage":"en-US","@id":"https:\/\/www.policysense.com\/en\/#\/schema\/logo\/image\/","url":"https:\/\/www.policysense.com\/wp-content\/uploads\/2024\/03\/logo-policysense-oficial.png","contentUrl":"https:\/\/www.policysense.com\/wp-content\/uploads\/2024\/03\/logo-policysense-oficial.png","width":367,"height":60,"caption":"Policysense"},"image":{"@id":"https:\/\/www.policysense.com\/en\/#\/schema\/logo\/image\/"},"sameAs":["https:\/\/www.facebook.com\/grupoinmotionlat","https:\/\/x.com\/grupoinmotion_","https:\/\/www.linkedin.com\/company\/grupoinmotion\/","https:\/\/www.instagram.com\/grupoinmotion_\/"]}]}},"_links":{"self":[{"href":"https:\/\/www.policysense.com\/en\/wp-json\/wp\/v2\/pages\/79","targetHints":{"allow":["GET"]}}],"collection":[{"href":"https:\/\/www.policysense.com\/en\/wp-json\/wp\/v2\/pages"}],"about":[{"href":"https:\/\/www.policysense.com\/en\/wp-json\/wp\/v2\/types\/page"}],"author":[{"embeddable":true,"href":"https:\/\/www.policysense.com\/en\/wp-json\/wp\/v2\/users\/1"}],"replies":[{"embeddable":true,"href":"https:\/\/www.policysense.com\/en\/wp-json\/wp\/v2\/comments?post=79"}],"version-history":[{"count":6,"href":"https:\/\/www.policysense.com\/en\/wp-json\/wp\/v2\/pages\/79\/revisions"}],"predecessor-version":[{"id":1721,"href":"https:\/\/www.policysense.com\/en\/wp-json\/wp\/v2\/pages\/79\/revisions\/1721"}],"up":[{"embeddable":true,"href":"https:\/\/www.policysense.com\/en\/wp-json\/wp\/v2\/pages\/64"}],"wp:featuredmedia":[{"embeddable":true,"href":"https:\/\/www.policysense.com\/en\/wp-json\/wp\/v2\/media\/1072"}],"wp:attachment":[{"href":"https:\/\/www.policysense.com\/en\/wp-json\/wp\/v2\/media?parent=79"}],"curies":[{"name":"wp","href":"https:\/\/api.w.org\/{rel}","templated":true}]}}