{"id":1689,"date":"2023-01-23T19:57:34","date_gmt":"2023-01-23T19:57:34","guid":{"rendered":"https:\/\/policysense.com\/?page_id=1689"},"modified":"2025-04-08T14:43:34","modified_gmt":"2025-04-08T14:43:34","slug":"home","status":"publish","type":"page","link":"https:\/\/www.policysense.com\/pt-br\/","title":{"rendered":"Home"},"content":{"rendered":"<h1><span style=\"color: #79c37e;\">Solu\u00e7\u00f5es de<br \/>\npr\u00f3xima gera\u00e7\u00e3o<br \/>\n<\/span>para empresas<br \/>\nde seguros<\/h1>\n<p>100% digitais, nativas na nuvem,<br \/>\nmodulares, low-code orientadas para microsservi\u00e7os<\/p>\n","protected":false},"excerpt":{"rendered":"<p>Solu\u00e7\u00f5es de pr\u00f3xima gera\u00e7\u00e3o para empresas de seguros 100% digitais, nativas na nuvem, modulares, low-code orientadas para microsservi\u00e7os<\/p>\n","protected":false},"author":1,"featured_media":2072,"parent":0,"menu_order":0,"comment_status":"closed","ping_status":"closed","template":"","meta":{"inline_featured_image":false,"footnotes":""},"class_list":["post-1689","page","type-page","status-publish","has-post-thumbnail","hentry"],"acf":[],"yoast_head":"<!-- This site is optimized with the Yoast SEO plugin v27.4 - https:\/\/yoast.com\/product\/yoast-seo-wordpress\/ -->\n<title>Policysense | Transforma\u00e7\u00e3o digital para empresas de seguros<\/title>\n<meta name=\"description\" content=\"Policysense - Transforma\u00e7\u00e3o digital para seguradoras de pr\u00f3xima gera\u00e7\u00e3o, nativas na nuvem, modulares, baseadas em Low-Code e mais\" \/>\n<meta name=\"robots\" content=\"index, follow, max-snippet:-1, max-image-preview:large, max-video-preview:-1\" \/>\n<link rel=\"canonical\" href=\"https:\/\/www.policysense.com\/pt-br\/\" \/>\n<meta property=\"og:locale\" content=\"pt_PT\" \/>\n<meta property=\"og:type\" content=\"article\" \/>\n<meta property=\"og:title\" content=\"Policysense | Transforma\u00e7\u00e3o digital para empresas de seguros\" \/>\n<meta property=\"og:description\" content=\"Policysense - Transforma\u00e7\u00e3o digital para seguradoras de pr\u00f3xima gera\u00e7\u00e3o, nativas na nuvem, modulares, baseadas em Low-Code e mais\" \/>\n<meta property=\"og:url\" content=\"https:\/\/www.policysense.com\/pt-br\/\" \/>\n<meta property=\"og:site_name\" content=\"Policysense\" \/>\n<meta property=\"article:publisher\" content=\"https:\/\/www.facebook.com\/grupoinmotionlat\" \/>\n<meta property=\"article:modified_time\" content=\"2025-04-08T14:43:34+00:00\" \/>\n<meta property=\"og:image\" content=\"https:\/\/www.policysense.com\/wp-content\/uploads\/2024\/01\/policysense-transformacion-digital-en-seguros-low-code-en-seguros-core-de-seguros-tecnologia-en-seguros-by-in-motion.jpg\" \/>\n\t<meta property=\"og:image:width\" content=\"770\" \/>\n\t<meta property=\"og:image:height\" content=\"420\" \/>\n\t<meta property=\"og:image:type\" content=\"image\/jpeg\" \/>\n<meta name=\"twitter:card\" content=\"summary_large_image\" \/>\n<meta name=\"twitter:site\" content=\"@grupoinmotion_\" \/>\n<meta name=\"twitter:label1\" content=\"Est. reading time\" \/>\n\t<meta name=\"twitter:data1\" content=\"15 minutes\" \/>\n<!-- \/ Yoast SEO plugin. -->","yoast_head_json":{"title":"Policysense | Transforma\u00e7\u00e3o digital para empresas de seguros","description":"Policysense - Transforma\u00e7\u00e3o digital para seguradoras de pr\u00f3xima gera\u00e7\u00e3o, nativas na nuvem, modulares, baseadas em Low-Code e mais","robots":{"index":"index","follow":"follow","max-snippet":"max-snippet:-1","max-image-preview":"max-image-preview:large","max-video-preview":"max-video-preview:-1"},"canonical":"https:\/\/www.policysense.com\/pt-br\/","og_locale":"pt_PT","og_type":"article","og_title":"Policysense | Transforma\u00e7\u00e3o digital para empresas de seguros","og_description":"Policysense - Transforma\u00e7\u00e3o digital para seguradoras de pr\u00f3xima gera\u00e7\u00e3o, nativas na nuvem, modulares, baseadas em Low-Code e mais","og_url":"https:\/\/www.policysense.com\/pt-br\/","og_site_name":"Policysense","article_publisher":"https:\/\/www.facebook.com\/grupoinmotionlat","article_modified_time":"2025-04-08T14:43:34+00:00","og_image":[{"width":770,"height":420,"url":"https:\/\/www.policysense.com\/wp-content\/uploads\/2024\/01\/policysense-transformacion-digital-en-seguros-low-code-en-seguros-core-de-seguros-tecnologia-en-seguros-by-in-motion.jpg","type":"image\/jpeg"}],"twitter_card":"summary_large_image","twitter_site":"@grupoinmotion_","twitter_misc":{"Est. reading time":"15 minutes"},"schema":{"@context":"https:\/\/schema.org","@graph":[{"@type":"WebPage","@id":"https:\/\/www.policysense.com\/pt-br\/","url":"https:\/\/www.policysense.com\/pt-br\/","name":"Policysense | Transforma\u00e7\u00e3o digital para empresas de seguros","isPartOf":{"@id":"https:\/\/www.policysense.com\/pt-br\/#website"},"primaryImageOfPage":{"@id":"https:\/\/www.policysense.com\/pt-br\/#primaryimage"},"image":{"@id":"https:\/\/www.policysense.com\/pt-br\/#primaryimage"},"thumbnailUrl":"https:\/\/www.policysense.com\/wp-content\/uploads\/2024\/01\/policysense-transformacion-digital-en-seguros-low-code-en-seguros-core-de-seguros-tecnologia-en-seguros-by-in-motion.jpg","datePublished":"2023-01-23T19:57:34+00:00","dateModified":"2025-04-08T14:43:34+00:00","description":"Policysense - Transforma\u00e7\u00e3o digital para seguradoras de pr\u00f3xima gera\u00e7\u00e3o, nativas na nuvem, modulares, baseadas em Low-Code e mais","breadcrumb":{"@id":"https:\/\/www.policysense.com\/pt-br\/#breadcrumb"},"inLanguage":"pt","potentialAction":[{"@type":"ReadAction","target":["https:\/\/www.policysense.com\/pt-br\/"]}]},{"@type":"ImageObject","inLanguage":"pt","@id":"https:\/\/www.policysense.com\/pt-br\/#primaryimage","url":"https:\/\/www.policysense.com\/wp-content\/uploads\/2024\/01\/policysense-transformacion-digital-en-seguros-low-code-en-seguros-core-de-seguros-tecnologia-en-seguros-by-in-motion.jpg","contentUrl":"https:\/\/www.policysense.com\/wp-content\/uploads\/2024\/01\/policysense-transformacion-digital-en-seguros-low-code-en-seguros-core-de-seguros-tecnologia-en-seguros-by-in-motion.jpg","width":770,"height":420,"caption":"policysense-transformacion-digital-en-seguros-low-code-en-seguros-core-de-seguros-tecnologia-en-seguros-by-in-motion"},{"@type":"BreadcrumbList","@id":"https:\/\/www.policysense.com\/pt-br\/#breadcrumb","itemListElement":[{"@type":"ListItem","position":1,"name":"Portada","item":"https:\/\/www.policysense.com\/pt-br\/"},{"@type":"ListItem","position":2,"name":"Home"}]},{"@type":"WebSite","@id":"https:\/\/www.policysense.com\/pt-br\/#website","url":"https:\/\/www.policysense.com\/pt-br\/","name":"Policysense | Transformaci\u00f3n digital para compa\u00f1\u00edas de seguros","description":"Policysense transformaci\u00f3n digital para compa\u00f1\u00edas de seguros de pr\u00f3xima generaci\u00f3n, nativas en la nube, modulares, basadas en Low-Code y m\u00e1s","publisher":{"@id":"https:\/\/www.policysense.com\/pt-br\/#organization"},"potentialAction":[{"@type":"SearchAction","target":{"@type":"EntryPoint","urlTemplate":"https:\/\/www.policysense.com\/pt-br\/?s={search_term_string}"},"query-input":{"@type":"PropertyValueSpecification","valueRequired":true,"valueName":"search_term_string"}}],"inLanguage":"pt"},{"@type":"Organization","@id":"https:\/\/www.policysense.com\/pt-br\/#organization","name":"Policysense","url":"https:\/\/www.policysense.com\/pt-br\/","logo":{"@type":"ImageObject","inLanguage":"pt","@id":"https:\/\/www.policysense.com\/pt-br\/#\/schema\/logo\/image\/","url":"https:\/\/www.policysense.com\/wp-content\/uploads\/2024\/03\/logo-policysense-oficial.png","contentUrl":"https:\/\/www.policysense.com\/wp-content\/uploads\/2024\/03\/logo-policysense-oficial.png","width":367,"height":60,"caption":"Policysense"},"image":{"@id":"https:\/\/www.policysense.com\/pt-br\/#\/schema\/logo\/image\/"},"sameAs":["https:\/\/www.facebook.com\/grupoinmotionlat","https:\/\/x.com\/grupoinmotion_","https:\/\/www.linkedin.com\/company\/grupoinmotion\/","https:\/\/www.instagram.com\/grupoinmotion_\/"]}]}},"_links":{"self":[{"href":"https:\/\/www.policysense.com\/pt-br\/wp-json\/wp\/v2\/pages\/1689","targetHints":{"allow":["GET"]}}],"collection":[{"href":"https:\/\/www.policysense.com\/pt-br\/wp-json\/wp\/v2\/pages"}],"about":[{"href":"https:\/\/www.policysense.com\/pt-br\/wp-json\/wp\/v2\/types\/page"}],"author":[{"embeddable":true,"href":"https:\/\/www.policysense.com\/pt-br\/wp-json\/wp\/v2\/users\/1"}],"replies":[{"embeddable":true,"href":"https:\/\/www.policysense.com\/pt-br\/wp-json\/wp\/v2\/comments?post=1689"}],"version-history":[{"count":3,"href":"https:\/\/www.policysense.com\/pt-br\/wp-json\/wp\/v2\/pages\/1689\/revisions"}],"predecessor-version":[{"id":2507,"href":"https:\/\/www.policysense.com\/pt-br\/wp-json\/wp\/v2\/pages\/1689\/revisions\/2507"}],"wp:featuredmedia":[{"embeddable":true,"href":"https:\/\/www.policysense.com\/pt-br\/wp-json\/wp\/v2\/media\/2072"}],"wp:attachment":[{"href":"https:\/\/www.policysense.com\/pt-br\/wp-json\/wp\/v2\/media?parent=1689"}],"curies":[{"name":"wp","href":"https:\/\/api.w.org\/{rel}","templated":true}]}}