{"id":1722,"date":"2023-02-10T13:13:50","date_gmt":"2023-02-10T13:13:50","guid":{"rendered":"https:\/\/policysense.com\/?page_id=1722"},"modified":"2023-06-13T20:26:27","modified_gmt":"2023-06-13T20:26:27","slug":"policysense-vendas","status":"publish","type":"page","link":"https:\/\/www.policysense.com\/pt-br\/a-suite\/policysense-vendas\/","title":{"rendered":"Policysense Vendas"},"content":{"rendered":"<h2>A Solu\u00e7\u00e3o<\/h2>\n<p>Policysense Ventas \u00e9 uma avan\u00e7ada solu\u00e7\u00e3o de vendas para seguradoras que combina t\u00e9cnicas tradicionais com capacidades digitais de \u00faltima gera\u00e7\u00e3o. Oferece a op\u00e7\u00e3o de vender diretamente ao consumidor o de melhorar a efici\u00eancia de seus canais tradicionais atrav\u00e9s de capacidades digitais, ou inclusive se pode usar para implementar uma estrat\u00e9gia combinada. De igual forma pode vender mediante plataformas de terceiros que consumam a sua capa de APls.<\/p>\n<p>A solu\u00e7\u00e3o pode ser usada para vender ap\u00f3lices tanto individuais como coletivas, para produtos de seguros gerais, vida e sa\u00fade. Maneja todo o processo de vendas, incluindo solicita\u00e7\u00f5es, cota\u00e7\u00f5es, entrega de requerimentos, e a emiss\u00e3o da ap\u00f3lice ao final do processo. Pode ser usada para a gest\u00e3o de oportunidades e prospectos.<\/p>\n","protected":false},"excerpt":{"rendered":"<p>A Solu\u00e7\u00e3o Policysense Ventas \u00e9 uma avan\u00e7ada solu\u00e7\u00e3o de vendas para seguradoras que combina t\u00e9cnicas tradicionais com capacidades digitais de \u00faltima gera\u00e7\u00e3o. Oferece a op\u00e7\u00e3o de vender diretamente ao consumidor o de melhorar a efici\u00eancia de seus canais tradicionais atrav\u00e9s de capacidades digitais, ou inclusive se pode usar para implementar uma estrat\u00e9gia combinada. De igual [&hellip;]<\/p>\n","protected":false},"author":1,"featured_media":1624,"parent":1714,"menu_order":0,"comment_status":"closed","ping_status":"closed","template":"page-ventas.php","meta":{"inline_featured_image":false,"footnotes":""},"class_list":["post-1722","page","type-page","status-publish","has-post-thumbnail","hentry"],"acf":[],"yoast_head":"<!-- This site is optimized with the Yoast SEO plugin v27.4 - https:\/\/yoast.com\/product\/yoast-seo-wordpress\/ -->\n<title>Solu\u00e7\u00f5es inovadoras para venda de seguros | Policysense.com<\/title>\n<meta name=\"description\" content=\"Policysense Vendas \u00e9 uma solu\u00e7\u00e3o inovadora de vendas de seguros que combina t\u00e9cnicas tradicionais com capacidades digitais avan\u00e7adas\" \/>\n<meta name=\"robots\" content=\"index, follow, max-snippet:-1, max-image-preview:large, max-video-preview:-1\" \/>\n<link rel=\"canonical\" href=\"https:\/\/www.policysense.com\/pt-br\/a-suite\/policysense-vendas\/\" \/>\n<meta property=\"og:locale\" content=\"pt_PT\" \/>\n<meta property=\"og:type\" content=\"article\" \/>\n<meta property=\"og:title\" content=\"Solu\u00e7\u00f5es inovadoras para venda de seguros | Policysense.com\" \/>\n<meta property=\"og:description\" content=\"Policysense Vendas \u00e9 uma solu\u00e7\u00e3o inovadora de vendas de seguros que combina t\u00e9cnicas tradicionais com capacidades digitais avan\u00e7adas\" \/>\n<meta property=\"og:url\" content=\"https:\/\/www.policysense.com\/pt-br\/a-suite\/policysense-vendas\/\" \/>\n<meta property=\"og:site_name\" content=\"Policysense\" \/>\n<meta property=\"article:publisher\" content=\"https:\/\/www.facebook.com\/grupoinmotionlat\" \/>\n<meta property=\"article:modified_time\" content=\"2023-06-13T20:26:27+00:00\" \/>\n<meta property=\"og:image\" content=\"https:\/\/www.policysense.com\/wp-content\/uploads\/2023\/03\/header-ventas.jpg\" \/>\n\t<meta property=\"og:image:width\" content=\"800\" \/>\n\t<meta property=\"og:image:height\" content=\"504\" \/>\n\t<meta property=\"og:image:type\" content=\"image\/jpeg\" \/>\n<meta name=\"twitter:card\" content=\"summary_large_image\" \/>\n<meta name=\"twitter:site\" content=\"@grupoinmotion_\" \/>\n<meta name=\"twitter:label1\" content=\"Est. reading time\" \/>\n\t<meta name=\"twitter:data1\" content=\"1 minute\" \/>\n<!-- \/ Yoast SEO plugin. -->","yoast_head_json":{"title":"Solu\u00e7\u00f5es inovadoras para venda de seguros | Policysense.com","description":"Policysense Vendas \u00e9 uma solu\u00e7\u00e3o inovadora de vendas de seguros que combina t\u00e9cnicas tradicionais com capacidades digitais avan\u00e7adas","robots":{"index":"index","follow":"follow","max-snippet":"max-snippet:-1","max-image-preview":"max-image-preview:large","max-video-preview":"max-video-preview:-1"},"canonical":"https:\/\/www.policysense.com\/pt-br\/a-suite\/policysense-vendas\/","og_locale":"pt_PT","og_type":"article","og_title":"Solu\u00e7\u00f5es inovadoras para venda de seguros | Policysense.com","og_description":"Policysense Vendas \u00e9 uma solu\u00e7\u00e3o inovadora de vendas de seguros que combina t\u00e9cnicas tradicionais com capacidades digitais avan\u00e7adas","og_url":"https:\/\/www.policysense.com\/pt-br\/a-suite\/policysense-vendas\/","og_site_name":"Policysense","article_publisher":"https:\/\/www.facebook.com\/grupoinmotionlat","article_modified_time":"2023-06-13T20:26:27+00:00","og_image":[{"width":800,"height":504,"url":"https:\/\/www.policysense.com\/wp-content\/uploads\/2023\/03\/header-ventas.jpg","type":"image\/jpeg"}],"twitter_card":"summary_large_image","twitter_site":"@grupoinmotion_","twitter_misc":{"Est. reading time":"1 minute"},"schema":{"@context":"https:\/\/schema.org","@graph":[{"@type":"WebPage","@id":"https:\/\/www.policysense.com\/pt-br\/a-suite\/policysense-vendas\/","url":"https:\/\/www.policysense.com\/pt-br\/a-suite\/policysense-vendas\/","name":"Solu\u00e7\u00f5es inovadoras para venda de seguros | Policysense.com","isPartOf":{"@id":"https:\/\/www.policysense.com\/pt-br\/#website"},"primaryImageOfPage":{"@id":"https:\/\/www.policysense.com\/pt-br\/a-suite\/policysense-vendas\/#primaryimage"},"image":{"@id":"https:\/\/www.policysense.com\/pt-br\/a-suite\/policysense-vendas\/#primaryimage"},"thumbnailUrl":"https:\/\/www.policysense.com\/wp-content\/uploads\/2023\/03\/header-ventas.jpg","datePublished":"2023-02-10T13:13:50+00:00","dateModified":"2023-06-13T20:26:27+00:00","description":"Policysense Vendas \u00e9 uma solu\u00e7\u00e3o inovadora de vendas de seguros que combina t\u00e9cnicas tradicionais com capacidades digitais avan\u00e7adas","breadcrumb":{"@id":"https:\/\/www.policysense.com\/pt-br\/a-suite\/policysense-vendas\/#breadcrumb"},"inLanguage":"pt","potentialAction":[{"@type":"ReadAction","target":["https:\/\/www.policysense.com\/pt-br\/a-suite\/policysense-vendas\/"]}]},{"@type":"ImageObject","inLanguage":"pt","@id":"https:\/\/www.policysense.com\/pt-br\/a-suite\/policysense-vendas\/#primaryimage","url":"https:\/\/www.policysense.com\/wp-content\/uploads\/2023\/03\/header-ventas.jpg","contentUrl":"https:\/\/www.policysense.com\/wp-content\/uploads\/2023\/03\/header-ventas.jpg","width":800,"height":504,"caption":"venta-en-seguros-policysense"},{"@type":"BreadcrumbList","@id":"https:\/\/www.policysense.com\/pt-br\/a-suite\/policysense-vendas\/#breadcrumb","itemListElement":[{"@type":"ListItem","position":1,"name":"Portada","item":"https:\/\/www.policysense.com\/pt-br\/"},{"@type":"ListItem","position":2,"name":"A Suite","item":"https:\/\/www.policysense.com\/pt-br\/la-suite\/"},{"@type":"ListItem","position":3,"name":"Policysense Vendas"}]},{"@type":"WebSite","@id":"https:\/\/www.policysense.com\/pt-br\/#website","url":"https:\/\/www.policysense.com\/pt-br\/","name":"Policysense | Transformaci\u00f3n digital para compa\u00f1\u00edas de seguros","description":"Policysense transformaci\u00f3n digital para compa\u00f1\u00edas de seguros de pr\u00f3xima generaci\u00f3n, nativas en la nube, modulares, basadas en Low-Code y m\u00e1s","publisher":{"@id":"https:\/\/www.policysense.com\/pt-br\/#organization"},"potentialAction":[{"@type":"SearchAction","target":{"@type":"EntryPoint","urlTemplate":"https:\/\/www.policysense.com\/pt-br\/?s={search_term_string}"},"query-input":{"@type":"PropertyValueSpecification","valueRequired":true,"valueName":"search_term_string"}}],"inLanguage":"pt"},{"@type":"Organization","@id":"https:\/\/www.policysense.com\/pt-br\/#organization","name":"Policysense","url":"https:\/\/www.policysense.com\/pt-br\/","logo":{"@type":"ImageObject","inLanguage":"pt","@id":"https:\/\/www.policysense.com\/pt-br\/#\/schema\/logo\/image\/","url":"https:\/\/www.policysense.com\/wp-content\/uploads\/2024\/03\/logo-policysense-oficial.png","contentUrl":"https:\/\/www.policysense.com\/wp-content\/uploads\/2024\/03\/logo-policysense-oficial.png","width":367,"height":60,"caption":"Policysense"},"image":{"@id":"https:\/\/www.policysense.com\/pt-br\/#\/schema\/logo\/image\/"},"sameAs":["https:\/\/www.facebook.com\/grupoinmotionlat","https:\/\/x.com\/grupoinmotion_","https:\/\/www.linkedin.com\/company\/grupoinmotion\/","https:\/\/www.instagram.com\/grupoinmotion_\/"]}]}},"_links":{"self":[{"href":"https:\/\/www.policysense.com\/pt-br\/wp-json\/wp\/v2\/pages\/1722","targetHints":{"allow":["GET"]}}],"collection":[{"href":"https:\/\/www.policysense.com\/pt-br\/wp-json\/wp\/v2\/pages"}],"about":[{"href":"https:\/\/www.policysense.com\/pt-br\/wp-json\/wp\/v2\/types\/page"}],"author":[{"embeddable":true,"href":"https:\/\/www.policysense.com\/pt-br\/wp-json\/wp\/v2\/users\/1"}],"replies":[{"embeddable":true,"href":"https:\/\/www.policysense.com\/pt-br\/wp-json\/wp\/v2\/comments?post=1722"}],"version-history":[{"count":2,"href":"https:\/\/www.policysense.com\/pt-br\/wp-json\/wp\/v2\/pages\/1722\/revisions"}],"predecessor-version":[{"id":1724,"href":"https:\/\/www.policysense.com\/pt-br\/wp-json\/wp\/v2\/pages\/1722\/revisions\/1724"}],"up":[{"embeddable":true,"href":"https:\/\/www.policysense.com\/pt-br\/wp-json\/wp\/v2\/pages\/1714"}],"wp:featuredmedia":[{"embeddable":true,"href":"https:\/\/www.policysense.com\/pt-br\/wp-json\/wp\/v2\/media\/1624"}],"wp:attachment":[{"href":"https:\/\/www.policysense.com\/pt-br\/wp-json\/wp\/v2\/media?parent=1722"}],"curies":[{"name":"wp","href":"https:\/\/api.w.org\/{rel}","templated":true}]}}