{"id":1726,"date":"2023-02-09T19:43:39","date_gmt":"2023-02-09T19:43:39","guid":{"rendered":"https:\/\/policysense.com\/?page_id=1726"},"modified":"2023-06-13T20:28:15","modified_gmt":"2023-06-13T20:28:15","slug":"policysense-distribuicao","status":"publish","type":"page","link":"https:\/\/www.policysense.com\/pt-br\/a-suite\/policysense-distribuicao\/","title":{"rendered":"Policysense Distribui\u00e7\u00e3o"},"content":{"rendered":"<h2>A Solu\u00e7\u00e3o<\/h2>\n<p>Policysense Distribui\u00e7\u00e3o \u00e9 uma ferramenta para a gest\u00e3o efetiva de qualquer tipo de canal de distribui\u00e7\u00e3o. Oferece funcionalidades para a administra\u00e7\u00e3o de agentes, corretores, canais de afinidade e banca-seguros, proporcionando maior flexibilidade na estrat\u00e9gia de distribui\u00e7\u00e3o. Policysense Distribui\u00e7\u00e3o pode ajud\u00e1-lo a melhorar a satisfa\u00e7\u00e3o de seus canais de distribui\u00e7\u00e3o, escalonar sua estrat\u00e9gia de canais, diminuir seus custos e reduzir seus riscos de conformidade.<\/p>\n","protected":false},"excerpt":{"rendered":"<p>A Solu\u00e7\u00e3o Policysense Distribui\u00e7\u00e3o \u00e9 uma ferramenta para a gest\u00e3o efetiva de qualquer tipo de canal de distribui\u00e7\u00e3o. Oferece funcionalidades para a administra\u00e7\u00e3o de agentes, corretores, canais de afinidade e banca-seguros, proporcionando maior flexibilidade na estrat\u00e9gia de distribui\u00e7\u00e3o. Policysense Distribui\u00e7\u00e3o pode ajud\u00e1-lo a melhorar a satisfa\u00e7\u00e3o de seus canais de distribui\u00e7\u00e3o, escalonar sua estrat\u00e9gia de [&hellip;]<\/p>\n","protected":false},"author":1,"featured_media":1623,"parent":1714,"menu_order":0,"comment_status":"closed","ping_status":"closed","template":"page-canales-de-distribucion.php","meta":{"inline_featured_image":false,"footnotes":""},"class_list":["post-1726","page","type-page","status-publish","has-post-thumbnail","hentry"],"acf":[],"yoast_head":"<!-- This site is optimized with the Yoast SEO plugin v27.4 - https:\/\/yoast.com\/product\/yoast-seo-wordpress\/ -->\n<title>Solu\u00e7\u00f5es inovadoras para distribui\u00e7\u00e3o de seguros | Policysense<\/title>\n<meta name=\"description\" content=\"Policysense Distribui\u00e7\u00e3o \u00e9 uma ferramenta para gest\u00e3o eficaz de qualquer tipo de canal de distribui\u00e7\u00e3o de seguros\" \/>\n<meta name=\"robots\" content=\"index, follow, max-snippet:-1, max-image-preview:large, max-video-preview:-1\" \/>\n<link rel=\"canonical\" href=\"https:\/\/www.policysense.com\/pt-br\/a-suite\/policysense-distribuicao\/\" \/>\n<meta property=\"og:locale\" content=\"pt_PT\" \/>\n<meta property=\"og:type\" content=\"article\" \/>\n<meta property=\"og:title\" content=\"Solu\u00e7\u00f5es inovadoras para distribui\u00e7\u00e3o de seguros | Policysense\" \/>\n<meta property=\"og:description\" content=\"Policysense Distribui\u00e7\u00e3o \u00e9 uma ferramenta para gest\u00e3o eficaz de qualquer tipo de canal de distribui\u00e7\u00e3o de seguros\" \/>\n<meta property=\"og:url\" content=\"https:\/\/www.policysense.com\/pt-br\/a-suite\/policysense-distribuicao\/\" \/>\n<meta property=\"og:site_name\" content=\"Policysense\" \/>\n<meta property=\"article:publisher\" content=\"https:\/\/www.facebook.com\/grupoinmotionlat\" \/>\n<meta property=\"article:modified_time\" content=\"2023-06-13T20:28:15+00:00\" \/>\n<meta property=\"og:image\" content=\"https:\/\/www.policysense.com\/wp-content\/uploads\/2023\/03\/header-distribucion.jpg\" \/>\n\t<meta property=\"og:image:width\" content=\"800\" \/>\n\t<meta property=\"og:image:height\" content=\"504\" \/>\n\t<meta property=\"og:image:type\" content=\"image\/jpeg\" \/>\n<meta name=\"twitter:card\" content=\"summary_large_image\" \/>\n<meta name=\"twitter:site\" content=\"@grupoinmotion_\" \/>\n<meta name=\"twitter:label1\" content=\"Est. reading time\" \/>\n\t<meta name=\"twitter:data1\" content=\"1 minute\" \/>\n<!-- \/ Yoast SEO plugin. -->","yoast_head_json":{"title":"Solu\u00e7\u00f5es inovadoras para distribui\u00e7\u00e3o de seguros | Policysense","description":"Policysense Distribui\u00e7\u00e3o \u00e9 uma ferramenta para gest\u00e3o eficaz de qualquer tipo de canal de distribui\u00e7\u00e3o de seguros","robots":{"index":"index","follow":"follow","max-snippet":"max-snippet:-1","max-image-preview":"max-image-preview:large","max-video-preview":"max-video-preview:-1"},"canonical":"https:\/\/www.policysense.com\/pt-br\/a-suite\/policysense-distribuicao\/","og_locale":"pt_PT","og_type":"article","og_title":"Solu\u00e7\u00f5es inovadoras para distribui\u00e7\u00e3o de seguros | Policysense","og_description":"Policysense Distribui\u00e7\u00e3o \u00e9 uma ferramenta para gest\u00e3o eficaz de qualquer tipo de canal de distribui\u00e7\u00e3o de seguros","og_url":"https:\/\/www.policysense.com\/pt-br\/a-suite\/policysense-distribuicao\/","og_site_name":"Policysense","article_publisher":"https:\/\/www.facebook.com\/grupoinmotionlat","article_modified_time":"2023-06-13T20:28:15+00:00","og_image":[{"width":800,"height":504,"url":"https:\/\/www.policysense.com\/wp-content\/uploads\/2023\/03\/header-distribucion.jpg","type":"image\/jpeg"}],"twitter_card":"summary_large_image","twitter_site":"@grupoinmotion_","twitter_misc":{"Est. reading time":"1 minute"},"schema":{"@context":"https:\/\/schema.org","@graph":[{"@type":"WebPage","@id":"https:\/\/www.policysense.com\/pt-br\/a-suite\/policysense-distribuicao\/","url":"https:\/\/www.policysense.com\/pt-br\/a-suite\/policysense-distribuicao\/","name":"Solu\u00e7\u00f5es inovadoras para distribui\u00e7\u00e3o de seguros | Policysense","isPartOf":{"@id":"https:\/\/www.policysense.com\/pt-br\/#website"},"primaryImageOfPage":{"@id":"https:\/\/www.policysense.com\/pt-br\/a-suite\/policysense-distribuicao\/#primaryimage"},"image":{"@id":"https:\/\/www.policysense.com\/pt-br\/a-suite\/policysense-distribuicao\/#primaryimage"},"thumbnailUrl":"https:\/\/www.policysense.com\/wp-content\/uploads\/2023\/03\/header-distribucion.jpg","datePublished":"2023-02-09T19:43:39+00:00","dateModified":"2023-06-13T20:28:15+00:00","description":"Policysense Distribui\u00e7\u00e3o \u00e9 uma ferramenta para gest\u00e3o eficaz de qualquer tipo de canal de distribui\u00e7\u00e3o de seguros","breadcrumb":{"@id":"https:\/\/www.policysense.com\/pt-br\/a-suite\/policysense-distribuicao\/#breadcrumb"},"inLanguage":"pt","potentialAction":[{"@type":"ReadAction","target":["https:\/\/www.policysense.com\/pt-br\/a-suite\/policysense-distribuicao\/"]}]},{"@type":"ImageObject","inLanguage":"pt","@id":"https:\/\/www.policysense.com\/pt-br\/a-suite\/policysense-distribuicao\/#primaryimage","url":"https:\/\/www.policysense.com\/wp-content\/uploads\/2023\/03\/header-distribucion.jpg","contentUrl":"https:\/\/www.policysense.com\/wp-content\/uploads\/2023\/03\/header-distribucion.jpg","width":800,"height":504,"caption":"distribucion-de-seguros-suite-policysense-transformacion-digital-en-seguros"},{"@type":"BreadcrumbList","@id":"https:\/\/www.policysense.com\/pt-br\/a-suite\/policysense-distribuicao\/#breadcrumb","itemListElement":[{"@type":"ListItem","position":1,"name":"Portada","item":"https:\/\/www.policysense.com\/pt-br\/"},{"@type":"ListItem","position":2,"name":"A Suite","item":"https:\/\/www.policysense.com\/pt-br\/la-suite\/"},{"@type":"ListItem","position":3,"name":"Policysense Distribui\u00e7\u00e3o"}]},{"@type":"WebSite","@id":"https:\/\/www.policysense.com\/pt-br\/#website","url":"https:\/\/www.policysense.com\/pt-br\/","name":"Policysense | Transformaci\u00f3n digital para compa\u00f1\u00edas de seguros","description":"Policysense transformaci\u00f3n digital para compa\u00f1\u00edas de seguros de pr\u00f3xima generaci\u00f3n, nativas en la nube, modulares, basadas en Low-Code y m\u00e1s","publisher":{"@id":"https:\/\/www.policysense.com\/pt-br\/#organization"},"potentialAction":[{"@type":"SearchAction","target":{"@type":"EntryPoint","urlTemplate":"https:\/\/www.policysense.com\/pt-br\/?s={search_term_string}"},"query-input":{"@type":"PropertyValueSpecification","valueRequired":true,"valueName":"search_term_string"}}],"inLanguage":"pt"},{"@type":"Organization","@id":"https:\/\/www.policysense.com\/pt-br\/#organization","name":"Policysense","url":"https:\/\/www.policysense.com\/pt-br\/","logo":{"@type":"ImageObject","inLanguage":"pt","@id":"https:\/\/www.policysense.com\/pt-br\/#\/schema\/logo\/image\/","url":"https:\/\/www.policysense.com\/wp-content\/uploads\/2024\/03\/logo-policysense-oficial.png","contentUrl":"https:\/\/www.policysense.com\/wp-content\/uploads\/2024\/03\/logo-policysense-oficial.png","width":367,"height":60,"caption":"Policysense"},"image":{"@id":"https:\/\/www.policysense.com\/pt-br\/#\/schema\/logo\/image\/"},"sameAs":["https:\/\/www.facebook.com\/grupoinmotionlat","https:\/\/x.com\/grupoinmotion_","https:\/\/www.linkedin.com\/company\/grupoinmotion\/","https:\/\/www.instagram.com\/grupoinmotion_\/"]}]}},"_links":{"self":[{"href":"https:\/\/www.policysense.com\/pt-br\/wp-json\/wp\/v2\/pages\/1726","targetHints":{"allow":["GET"]}}],"collection":[{"href":"https:\/\/www.policysense.com\/pt-br\/wp-json\/wp\/v2\/pages"}],"about":[{"href":"https:\/\/www.policysense.com\/pt-br\/wp-json\/wp\/v2\/types\/page"}],"author":[{"embeddable":true,"href":"https:\/\/www.policysense.com\/pt-br\/wp-json\/wp\/v2\/users\/1"}],"replies":[{"embeddable":true,"href":"https:\/\/www.policysense.com\/pt-br\/wp-json\/wp\/v2\/comments?post=1726"}],"version-history":[{"count":2,"href":"https:\/\/www.policysense.com\/pt-br\/wp-json\/wp\/v2\/pages\/1726\/revisions"}],"predecessor-version":[{"id":1728,"href":"https:\/\/www.policysense.com\/pt-br\/wp-json\/wp\/v2\/pages\/1726\/revisions\/1728"}],"up":[{"embeddable":true,"href":"https:\/\/www.policysense.com\/pt-br\/wp-json\/wp\/v2\/pages\/1714"}],"wp:featuredmedia":[{"embeddable":true,"href":"https:\/\/www.policysense.com\/pt-br\/wp-json\/wp\/v2\/media\/1623"}],"wp:attachment":[{"href":"https:\/\/www.policysense.com\/pt-br\/wp-json\/wp\/v2\/media?parent=1726"}],"curies":[{"name":"wp","href":"https:\/\/api.w.org\/{rel}","templated":true}]}}