{"id":1732,"date":"2023-03-01T18:54:56","date_gmt":"2023-03-01T18:54:56","guid":{"rendered":"https:\/\/policysense.com\/?page_id=1732"},"modified":"2023-06-13T20:30:01","modified_gmt":"2023-06-13T20:30:01","slug":"policysense-kernel","status":"publish","type":"page","link":"https:\/\/www.policysense.com\/pt-br\/a-suite\/policysense-kernel\/","title":{"rendered":"Policysense Kernel"},"content":{"rendered":"<h2>O qu\u00e9 inclui o kernel de Policysense?<\/h2>\n<p><img loading=\"lazy\" decoding=\"async\" class=\"alignnone size-medium wp-image-1137\" src=\"https:\/\/policysense.com\/wp-content\/uploads\/2023\/03\/portada_kernel-269x300.png\" alt=\"\" width=\"269\" height=\"300\" srcset=\"https:\/\/www.policysense.com\/wp-content\/uploads\/2023\/03\/portada_kernel-269x300.png 269w, https:\/\/www.policysense.com\/wp-content\/uploads\/2023\/03\/portada_kernel.png 331w\" sizes=\"auto, (max-width: 269px) 100vw, 269px\" \/><\/p>\n","protected":false},"excerpt":{"rendered":"<p>O qu\u00e9 inclui o kernel de Policysense?<\/p>\n","protected":false},"author":1,"featured_media":1596,"parent":1714,"menu_order":0,"comment_status":"closed","ping_status":"closed","template":"page-kernel.php","meta":{"inline_featured_image":false,"footnotes":""},"class_list":["post-1732","page","type-page","status-publish","has-post-thumbnail","hentry"],"acf":[],"yoast_head":"<!-- This site is optimized with the Yoast SEO plugin v27.4 - https:\/\/yoast.com\/product\/yoast-seo-wordpress\/ -->\n<title>Policysense Kernel | Recursos e servi\u00e7os comuns para seguros<\/title>\n<meta name=\"description\" content=\"Policysense Kernel fornece funcionalidades e servi\u00e7os comuns para seguradoras, desde configura\u00e7\u00e3o de produtos, fluxos de trabalho, an\u00e1lises e muito mais\" \/>\n<meta name=\"robots\" content=\"index, follow, max-snippet:-1, max-image-preview:large, max-video-preview:-1\" \/>\n<link rel=\"canonical\" href=\"https:\/\/www.policysense.com\/pt-br\/a-suite\/policysense-kernel\/\" \/>\n<meta property=\"og:locale\" content=\"pt_PT\" \/>\n<meta property=\"og:type\" content=\"article\" \/>\n<meta property=\"og:title\" content=\"Policysense Kernel | Recursos e servi\u00e7os comuns para seguros\" \/>\n<meta property=\"og:description\" content=\"Policysense Kernel fornece funcionalidades e servi\u00e7os comuns para seguradoras, desde configura\u00e7\u00e3o de produtos, fluxos de trabalho, an\u00e1lises e muito mais\" \/>\n<meta property=\"og:url\" content=\"https:\/\/www.policysense.com\/pt-br\/a-suite\/policysense-kernel\/\" \/>\n<meta property=\"og:site_name\" content=\"Policysense\" \/>\n<meta property=\"article:publisher\" content=\"https:\/\/www.facebook.com\/grupoinmotionlat\" \/>\n<meta property=\"article:modified_time\" content=\"2023-06-13T20:30:01+00:00\" \/>\n<meta property=\"og:image\" content=\"https:\/\/www.policysense.com\/wp-content\/uploads\/2023\/03\/kernel.png\" \/>\n\t<meta property=\"og:image:width\" content=\"691\" \/>\n\t<meta property=\"og:image:height\" content=\"375\" \/>\n\t<meta property=\"og:image:type\" content=\"image\/png\" \/>\n<meta name=\"twitter:card\" content=\"summary_large_image\" \/>\n<meta name=\"twitter:site\" content=\"@grupoinmotion_\" \/>\n<meta name=\"twitter:label1\" content=\"Est. reading time\" \/>\n\t<meta name=\"twitter:data1\" content=\"1 minute\" \/>\n<!-- \/ Yoast SEO plugin. -->","yoast_head_json":{"title":"Policysense Kernel | Recursos e servi\u00e7os comuns para seguros","description":"Policysense Kernel fornece funcionalidades e servi\u00e7os comuns para seguradoras, desde configura\u00e7\u00e3o de produtos, fluxos de trabalho, an\u00e1lises e muito mais","robots":{"index":"index","follow":"follow","max-snippet":"max-snippet:-1","max-image-preview":"max-image-preview:large","max-video-preview":"max-video-preview:-1"},"canonical":"https:\/\/www.policysense.com\/pt-br\/a-suite\/policysense-kernel\/","og_locale":"pt_PT","og_type":"article","og_title":"Policysense Kernel | Recursos e servi\u00e7os comuns para seguros","og_description":"Policysense Kernel fornece funcionalidades e servi\u00e7os comuns para seguradoras, desde configura\u00e7\u00e3o de produtos, fluxos de trabalho, an\u00e1lises e muito mais","og_url":"https:\/\/www.policysense.com\/pt-br\/a-suite\/policysense-kernel\/","og_site_name":"Policysense","article_publisher":"https:\/\/www.facebook.com\/grupoinmotionlat","article_modified_time":"2023-06-13T20:30:01+00:00","og_image":[{"width":691,"height":375,"url":"https:\/\/www.policysense.com\/wp-content\/uploads\/2023\/03\/kernel.png","type":"image\/png"}],"twitter_card":"summary_large_image","twitter_site":"@grupoinmotion_","twitter_misc":{"Est. reading time":"1 minute"},"schema":{"@context":"https:\/\/schema.org","@graph":[{"@type":"WebPage","@id":"https:\/\/www.policysense.com\/pt-br\/a-suite\/policysense-kernel\/","url":"https:\/\/www.policysense.com\/pt-br\/a-suite\/policysense-kernel\/","name":"Policysense Kernel | Recursos e servi\u00e7os comuns para seguros","isPartOf":{"@id":"https:\/\/www.policysense.com\/pt-br\/#website"},"primaryImageOfPage":{"@id":"https:\/\/www.policysense.com\/pt-br\/a-suite\/policysense-kernel\/#primaryimage"},"image":{"@id":"https:\/\/www.policysense.com\/pt-br\/a-suite\/policysense-kernel\/#primaryimage"},"thumbnailUrl":"https:\/\/www.policysense.com\/wp-content\/uploads\/2023\/03\/kernel.png","datePublished":"2023-03-01T18:54:56+00:00","dateModified":"2023-06-13T20:30:01+00:00","description":"Policysense Kernel fornece funcionalidades e servi\u00e7os comuns para seguradoras, desde configura\u00e7\u00e3o de produtos, fluxos de trabalho, an\u00e1lises e muito mais","breadcrumb":{"@id":"https:\/\/www.policysense.com\/pt-br\/a-suite\/policysense-kernel\/#breadcrumb"},"inLanguage":"pt","potentialAction":[{"@type":"ReadAction","target":["https:\/\/www.policysense.com\/pt-br\/a-suite\/policysense-kernel\/"]}]},{"@type":"ImageObject","inLanguage":"pt","@id":"https:\/\/www.policysense.com\/pt-br\/a-suite\/policysense-kernel\/#primaryimage","url":"https:\/\/www.policysense.com\/wp-content\/uploads\/2023\/03\/kernel.png","contentUrl":"https:\/\/www.policysense.com\/wp-content\/uploads\/2023\/03\/kernel.png","width":691,"height":375},{"@type":"BreadcrumbList","@id":"https:\/\/www.policysense.com\/pt-br\/a-suite\/policysense-kernel\/#breadcrumb","itemListElement":[{"@type":"ListItem","position":1,"name":"Portada","item":"https:\/\/www.policysense.com\/pt-br\/"},{"@type":"ListItem","position":2,"name":"A Suite","item":"https:\/\/www.policysense.com\/pt-br\/la-suite\/"},{"@type":"ListItem","position":3,"name":"Policysense Kernel"}]},{"@type":"WebSite","@id":"https:\/\/www.policysense.com\/pt-br\/#website","url":"https:\/\/www.policysense.com\/pt-br\/","name":"Policysense | Transformaci\u00f3n digital para compa\u00f1\u00edas de seguros","description":"Policysense transformaci\u00f3n digital para compa\u00f1\u00edas de seguros de pr\u00f3xima generaci\u00f3n, nativas en la nube, modulares, basadas en Low-Code y m\u00e1s","publisher":{"@id":"https:\/\/www.policysense.com\/pt-br\/#organization"},"potentialAction":[{"@type":"SearchAction","target":{"@type":"EntryPoint","urlTemplate":"https:\/\/www.policysense.com\/pt-br\/?s={search_term_string}"},"query-input":{"@type":"PropertyValueSpecification","valueRequired":true,"valueName":"search_term_string"}}],"inLanguage":"pt"},{"@type":"Organization","@id":"https:\/\/www.policysense.com\/pt-br\/#organization","name":"Policysense","url":"https:\/\/www.policysense.com\/pt-br\/","logo":{"@type":"ImageObject","inLanguage":"pt","@id":"https:\/\/www.policysense.com\/pt-br\/#\/schema\/logo\/image\/","url":"https:\/\/www.policysense.com\/wp-content\/uploads\/2024\/03\/logo-policysense-oficial.png","contentUrl":"https:\/\/www.policysense.com\/wp-content\/uploads\/2024\/03\/logo-policysense-oficial.png","width":367,"height":60,"caption":"Policysense"},"image":{"@id":"https:\/\/www.policysense.com\/pt-br\/#\/schema\/logo\/image\/"},"sameAs":["https:\/\/www.facebook.com\/grupoinmotionlat","https:\/\/x.com\/grupoinmotion_","https:\/\/www.linkedin.com\/company\/grupoinmotion\/","https:\/\/www.instagram.com\/grupoinmotion_\/"]}]}},"_links":{"self":[{"href":"https:\/\/www.policysense.com\/pt-br\/wp-json\/wp\/v2\/pages\/1732","targetHints":{"allow":["GET"]}}],"collection":[{"href":"https:\/\/www.policysense.com\/pt-br\/wp-json\/wp\/v2\/pages"}],"about":[{"href":"https:\/\/www.policysense.com\/pt-br\/wp-json\/wp\/v2\/types\/page"}],"author":[{"embeddable":true,"href":"https:\/\/www.policysense.com\/pt-br\/wp-json\/wp\/v2\/users\/1"}],"replies":[{"embeddable":true,"href":"https:\/\/www.policysense.com\/pt-br\/wp-json\/wp\/v2\/comments?post=1732"}],"version-history":[{"count":2,"href":"https:\/\/www.policysense.com\/pt-br\/wp-json\/wp\/v2\/pages\/1732\/revisions"}],"predecessor-version":[{"id":1734,"href":"https:\/\/www.policysense.com\/pt-br\/wp-json\/wp\/v2\/pages\/1732\/revisions\/1734"}],"up":[{"embeddable":true,"href":"https:\/\/www.policysense.com\/pt-br\/wp-json\/wp\/v2\/pages\/1714"}],"wp:featuredmedia":[{"embeddable":true,"href":"https:\/\/www.policysense.com\/pt-br\/wp-json\/wp\/v2\/media\/1596"}],"wp:attachment":[{"href":"https:\/\/www.policysense.com\/pt-br\/wp-json\/wp\/v2\/media?parent=1732"}],"curies":[{"name":"wp","href":"https:\/\/api.w.org\/{rel}","templated":true}]}}