{"id":1744,"date":"2023-03-06T20:28:16","date_gmt":"2023-03-06T20:28:16","guid":{"rendered":"https:\/\/policysense.com\/?page_id=1744"},"modified":"2023-06-13T20:37:14","modified_gmt":"2023-06-13T20:37:14","slug":"por-que-policysense-estrategia-em-seguros-digitais","status":"publish","type":"page","link":"https:\/\/www.policysense.com\/pt-br\/por-que-policysense-estrategia-em-seguros-digitais\/","title":{"rendered":"Por que Policysense &#8211; Estrat\u00e9gia em seguros digitais"},"content":{"rendered":"<h1>Estrat\u00e9gia em seguros digitais<\/h1>\n<p>A f\u00e1cil configura\u00e7\u00e3o do Policysense e sua adaptabilidade aos diferentes requerimentos do mercado, permitem responder rapidamente com novos produtos de seguros digitais.<\/p>\n","protected":false},"excerpt":{"rendered":"<p>Estrat\u00e9gia em seguros digitais A f\u00e1cil configura\u00e7\u00e3o do Policysense e sua adaptabilidade aos diferentes requerimentos do mercado, permitem responder rapidamente com novos produtos de seguros digitais.<\/p>\n","protected":false},"author":1,"featured_media":1625,"parent":0,"menu_order":0,"comment_status":"closed","ping_status":"closed","template":"page-plantilla-transformacion.php","meta":{"inline_featured_image":false,"footnotes":""},"class_list":["post-1744","page","type-page","status-publish","has-post-thumbnail","hentry"],"acf":[],"yoast_head":"<!-- This site is optimized with the Yoast SEO plugin v27.6 - https:\/\/yoast.com\/product\/yoast-seo-wordpress\/ -->\n<title>Estrat\u00e9gias em seguros digitais | Policysense.com<\/title>\n<meta name=\"description\" content=\"Com Policysense, fortale\u00e7a sua estrat\u00e9gia em seguros digitais, habilite e lance produtos de seguros mais rapidamente, minimizando riscos e custos\" \/>\n<meta name=\"robots\" content=\"index, follow, max-snippet:-1, max-image-preview:large, max-video-preview:-1\" \/>\n<link rel=\"canonical\" href=\"https:\/\/www.policysense.com\/pt-br\/por-que-policysense-estrategia-em-seguros-digitais\/\" \/>\n<meta property=\"og:locale\" content=\"pt_PT\" \/>\n<meta property=\"og:type\" content=\"article\" \/>\n<meta property=\"og:title\" content=\"Estrat\u00e9gias em seguros digitais | Policysense.com\" \/>\n<meta property=\"og:description\" content=\"Com Policysense, fortale\u00e7a sua estrat\u00e9gia em seguros digitais, habilite e lance produtos de seguros mais rapidamente, minimizando riscos e custos\" \/>\n<meta property=\"og:url\" content=\"https:\/\/www.policysense.com\/pt-br\/por-que-policysense-estrategia-em-seguros-digitais\/\" \/>\n<meta property=\"og:site_name\" content=\"Policysense\" \/>\n<meta property=\"article:publisher\" content=\"https:\/\/www.facebook.com\/grupoinmotionlat\" \/>\n<meta property=\"article:modified_time\" content=\"2023-06-13T20:37:14+00:00\" \/>\n<meta property=\"og:image\" content=\"https:\/\/www.policysense.com\/wp-content\/uploads\/2023\/03\/portada-policysense-.jpg\" \/>\n\t<meta property=\"og:image:width\" content=\"1200\" \/>\n\t<meta property=\"og:image:height\" content=\"675\" \/>\n\t<meta property=\"og:image:type\" content=\"image\/jpeg\" \/>\n<meta name=\"twitter:card\" content=\"summary_large_image\" \/>\n<meta name=\"twitter:site\" content=\"@grupoinmotion_\" \/>\n<meta name=\"twitter:label1\" content=\"Est. reading time\" \/>\n\t<meta name=\"twitter:data1\" content=\"1 minute\" \/>\n<!-- \/ Yoast SEO plugin. -->","yoast_head_json":{"title":"Estrat\u00e9gias em seguros digitais | Policysense.com","description":"Com Policysense, fortale\u00e7a sua estrat\u00e9gia em seguros digitais, habilite e lance produtos de seguros mais rapidamente, minimizando riscos e custos","robots":{"index":"index","follow":"follow","max-snippet":"max-snippet:-1","max-image-preview":"max-image-preview:large","max-video-preview":"max-video-preview:-1"},"canonical":"https:\/\/www.policysense.com\/pt-br\/por-que-policysense-estrategia-em-seguros-digitais\/","og_locale":"pt_PT","og_type":"article","og_title":"Estrat\u00e9gias em seguros digitais | Policysense.com","og_description":"Com Policysense, fortale\u00e7a sua estrat\u00e9gia em seguros digitais, habilite e lance produtos de seguros mais rapidamente, minimizando riscos e custos","og_url":"https:\/\/www.policysense.com\/pt-br\/por-que-policysense-estrategia-em-seguros-digitais\/","og_site_name":"Policysense","article_publisher":"https:\/\/www.facebook.com\/grupoinmotionlat","article_modified_time":"2023-06-13T20:37:14+00:00","og_image":[{"width":1200,"height":675,"url":"https:\/\/www.policysense.com\/wp-content\/uploads\/2023\/03\/portada-policysense-.jpg","type":"image\/jpeg"}],"twitter_card":"summary_large_image","twitter_site":"@grupoinmotion_","twitter_misc":{"Est. reading time":"1 minute"},"schema":{"@context":"https:\/\/schema.org","@graph":[{"@type":"WebPage","@id":"https:\/\/www.policysense.com\/pt-br\/por-que-policysense-estrategia-em-seguros-digitais\/","url":"https:\/\/www.policysense.com\/pt-br\/por-que-policysense-estrategia-em-seguros-digitais\/","name":"Estrat\u00e9gias em seguros digitais | Policysense.com","isPartOf":{"@id":"https:\/\/www.policysense.com\/pt-br\/#website"},"primaryImageOfPage":{"@id":"https:\/\/www.policysense.com\/pt-br\/por-que-policysense-estrategia-em-seguros-digitais\/#primaryimage"},"image":{"@id":"https:\/\/www.policysense.com\/pt-br\/por-que-policysense-estrategia-em-seguros-digitais\/#primaryimage"},"thumbnailUrl":"https:\/\/www.policysense.com\/wp-content\/uploads\/2023\/03\/heade-por-que-policysense.svg","datePublished":"2023-03-06T20:28:16+00:00","dateModified":"2023-06-13T20:37:14+00:00","description":"Com Policysense, fortale\u00e7a sua estrat\u00e9gia em seguros digitais, habilite e lance produtos de seguros mais rapidamente, minimizando riscos e custos","breadcrumb":{"@id":"https:\/\/www.policysense.com\/pt-br\/por-que-policysense-estrategia-em-seguros-digitais\/#breadcrumb"},"inLanguage":"pt","potentialAction":[{"@type":"ReadAction","target":["https:\/\/www.policysense.com\/pt-br\/por-que-policysense-estrategia-em-seguros-digitais\/"]}]},{"@type":"ImageObject","inLanguage":"pt","@id":"https:\/\/www.policysense.com\/pt-br\/por-que-policysense-estrategia-em-seguros-digitais\/#primaryimage","url":"https:\/\/www.policysense.com\/wp-content\/uploads\/2023\/03\/heade-por-que-policysense.svg","contentUrl":"https:\/\/www.policysense.com\/wp-content\/uploads\/2023\/03\/heade-por-que-policysense.svg","width":800,"height":503},{"@type":"BreadcrumbList","@id":"https:\/\/www.policysense.com\/pt-br\/por-que-policysense-estrategia-em-seguros-digitais\/#breadcrumb","itemListElement":[{"@type":"ListItem","position":1,"name":"Portada","item":"https:\/\/www.policysense.com\/pt-br\/"},{"@type":"ListItem","position":2,"name":"Por que Policysense &#8211; Estrat\u00e9gia em seguros digitais"}]},{"@type":"WebSite","@id":"https:\/\/www.policysense.com\/pt-br\/#website","url":"https:\/\/www.policysense.com\/pt-br\/","name":"Policysense | Transformaci\u00f3n digital para compa\u00f1\u00edas de seguros","description":"Policysense transformaci\u00f3n digital para compa\u00f1\u00edas de seguros de pr\u00f3xima generaci\u00f3n, nativas en la nube, modulares, basadas en Low-Code y m\u00e1s","publisher":{"@id":"https:\/\/www.policysense.com\/pt-br\/#organization"},"potentialAction":[{"@type":"SearchAction","target":{"@type":"EntryPoint","urlTemplate":"https:\/\/www.policysense.com\/pt-br\/?s={search_term_string}"},"query-input":{"@type":"PropertyValueSpecification","valueRequired":true,"valueName":"search_term_string"}}],"inLanguage":"pt"},{"@type":"Organization","@id":"https:\/\/www.policysense.com\/pt-br\/#organization","name":"Policysense","url":"https:\/\/www.policysense.com\/pt-br\/","logo":{"@type":"ImageObject","inLanguage":"pt","@id":"https:\/\/www.policysense.com\/pt-br\/#\/schema\/logo\/image\/","url":"https:\/\/www.policysense.com\/wp-content\/uploads\/2024\/03\/logo-policysense-oficial.png","contentUrl":"https:\/\/www.policysense.com\/wp-content\/uploads\/2024\/03\/logo-policysense-oficial.png","width":367,"height":60,"caption":"Policysense"},"image":{"@id":"https:\/\/www.policysense.com\/pt-br\/#\/schema\/logo\/image\/"},"sameAs":["https:\/\/www.facebook.com\/grupoinmotionlat","https:\/\/x.com\/grupoinmotion_","https:\/\/www.linkedin.com\/company\/grupoinmotion\/","https:\/\/www.instagram.com\/grupoinmotion_\/"]}]}},"_links":{"self":[{"href":"https:\/\/www.policysense.com\/pt-br\/wp-json\/wp\/v2\/pages\/1744","targetHints":{"allow":["GET"]}}],"collection":[{"href":"https:\/\/www.policysense.com\/pt-br\/wp-json\/wp\/v2\/pages"}],"about":[{"href":"https:\/\/www.policysense.com\/pt-br\/wp-json\/wp\/v2\/types\/page"}],"author":[{"embeddable":true,"href":"https:\/\/www.policysense.com\/pt-br\/wp-json\/wp\/v2\/users\/1"}],"replies":[{"embeddable":true,"href":"https:\/\/www.policysense.com\/pt-br\/wp-json\/wp\/v2\/comments?post=1744"}],"version-history":[{"count":2,"href":"https:\/\/www.policysense.com\/pt-br\/wp-json\/wp\/v2\/pages\/1744\/revisions"}],"predecessor-version":[{"id":1746,"href":"https:\/\/www.policysense.com\/pt-br\/wp-json\/wp\/v2\/pages\/1744\/revisions\/1746"}],"wp:featuredmedia":[{"embeddable":true,"href":"https:\/\/www.policysense.com\/pt-br\/wp-json\/wp\/v2\/media\/1625"}],"wp:attachment":[{"href":"https:\/\/www.policysense.com\/pt-br\/wp-json\/wp\/v2\/media?parent=1744"}],"curies":[{"name":"wp","href":"https:\/\/api.w.org\/{rel}","templated":true}]}}