{"id":1794,"date":"2023-01-30T12:16:59","date_gmt":"2023-01-30T12:16:59","guid":{"rendered":"https:\/\/policysense.com\/?page_id=1794"},"modified":"2023-06-13T20:52:29","modified_gmt":"2023-06-13T20:52:29","slug":"solicitar-uma-demo","status":"publish","type":"page","link":"https:\/\/www.policysense.com\/pt-br\/solicitar-uma-demo\/","title":{"rendered":"Solicitar uma Demo"},"content":{"rendered":"<p>Voc\u00ea est\u00e1 interessado em avaliar ao vivo nossa Su\u00edte?<br \/>\nO te invitamos a preencher o formul\u00e1rio para come\u00e7ar a descobrir as vantagens de Policysense.<\/p>\n\n<div class=\"wpcf7 no-js\" id=\"wpcf7-f1783-o1\" lang=\"es-ES\" dir=\"ltr\" data-wpcf7-id=\"1783\">\n<div class=\"screen-reader-response\"><p role=\"status\" aria-live=\"polite\" aria-atomic=\"true\"><\/p> <ul><\/ul><\/div>\n<form action=\"\/pt-br\/wp-json\/wp\/v2\/pages\/1794#wpcf7-f1783-o1\" method=\"post\" class=\"wpcf7-form init\" aria-label=\"Contact form\" novalidate=\"novalidate\" data-status=\"init\">\n<fieldset class=\"hidden-fields-container\"><input type=\"hidden\" name=\"_wpcf7\" value=\"1783\" \/><input type=\"hidden\" name=\"_wpcf7_version\" value=\"6.1.5\" \/><input type=\"hidden\" name=\"_wpcf7_locale\" value=\"es_ES\" \/><input type=\"hidden\" name=\"_wpcf7_unit_tag\" value=\"wpcf7-f1783-o1\" \/><input type=\"hidden\" name=\"_wpcf7_container_post\" value=\"0\" \/><input type=\"hidden\" name=\"_wpcf7_posted_data_hash\" value=\"\" \/>\n<\/fieldset>\n<div class=\"row pt-3\">\n\t<div class=\"col-md-6\">\n\t\t<p><span class=\"wpcf7-form-control-wrap\" data-name=\"nombre\"><input size=\"40\" maxlength=\"400\" class=\"wpcf7-form-control wpcf7-text wpcf7-validates-as-required form-control\" aria-required=\"true\" aria-invalid=\"false\" placeholder=\"Nome\" value=\"\" type=\"text\" name=\"nombre\" \/><\/span>\n\t\t<\/p>\n\t<\/div>\n\t<div class=\"col-md-6\">\n\t\t<p><span class=\"wpcf7-form-control-wrap\" data-name=\"apellido\"><input size=\"40\" maxlength=\"400\" class=\"wpcf7-form-control wpcf7-text wpcf7-validates-as-required form-control\" aria-required=\"true\" aria-invalid=\"false\" placeholder=\"Sobrenome\" value=\"\" type=\"text\" name=\"apellido\" \/><\/span>\n\t\t<\/p>\n\t<\/div>\n\t<div class=\"col-md-12\">\n\t\t<p><span class=\"wpcf7-form-control-wrap\" data-name=\"email\"><input size=\"40\" maxlength=\"400\" class=\"wpcf7-form-control wpcf7-email wpcf7-validates-as-required wpcf7-text wpcf7-validates-as-email form-control\" aria-required=\"true\" aria-invalid=\"false\" placeholder=\"E-mail\" value=\"\" type=\"email\" name=\"email\" \/><\/span>\n\t\t<\/p>\n\t<\/div>\n\t<div class=\"col-md-12\">\n\t\t<p><span class=\"wpcf7-form-control-wrap\" data-name=\"nombreEmpresa\"><input size=\"40\" maxlength=\"400\" class=\"wpcf7-form-control wpcf7-text wpcf7-validates-as-required form-control\" aria-required=\"true\" aria-invalid=\"false\" placeholder=\"Nome da empresa\" value=\"\" type=\"text\" name=\"nombreEmpresa\" \/><\/span>\n\t\t<\/p>\n\t<\/div>\n\t<div class=\"col-md-12\">\n\t\t<p><span class=\"wpcf7-form-control-wrap\" data-name=\"cargo\"><input size=\"40\" maxlength=\"400\" class=\"wpcf7-form-control wpcf7-text form-control\" aria-invalid=\"false\" placeholder=\"Cargo\" value=\"\" type=\"text\" name=\"cargo\" \/><\/span>\n\t\t<\/p>\n\t<\/div>\n\t<div class=\"col-md-12\">\n\t\t<p><span class=\"wpcf7-form-control-wrap\" data-name=\"pais\"><input size=\"40\" maxlength=\"400\" class=\"wpcf7-form-control wpcf7-text form-control\" aria-invalid=\"false\" placeholder=\"Pa\u00eds\" value=\"\" type=\"text\" name=\"pais\" \/><\/span>\n\t\t<\/p>\n\t<\/div>\n\t<div class=\"col-md-12\">\n\t\t<p><span class=\"wpcf7-form-control-wrap\" data-name=\"telefono\"><input size=\"40\" maxlength=\"400\" class=\"wpcf7-form-control wpcf7-tel wpcf7-validates-as-required wpcf7-text wpcf7-validates-as-tel form-control\" aria-required=\"true\" aria-invalid=\"false\" placeholder=\"Telefone\" value=\"\" type=\"tel\" name=\"telefono\" \/><\/span>\n\t\t<\/p>\n\t<\/div>\n\t<div class=\"col-md-12\">\n\t\t<p><span class=\"wpcf7-form-control-wrap\" data-name=\"mensaje\"><textarea cols=\"40\" rows=\"10\" maxlength=\"2000\" class=\"wpcf7-form-control wpcf7-textarea wpcf7-validates-as-required form-control\" aria-required=\"true\" aria-invalid=\"false\" placeholder=\"Escreva sua mensagem\" name=\"mensaje\"><\/textarea><\/span>\n\t\t<\/p>\n\t<\/div>\n\t<div class=\"col-12 mb-4\">\n\t\t<p><label>Gostaria de conhecer mais sobre:<\/label>\n\t\t<\/p>\n\t<\/div>\n\t<div class=\"col-6\">\n\t\t<p><span class=\"wpcf7-form-control-wrap\" data-name=\"conocer\"><span class=\"wpcf7-form-control wpcf7-checkbox\"><span class=\"wpcf7-list-item first\"><label><input type=\"checkbox\" name=\"conocer[]\" value=\"Policysense Vendas\" checked=\"checked\" \/><span class=\"wpcf7-list-item-label\">Policysense Vendas<\/span><\/label><\/span><span class=\"wpcf7-list-item\"><label><input type=\"checkbox\" name=\"conocer[]\" value=\"Policysense Sinistros\" \/><span class=\"wpcf7-list-item-label\">Policysense Sinistros<\/span><\/label><\/span><span class=\"wpcf7-list-item\"><label><input type=\"checkbox\" name=\"conocer[]\" value=\"Policysense Resseguro\" \/><span class=\"wpcf7-list-item-label\">Policysense Resseguro<\/span><\/label><\/span><span class=\"wpcf7-list-item last\"><label><input type=\"checkbox\" name=\"conocer[]\" value=\"Policysense Kernel\" \/><span class=\"wpcf7-list-item-label\">Policysense Kernel<\/span><\/label><\/span><\/span><\/span>\n\t\t<\/p>\n\t<\/div>\n\t<div class=\"col-6\">\n\t\t<p><span class=\"wpcf7-form-control-wrap\" data-name=\"conocer2\"><span class=\"wpcf7-form-control wpcf7-checkbox\"><span class=\"wpcf7-list-item first\"><label><input type=\"checkbox\" name=\"conocer2[]\" value=\"Policysense Distribui\u00e7\u00e3o\" checked=\"checked\" \/><span class=\"wpcf7-list-item-label\">Policysense Distribui\u00e7\u00e3o<\/span><\/label><\/span><span class=\"wpcf7-list-item\"><label><input type=\"checkbox\" name=\"conocer2[]\" value=\"Policysense Ap\u00f3lices\" \/><span class=\"wpcf7-list-item-label\">Policysense Ap\u00f3lices<\/span><\/label><\/span><span class=\"wpcf7-list-item\"><label><input type=\"checkbox\" name=\"conocer2[]\" value=\"Policysense Cobran\u00e7a\" \/><span class=\"wpcf7-list-item-label\">Policysense Cobran\u00e7a<\/span><\/label><\/span><span class=\"wpcf7-list-item last\"><label><input type=\"checkbox\" name=\"conocer2[]\" value=\"Outro\" \/><span class=\"wpcf7-list-item-label\">Outro<\/span><\/label><\/span><\/span><\/span>\n\t\t<\/p>\n\t<\/div>\n\t<div class=\"col-md-12\">\n\t\t<p><span class=\"wpcf7-form-control-wrap\" data-name=\"comunicaciones\"><span class=\"wpcf7-form-control wpcf7-checkbox\"><span class=\"wpcf7-list-item first last\"><label><input type=\"checkbox\" name=\"comunicaciones[]\" value=\"Aceito receber outras comunica\u00e7\u00f5es de Policysense\" \/><span class=\"wpcf7-list-item-label\">Aceito receber outras comunica\u00e7\u00f5es de Policysense<\/span><\/label><\/span><\/span><\/span>\n\t\t<\/p>\n\t<\/div>\n\t<div class=\"col-md-12\">\n\t\t<p><span class=\"wpcf7-form-control-wrap\" data-name=\"politicas\"><span class=\"wpcf7-form-control wpcf7-checkbox wpcf7-validates-as-required\"><span class=\"wpcf7-list-item first last\"><label><input type=\"checkbox\" name=\"politicas[]\" value=\"Eu concordo com a Pol\u00edtica de Privacidade\" \/><span class=\"wpcf7-list-item-label\">Eu concordo com a Pol\u00edtica de Privacidade<\/span><\/label><\/span><\/span><\/span>\n\t\t<\/p>\n\t<\/div>\n\t<div class=\"col-md-12\">\n\t\t<p>Nos comprometemos a processar seus dados pessoais em conformidade com nossa <a href=\"https:\/\/policysense.com\/aviso-legal-y-politica-de-privacidad\/\">Pol\u00edtica de privacidade<\/a> enquanto fornecemos um aviso transparente sobre nossas pr\u00e1ticas.\n\t\t<\/p>\n\t\t<p><div class=\"cf7-cf-turnstile\" style=\"margin-top: 0px; margin-bottom: -15px;\"> <div id=\"cf-turnstile-cf7-2838699382\" class=\"cf-turnstile\" data-callback=\"turnstileCF7Callback\" data-sitekey=\"0x4AAAAAABq-L3SFnXC67iOa\" data-theme=\"light\" data-language=\"auto\" data-size=\"normal\" data-retry=\"auto\" data-retry-interval=\"1000\" data-action=\"contact-form-7\" data-appearance=\"always\"><\/div> <style>.wpcf7-submit { pointer-events: none; opacity: 0.5; }<\/style> <script>document.addEventListener(\"DOMContentLoaded\", function() { setTimeout(function(){ var e=document.getElementById(\"cf-turnstile-cf7-2838699382\"); e&&!e.innerHTML.trim()&&(turnstile.remove(\"#cf-turnstile-cf7-2838699382\"), turnstile.render(\"#cf-turnstile-cf7-2838699382\", {sitekey:\"0x4AAAAAABq-L3SFnXC67iOa\"})); }, 0); });<\/script> <br class=\"cf-turnstile-br cf-turnstile-br-cf7-2838699382\"> <style>#cf-turnstile-cf7-2838699382 { margin-left: -15px; }<\/style> <script>document.addEventListener(\"DOMContentLoaded\",function(){document.querySelectorAll('.wpcf7-form').forEach(function(e){e.addEventListener('submit',function(){if(document.getElementById('cf-turnstile-cf7-2838699382')){setTimeout(function(){turnstile.reset('#cf-turnstile-cf7-2838699382');},1000)}})})});<\/script> <\/div>\n\t\t<\/p>\n\t<\/div>\n\t<div class=\"col-md-12\">\n\t\t<p><input class=\"wpcf7-form-control wpcf7-submit has-spinner btn\" type=\"submit\" value=\"solicitar demo\" \/>\n\t\t<\/p>\n\t<\/div>\n<\/div><div class=\"wpcf7-response-output\" aria-hidden=\"true\"><\/div>\n<\/form>\n<\/div>\n\n","protected":false},"excerpt":{"rendered":"<p>Voc\u00ea est\u00e1 interessado em avaliar ao vivo nossa Su\u00edte? O te invitamos a preencher o formul\u00e1rio para come\u00e7ar a descobrir as vantagens de Policysense.<\/p>\n","protected":false},"author":1,"featured_media":0,"parent":0,"menu_order":0,"comment_status":"closed","ping_status":"closed","template":"page-solicitar-un-demo.php","meta":{"inline_featured_image":false,"footnotes":""},"class_list":["post-1794","page","type-page","status-publish","hentry"],"acf":[],"yoast_head":"<!-- This site is optimized with the Yoast SEO plugin v27.4 - https:\/\/yoast.com\/product\/yoast-seo-wordpress\/ -->\n<title>Solicite sua demonstra\u00e7\u00e3o | Policysense.com<\/title>\n<meta name=\"description\" content=\"Interessado em avaliar ao vivo a su\u00edte Policysense? Solicite sua demonstra\u00e7\u00e3o agora\" \/>\n<meta name=\"robots\" content=\"index, follow, max-snippet:-1, max-image-preview:large, max-video-preview:-1\" \/>\n<link rel=\"canonical\" href=\"https:\/\/www.policysense.com\/pt-br\/solicitar-uma-demo\/\" \/>\n<meta property=\"og:locale\" content=\"pt_PT\" \/>\n<meta property=\"og:type\" content=\"article\" \/>\n<meta property=\"og:title\" content=\"Solicite sua demonstra\u00e7\u00e3o | Policysense.com\" \/>\n<meta property=\"og:description\" content=\"Interessado em avaliar ao vivo a su\u00edte Policysense? Solicite sua demonstra\u00e7\u00e3o agora\" \/>\n<meta property=\"og:url\" content=\"https:\/\/www.policysense.com\/pt-br\/solicitar-uma-demo\/\" \/>\n<meta property=\"og:site_name\" content=\"Policysense\" \/>\n<meta property=\"article:publisher\" content=\"https:\/\/www.facebook.com\/grupoinmotionlat\" \/>\n<meta property=\"article:modified_time\" content=\"2023-06-13T20:52:29+00:00\" \/>\n<meta property=\"og:image\" content=\"https:\/\/www.policysense.com\/wp-content\/uploads\/2023\/03\/portada-policysense-.jpg\" \/>\n\t<meta property=\"og:image:width\" content=\"1200\" \/>\n\t<meta property=\"og:image:height\" content=\"675\" \/>\n\t<meta property=\"og:image:type\" content=\"image\/jpeg\" \/>\n<meta name=\"twitter:card\" content=\"summary_large_image\" \/>\n<meta name=\"twitter:site\" content=\"@grupoinmotion_\" \/>\n<meta name=\"twitter:label1\" content=\"Est. reading time\" \/>\n\t<meta name=\"twitter:data1\" content=\"1 minute\" \/>\n<!-- \/ Yoast SEO plugin. -->","yoast_head_json":{"title":"Solicite sua demonstra\u00e7\u00e3o | Policysense.com","description":"Interessado em avaliar ao vivo a su\u00edte Policysense? Solicite sua demonstra\u00e7\u00e3o agora","robots":{"index":"index","follow":"follow","max-snippet":"max-snippet:-1","max-image-preview":"max-image-preview:large","max-video-preview":"max-video-preview:-1"},"canonical":"https:\/\/www.policysense.com\/pt-br\/solicitar-uma-demo\/","og_locale":"pt_PT","og_type":"article","og_title":"Solicite sua demonstra\u00e7\u00e3o | Policysense.com","og_description":"Interessado em avaliar ao vivo a su\u00edte Policysense? Solicite sua demonstra\u00e7\u00e3o agora","og_url":"https:\/\/www.policysense.com\/pt-br\/solicitar-uma-demo\/","og_site_name":"Policysense","article_publisher":"https:\/\/www.facebook.com\/grupoinmotionlat","article_modified_time":"2023-06-13T20:52:29+00:00","og_image":[{"width":1200,"height":675,"url":"https:\/\/www.policysense.com\/wp-content\/uploads\/2023\/03\/portada-policysense-.jpg","type":"image\/jpeg"}],"twitter_card":"summary_large_image","twitter_site":"@grupoinmotion_","twitter_misc":{"Est. reading time":"1 minute"},"schema":{"@context":"https:\/\/schema.org","@graph":[{"@type":"WebPage","@id":"https:\/\/www.policysense.com\/pt-br\/solicitar-uma-demo\/","url":"https:\/\/www.policysense.com\/pt-br\/solicitar-uma-demo\/","name":"Solicite sua demonstra\u00e7\u00e3o | Policysense.com","isPartOf":{"@id":"https:\/\/www.policysense.com\/pt-br\/#website"},"datePublished":"2023-01-30T12:16:59+00:00","dateModified":"2023-06-13T20:52:29+00:00","description":"Interessado em avaliar ao vivo a su\u00edte Policysense? Solicite sua demonstra\u00e7\u00e3o agora","breadcrumb":{"@id":"https:\/\/www.policysense.com\/pt-br\/solicitar-uma-demo\/#breadcrumb"},"inLanguage":"pt","potentialAction":[{"@type":"ReadAction","target":["https:\/\/www.policysense.com\/pt-br\/solicitar-uma-demo\/"]}]},{"@type":"BreadcrumbList","@id":"https:\/\/www.policysense.com\/pt-br\/solicitar-uma-demo\/#breadcrumb","itemListElement":[{"@type":"ListItem","position":1,"name":"Portada","item":"https:\/\/www.policysense.com\/pt-br\/"},{"@type":"ListItem","position":2,"name":"Solicitar uma Demo"}]},{"@type":"WebSite","@id":"https:\/\/www.policysense.com\/pt-br\/#website","url":"https:\/\/www.policysense.com\/pt-br\/","name":"Policysense | Transformaci\u00f3n digital para compa\u00f1\u00edas de seguros","description":"Policysense transformaci\u00f3n digital para compa\u00f1\u00edas de seguros de pr\u00f3xima generaci\u00f3n, nativas en la nube, modulares, basadas en Low-Code y m\u00e1s","publisher":{"@id":"https:\/\/www.policysense.com\/pt-br\/#organization"},"potentialAction":[{"@type":"SearchAction","target":{"@type":"EntryPoint","urlTemplate":"https:\/\/www.policysense.com\/pt-br\/?s={search_term_string}"},"query-input":{"@type":"PropertyValueSpecification","valueRequired":true,"valueName":"search_term_string"}}],"inLanguage":"pt"},{"@type":"Organization","@id":"https:\/\/www.policysense.com\/pt-br\/#organization","name":"Policysense","url":"https:\/\/www.policysense.com\/pt-br\/","logo":{"@type":"ImageObject","inLanguage":"pt","@id":"https:\/\/www.policysense.com\/pt-br\/#\/schema\/logo\/image\/","url":"https:\/\/www.policysense.com\/wp-content\/uploads\/2024\/03\/logo-policysense-oficial.png","contentUrl":"https:\/\/www.policysense.com\/wp-content\/uploads\/2024\/03\/logo-policysense-oficial.png","width":367,"height":60,"caption":"Policysense"},"image":{"@id":"https:\/\/www.policysense.com\/pt-br\/#\/schema\/logo\/image\/"},"sameAs":["https:\/\/www.facebook.com\/grupoinmotionlat","https:\/\/x.com\/grupoinmotion_","https:\/\/www.linkedin.com\/company\/grupoinmotion\/","https:\/\/www.instagram.com\/grupoinmotion_\/"]}]}},"_links":{"self":[{"href":"https:\/\/www.policysense.com\/pt-br\/wp-json\/wp\/v2\/pages\/1794","targetHints":{"allow":["GET"]}}],"collection":[{"href":"https:\/\/www.policysense.com\/pt-br\/wp-json\/wp\/v2\/pages"}],"about":[{"href":"https:\/\/www.policysense.com\/pt-br\/wp-json\/wp\/v2\/types\/page"}],"author":[{"embeddable":true,"href":"https:\/\/www.policysense.com\/pt-br\/wp-json\/wp\/v2\/users\/1"}],"replies":[{"embeddable":true,"href":"https:\/\/www.policysense.com\/pt-br\/wp-json\/wp\/v2\/comments?post=1794"}],"version-history":[{"count":1,"href":"https:\/\/www.policysense.com\/pt-br\/wp-json\/wp\/v2\/pages\/1794\/revisions"}],"predecessor-version":[{"id":1795,"href":"https:\/\/www.policysense.com\/pt-br\/wp-json\/wp\/v2\/pages\/1794\/revisions\/1795"}],"wp:attachment":[{"href":"https:\/\/www.policysense.com\/pt-br\/wp-json\/wp\/v2\/media?parent=1794"}],"curies":[{"name":"wp","href":"https:\/\/api.w.org\/{rel}","templated":true}]}}