{"id":1805,"date":"2023-06-12T16:16:18","date_gmt":"2023-06-12T16:16:18","guid":{"rendered":"https:\/\/policysense.com\/?page_id=1805"},"modified":"2023-06-12T16:17:36","modified_gmt":"2023-06-12T16:17:36","slug":"protecao-de-dados-politica-de-privacidade","status":"publish","type":"page","link":"https:\/\/www.policysense.com\/pt-br\/protecao-de-dados-politica-de-privacidade\/","title":{"rendered":"PROTE\u00c7\u00c3O DE DADOS POL\u00cdTICA DE PRIVACIDADE"},"content":{"rendered":"<p><b>A IN MOTION SERVICIOS S.A. (IN MOTION)<\/b><span style=\"font-weight: 400;\">, com sede na Avenida Apoquindo 4499, 11\u00ba andar, Santiago, Chile, \u00e9 respons\u00e1vel pelo uso e prote\u00e7\u00e3o dos dados pessoais que coletamos ou nos s\u00e3o transferidos, os quais s\u00e3o salvaguardados de acordo com a legisla\u00e7\u00e3o aplic\u00e1vel em mat\u00e9ria de prote\u00e7\u00e3o de dados pessoais. Conforme o Regulamento Geral de Prote\u00e7\u00e3o de Dados (RGPD) da UE, a Lei de Privacidade do Consumidor da Calif\u00f3rnia (CCPA, California Consumer Privacy Act) e outras leis e regulamentos aplic\u00e1veis, os indiv\u00edduos t\u00eam direitos espec\u00edficos em rela\u00e7\u00e3o aos seus dados, incluindo o direito de acesso, o direito de exclus\u00e3o, o direito de retifica\u00e7\u00e3o, o direito de supress\u00e3o, o direito de restri\u00e7\u00e3o de processamento de dados e o direito de receber uma c\u00f3pia de suas informa\u00e7\u00f5es pessoais.<\/span><\/p>\n<p>&nbsp;<\/p>\n<p><b>Para que fins utilizaremos seus dados pessoais?<\/b><\/p>\n<p>&nbsp;<\/p>\n<p><span style=\"font-weight: 400;\">Os dados pessoais que coletamos diretamente dos usu\u00e1rios ser\u00e3o utilizados para enviar as informa\u00e7\u00f5es solicitadas sobre o PolicySense e tamb\u00e9m poder\u00e3o ser usados para:<\/span><\/p>\n<p>&nbsp;<\/p>\n<ul>\n<li aria-level=\"1\"><b>Oferecer produtos e servi\u00e7os do Grupo In Motion que possam ser de seu interesse.<\/b><\/li>\n<li aria-level=\"1\"><b>Realizar estat\u00edsticas e avalia\u00e7\u00f5es que nos permitam melhorar sua experi\u00eancia como usu\u00e1rio.<\/b><\/li>\n<\/ul>\n<p>&nbsp;<\/p>\n<p><span style=\"font-weight: 400;\">Caso voc\u00ea n\u00e3o queira que seus dados pessoais sejam processados para essas finalidades adicionais, voc\u00ea pode nos comunicar isso a partir de agora, enviando sua solicita\u00e7\u00e3o por escrito para o endere\u00e7o da IN MOTION mencionado anteriormente ou para o seguinte e-mail: protecciondedatos@grupoinmotion.com<\/span><\/p>\n<p>&nbsp;<\/p>\n<p><span style=\"font-weight: 400;\">Essa solicita\u00e7\u00e3o deve conter pelo menos:<\/span><\/p>\n<p>&nbsp;<\/p>\n<ol>\n<li style=\"font-weight: 400;\" aria-level=\"1\"><span style=\"font-weight: 400;\">Nome e endere\u00e7o, e-mail ou outro meio para comunicar a resposta \u00e0 sua solicita\u00e7\u00e3o.<\/span><\/li>\n<li style=\"font-weight: 400;\" aria-level=\"1\"><span style=\"font-weight: 400;\">Os documentos que comprovem sua identidade ou, quando aplic\u00e1vel, a representa\u00e7\u00e3o legal.<\/span><\/li>\n<li style=\"font-weight: 400;\" aria-level=\"1\"><span style=\"font-weight: 400;\">Uma descri\u00e7\u00e3o clara e precisa dos dados pessoais em rela\u00e7\u00e3o aos quais solicita que n\u00e3o sejam processados para fins adicionais.<\/span><\/li>\n<\/ol>\n<p>&nbsp;<\/p>\n<p><span style=\"font-weight: 400;\">A recusa em utilizar seus dados pessoais para essas finalidades n\u00e3o pode ser motivo para que n\u00e3o possamos fornecer os servi\u00e7os solicitados.<\/span><\/p>\n<p>&nbsp;<\/p>\n<p><b>Quais dados pessoais utilizaremos para esses fins?<\/b><\/p>\n<p><span style=\"font-weight: 400;\">Para realizar as finalidades descritas nesta pol\u00edtica de privacidade, utilizaremos os seguintes dados pessoais: nome completo, endere\u00e7o de e-mail, informa\u00e7\u00f5es de faturamento e endere\u00e7o postal, caso necess\u00e1rio.<\/span><\/p>\n<p>&nbsp;<\/p>\n<p><b>Com quem compartilhamos as suas informa\u00e7\u00f5es pessoais e para quais fins?<\/b><\/p>\n<p>&nbsp;<\/p>\n<p><span style=\"font-weight: 400;\">Os dados fornecidos ou recebidos para obter informa\u00e7\u00f5es sobre o software PolicySense n\u00e3o ser\u00e3o divulgados, distribu\u00eddos ou comercializados, exceto se voc\u00ea optar por fazer uma compra, nesse caso, eles poder\u00e3o ser transmitidos a entidades governamentais com as quais IN MOTION precise cumprir\u00a0 obriga\u00e7\u00f5es diversas, e a outras pessoas f\u00edsicas ou jur\u00eddicas de natureza privada com as quais tenhamos ou iremos estabelecer uma rela\u00e7\u00e3o contratual, mediante cl\u00e1usula de confidencialidade da informa\u00e7\u00e3o e prote\u00e7\u00e3o de dados pessoais.<\/span><\/p>\n<p>&nbsp;<\/p>\n<p><span style=\"font-weight: 400;\">Nesse sentido, suas informa\u00e7\u00f5es podem ser compartilhadas com empresas relacionadas ou subsidi\u00e1rias da IN MOTION, para fins de avalia\u00e7\u00e3o de nossos servi\u00e7os, com entidades governamentais e com pessoas f\u00edsicas ou jur\u00eddicas com as quais tenhamos contratos de presta\u00e7\u00e3o de servi\u00e7os e\/ou contratos de obras.<\/span><\/p>\n<p>&nbsp;<\/p>\n<p><span style=\"font-weight: 400;\">Portanto, ao ler e aceitar esta &#8220;Pol\u00edtica de Privacidade&#8221;, voc\u00ea d\u00e1 seu consentimento \u00e0 IN MOTION para coletar e usar seus dados pessoais para os fins especificados neste documento, que s\u00e3o necess\u00e1rios para a presta\u00e7\u00e3o do servi\u00e7o. Se voc\u00ea n\u00e3o deseja que seus dados sejam utilizados para fins adicionais, entre em contato conosco e agiremos de acordo com sua solicita\u00e7\u00e3o.<\/span><\/p>\n<p>&nbsp;<\/p>\n<p><b>Quais s\u00e3o os seus direitos?<\/b><\/p>\n<p>&nbsp;<\/p>\n<ul>\n<li style=\"font-weight: 400;\" aria-level=\"1\"><span style=\"font-weight: 400;\">Cancelar a inscri\u00e7\u00e3o das nossas listas de recebimento de e-mails.<\/span><\/li>\n<li style=\"font-weight: 400;\" aria-level=\"1\"><span style=\"font-weight: 400;\">Voc\u00ea tem o direito de obter a confirma\u00e7\u00e3o de se estamos tratando dados pessoais que lhe dizem respeito.<\/span><\/li>\n<li style=\"font-weight: 400;\" aria-level=\"1\"><span style=\"font-weight: 400;\">As pessoas interessadas t\u00eam o direito de acessar seus dados pessoais e solicitar a retifica\u00e7\u00e3o dos dados imprecisos ou, se for o caso, solicitar a exclus\u00e3o quando, entre outros motivos, os dados n\u00e3o forem mais necess\u00e1rios para os fins para os quais foram coletados.<\/span><\/li>\n<li style=\"font-weight: 400;\" aria-level=\"1\"><span style=\"font-weight: 400;\">Em determinadas circunst\u00e2ncias, os interessados podem solicitar a limita\u00e7\u00e3o do tratamento de seus dados, caso em que os manteremos apenas para o exerc\u00edcio ou defesa de reclama\u00e7\u00f5es.<\/span><\/li>\n<li style=\"font-weight: 400;\" aria-level=\"1\"><span style=\"font-weight: 400;\">Em determinadas circunst\u00e2ncias e por motivos relacionados \u00e0 sua situa\u00e7\u00e3o espec\u00edfica, os interessados podem se opor ao tratamento de seus dados. Nesses casos, seus dados n\u00e3o ser\u00e3o tratados, exceto por motivos leg\u00edtimos ou para o exerc\u00edcio ou defesa de poss\u00edveis reclama\u00e7\u00f5es.<\/span><\/li>\n<li style=\"font-weight: 400;\" aria-level=\"1\"><span style=\"font-weight: 400;\">Em determinadas circunst\u00e2ncias, voc\u00ea ter\u00e1 o direito de receber os dados pessoais que lhe dizem respeito em um formato estruturado, de uso comum e leg\u00edvel por m\u00e1quina.<\/span><\/li>\n<\/ul>\n<p>&nbsp;<\/p>\n<p><span style=\"font-weight: 400;\">Para exercer qualquer um desses direitos, voc\u00ea deve nos enviar um e-mail com a solicita\u00e7\u00e3o.<\/span><\/p>\n<p>&nbsp;<\/p>\n<p><span style=\"font-weight: 400;\">Essa solicita\u00e7\u00e3o deve conter, no m\u00ednimo:<\/span><\/p>\n<p>&nbsp;<\/p>\n<ol>\n<li style=\"font-weight: 400;\" aria-level=\"1\"><span style=\"font-weight: 400;\">Seu nome e endere\u00e7o completos para que possamos comunicar a resposta \u00e0 sua solicita\u00e7\u00e3o.<\/span><\/li>\n<li style=\"font-weight: 400;\" aria-level=\"1\"><span style=\"font-weight: 400;\">Documento que comprove sua identidade (c\u00f3pia de documento oficial de identifica\u00e7\u00e3o v\u00e1lido com foto e assinatura).<\/span><\/li>\n<li style=\"font-weight: 400;\" aria-level=\"1\"><span style=\"font-weight: 400;\">Descri\u00e7\u00e3o clara do que voc\u00ea est\u00e1 solicitando no exerc\u00edcio dos seus direitos ARCO (por exemplo, limitar o uso das informa\u00e7\u00f5es, acessar seus dados pessoais, revogar o consentimento).<\/span><\/li>\n<li style=\"font-weight: 400;\" aria-level=\"1\"><span style=\"font-weight: 400;\">Descri\u00e7\u00e3o clara e precisa dos dados pessoais aos quais voc\u00ea deseja exercer algum dos direitos mencionados acima.<\/span><\/li>\n<li style=\"font-weight: 400;\" aria-level=\"1\"><span style=\"font-weight: 400;\">Qualquer outro elemento ou documento que facilite a localiza\u00e7\u00e3o dos dados pessoais.<\/span><\/li>\n<li style=\"font-weight: 400;\" aria-level=\"1\"><span style=\"font-weight: 400;\">No caso de solicita\u00e7\u00f5es de retifica\u00e7\u00e3o de dados pessoais, voc\u00ea tamb\u00e9m deve indicar as altera\u00e7\u00f5es a serem feitas e fornecer a documenta\u00e7\u00e3o que sustente a solicita\u00e7\u00e3o.<\/span><\/li>\n<li style=\"font-weight: 400;\" aria-level=\"1\"><span style=\"font-weight: 400;\">Se for o caso, uma manifesta\u00e7\u00e3o expressa para revogar o seu consentimento para o tratamento de seus dados pessoais e, portanto, para que n\u00e3o sejam utilizados.<\/span><\/li>\n<\/ol>\n<p>&nbsp;<\/p>\n<p><span style=\"font-weight: 400;\">A IN MOTION responder\u00e1 no prazo m\u00e1ximo de 20 dias, a contar da data em que sua solicita\u00e7\u00e3o devidamente integrada foi recebida, para que, se for o caso, seja efetivada dentro de 15 dias ap\u00f3s a data em que a resposta for comunicada.<\/span><\/p>\n","protected":false},"excerpt":{"rendered":"<p>A IN MOTION SERVICIOS S.A. (IN MOTION), com sede na Avenida Apoquindo 4499, 11\u00ba andar, Santiago, Chile, \u00e9 respons\u00e1vel pelo uso e prote\u00e7\u00e3o dos dados pessoais que coletamos ou nos s\u00e3o transferidos, os quais s\u00e3o salvaguardados de acordo com a legisla\u00e7\u00e3o aplic\u00e1vel em mat\u00e9ria de prote\u00e7\u00e3o de dados pessoais. Conforme o Regulamento Geral de Prote\u00e7\u00e3o [&hellip;]<\/p>\n","protected":false},"author":1,"featured_media":0,"parent":0,"menu_order":0,"comment_status":"closed","ping_status":"closed","template":"page-plantilla-terminos.php","meta":{"inline_featured_image":false,"footnotes":""},"class_list":["post-1805","page","type-page","status-publish","hentry"],"acf":[],"yoast_head":"<!-- This site is optimized with the Yoast SEO plugin v27.4 - https:\/\/yoast.com\/product\/yoast-seo-wordpress\/ -->\n<title>PROTE\u00c7\u00c3O DE DADOS POL\u00cdTICA DE PRIVACIDADE - Policysense<\/title>\n<meta name=\"robots\" content=\"index, follow, max-snippet:-1, max-image-preview:large, max-video-preview:-1\" \/>\n<link rel=\"canonical\" href=\"https:\/\/www.policysense.com\/pt-br\/protecao-de-dados-politica-de-privacidade\/\" \/>\n<meta property=\"og:locale\" content=\"pt_PT\" \/>\n<meta property=\"og:type\" content=\"article\" \/>\n<meta property=\"og:title\" content=\"PROTE\u00c7\u00c3O DE DADOS POL\u00cdTICA DE PRIVACIDADE - Policysense\" \/>\n<meta property=\"og:description\" content=\"A IN MOTION SERVICIOS S.A. (IN MOTION), com sede na Avenida Apoquindo 4499, 11\u00ba andar, Santiago, Chile, \u00e9 respons\u00e1vel pelo uso e prote\u00e7\u00e3o dos dados pessoais que coletamos ou nos s\u00e3o transferidos, os quais s\u00e3o salvaguardados de acordo com a legisla\u00e7\u00e3o aplic\u00e1vel em mat\u00e9ria de prote\u00e7\u00e3o de dados pessoais. Conforme o Regulamento Geral de Prote\u00e7\u00e3o [&hellip;]\" \/>\n<meta property=\"og:url\" content=\"https:\/\/www.policysense.com\/pt-br\/protecao-de-dados-politica-de-privacidade\/\" \/>\n<meta property=\"og:site_name\" content=\"Policysense\" \/>\n<meta property=\"article:publisher\" content=\"https:\/\/www.facebook.com\/grupoinmotionlat\" \/>\n<meta property=\"article:modified_time\" content=\"2023-06-12T16:17:36+00:00\" \/>\n<meta property=\"og:image\" content=\"https:\/\/www.policysense.com\/wp-content\/uploads\/2023\/03\/portada-policysense-.jpg\" \/>\n\t<meta property=\"og:image:width\" content=\"1200\" \/>\n\t<meta property=\"og:image:height\" content=\"675\" \/>\n\t<meta property=\"og:image:type\" content=\"image\/jpeg\" \/>\n<meta name=\"twitter:card\" content=\"summary_large_image\" \/>\n<meta name=\"twitter:site\" content=\"@grupoinmotion_\" \/>\n<meta name=\"twitter:label1\" content=\"Est. reading time\" \/>\n\t<meta name=\"twitter:data1\" content=\"5 minutes\" \/>\n<!-- \/ Yoast SEO plugin. -->","yoast_head_json":{"title":"PROTE\u00c7\u00c3O DE DADOS POL\u00cdTICA DE PRIVACIDADE - Policysense","robots":{"index":"index","follow":"follow","max-snippet":"max-snippet:-1","max-image-preview":"max-image-preview:large","max-video-preview":"max-video-preview:-1"},"canonical":"https:\/\/www.policysense.com\/pt-br\/protecao-de-dados-politica-de-privacidade\/","og_locale":"pt_PT","og_type":"article","og_title":"PROTE\u00c7\u00c3O DE DADOS POL\u00cdTICA DE PRIVACIDADE - Policysense","og_description":"A IN MOTION SERVICIOS S.A. (IN MOTION), com sede na Avenida Apoquindo 4499, 11\u00ba andar, Santiago, Chile, \u00e9 respons\u00e1vel pelo uso e prote\u00e7\u00e3o dos dados pessoais que coletamos ou nos s\u00e3o transferidos, os quais s\u00e3o salvaguardados de acordo com a legisla\u00e7\u00e3o aplic\u00e1vel em mat\u00e9ria de prote\u00e7\u00e3o de dados pessoais. Conforme o Regulamento Geral de Prote\u00e7\u00e3o [&hellip;]","og_url":"https:\/\/www.policysense.com\/pt-br\/protecao-de-dados-politica-de-privacidade\/","og_site_name":"Policysense","article_publisher":"https:\/\/www.facebook.com\/grupoinmotionlat","article_modified_time":"2023-06-12T16:17:36+00:00","og_image":[{"width":1200,"height":675,"url":"https:\/\/www.policysense.com\/wp-content\/uploads\/2023\/03\/portada-policysense-.jpg","type":"image\/jpeg"}],"twitter_card":"summary_large_image","twitter_site":"@grupoinmotion_","twitter_misc":{"Est. reading time":"5 minutes"},"schema":{"@context":"https:\/\/schema.org","@graph":[{"@type":"WebPage","@id":"https:\/\/www.policysense.com\/pt-br\/protecao-de-dados-politica-de-privacidade\/","url":"https:\/\/www.policysense.com\/pt-br\/protecao-de-dados-politica-de-privacidade\/","name":"PROTE\u00c7\u00c3O DE DADOS POL\u00cdTICA DE PRIVACIDADE - Policysense","isPartOf":{"@id":"https:\/\/www.policysense.com\/pt-br\/#website"},"datePublished":"2023-06-12T16:16:18+00:00","dateModified":"2023-06-12T16:17:36+00:00","breadcrumb":{"@id":"https:\/\/www.policysense.com\/pt-br\/protecao-de-dados-politica-de-privacidade\/#breadcrumb"},"inLanguage":"pt","potentialAction":[{"@type":"ReadAction","target":["https:\/\/www.policysense.com\/pt-br\/protecao-de-dados-politica-de-privacidade\/"]}]},{"@type":"BreadcrumbList","@id":"https:\/\/www.policysense.com\/pt-br\/protecao-de-dados-politica-de-privacidade\/#breadcrumb","itemListElement":[{"@type":"ListItem","position":1,"name":"Portada","item":"https:\/\/www.policysense.com\/pt-br\/"},{"@type":"ListItem","position":2,"name":"PROTE\u00c7\u00c3O DE DADOS POL\u00cdTICA DE PRIVACIDADE"}]},{"@type":"WebSite","@id":"https:\/\/www.policysense.com\/pt-br\/#website","url":"https:\/\/www.policysense.com\/pt-br\/","name":"Policysense | Transformaci\u00f3n digital para compa\u00f1\u00edas de seguros","description":"Policysense transformaci\u00f3n digital para compa\u00f1\u00edas de seguros de pr\u00f3xima generaci\u00f3n, nativas en la nube, modulares, basadas en Low-Code y m\u00e1s","publisher":{"@id":"https:\/\/www.policysense.com\/pt-br\/#organization"},"potentialAction":[{"@type":"SearchAction","target":{"@type":"EntryPoint","urlTemplate":"https:\/\/www.policysense.com\/pt-br\/?s={search_term_string}"},"query-input":{"@type":"PropertyValueSpecification","valueRequired":true,"valueName":"search_term_string"}}],"inLanguage":"pt"},{"@type":"Organization","@id":"https:\/\/www.policysense.com\/pt-br\/#organization","name":"Policysense","url":"https:\/\/www.policysense.com\/pt-br\/","logo":{"@type":"ImageObject","inLanguage":"pt","@id":"https:\/\/www.policysense.com\/pt-br\/#\/schema\/logo\/image\/","url":"https:\/\/www.policysense.com\/wp-content\/uploads\/2024\/03\/logo-policysense-oficial.png","contentUrl":"https:\/\/www.policysense.com\/wp-content\/uploads\/2024\/03\/logo-policysense-oficial.png","width":367,"height":60,"caption":"Policysense"},"image":{"@id":"https:\/\/www.policysense.com\/pt-br\/#\/schema\/logo\/image\/"},"sameAs":["https:\/\/www.facebook.com\/grupoinmotionlat","https:\/\/x.com\/grupoinmotion_","https:\/\/www.linkedin.com\/company\/grupoinmotion\/","https:\/\/www.instagram.com\/grupoinmotion_\/"]}]}},"_links":{"self":[{"href":"https:\/\/www.policysense.com\/pt-br\/wp-json\/wp\/v2\/pages\/1805","targetHints":{"allow":["GET"]}}],"collection":[{"href":"https:\/\/www.policysense.com\/pt-br\/wp-json\/wp\/v2\/pages"}],"about":[{"href":"https:\/\/www.policysense.com\/pt-br\/wp-json\/wp\/v2\/types\/page"}],"author":[{"embeddable":true,"href":"https:\/\/www.policysense.com\/pt-br\/wp-json\/wp\/v2\/users\/1"}],"replies":[{"embeddable":true,"href":"https:\/\/www.policysense.com\/pt-br\/wp-json\/wp\/v2\/comments?post=1805"}],"version-history":[{"count":1,"href":"https:\/\/www.policysense.com\/pt-br\/wp-json\/wp\/v2\/pages\/1805\/revisions"}],"predecessor-version":[{"id":1806,"href":"https:\/\/www.policysense.com\/pt-br\/wp-json\/wp\/v2\/pages\/1805\/revisions\/1806"}],"wp:attachment":[{"href":"https:\/\/www.policysense.com\/pt-br\/wp-json\/wp\/v2\/media?parent=1805"}],"curies":[{"name":"wp","href":"https:\/\/api.w.org\/{rel}","templated":true}]}}