{"id":1811,"date":"2023-06-12T16:23:17","date_gmt":"2023-06-12T16:23:17","guid":{"rendered":"https:\/\/policysense.com\/?page_id=1811"},"modified":"2023-06-12T16:24:42","modified_gmt":"2023-06-12T16:24:42","slug":"aviso-legal-e-politica-de-cookies","status":"publish","type":"page","link":"https:\/\/www.policysense.com\/pt-br\/aviso-legal-e-politica-de-cookies\/","title":{"rendered":"Aviso legal e pol\u00edtica de cookies"},"content":{"rendered":"<blockquote><p><span style=\"font-weight: 400;\">Respons\u00e1vel pelo website: Antonella Burlando Bonino.<\/span><\/p>\n<p><span style=\"font-weight: 400;\">Endere\u00e7o de contato: Av. Apoquindo n\u00ba 4499, 11\u00ba andar, Santiago, Chile.<\/span><\/p>\n<p><span style=\"font-weight: 400;\">E-mail de contato: aburlando@inmotion.cl<\/span><\/p>\n<p><span style=\"font-weight: 400;\">Telefone: +56 2 2431 6400<\/span><\/p><\/blockquote>\n<p>&nbsp;<\/p>\n<p><b>Dados fiscais: IN MOTION SERVICIOS S.A.<br \/>\n<\/b><b>CNPJ: 99.525.490-5<\/b><\/p>\n<p>&nbsp;<\/p>\n<p><b>Condi\u00e7\u00f5es gerais de uso do website<\/b><\/p>\n<p>1.- Considera\u00e7\u00f5es pr\u00e9vias<\/p>\n<p><span style=\"font-weight: 400;\">As presentes condi\u00e7\u00f5es legais regulam o uso permitido deste website, cujo respons\u00e1vel legal \u00e9 a IN MOTION. Essas condi\u00e7\u00f5es gerais regulam o acesso e a utiliza\u00e7\u00e3o que o propriet\u00e1rio do website disponibiliza gratuitamente aos usu\u00e1rios da Internet. O acesso implica a aceita\u00e7\u00e3o sem reservas dessas condi\u00e7\u00f5es. A utiliza\u00e7\u00e3o da \u00e1rea de usu\u00e1rios ser\u00e1 regida, tamb\u00e9m, pelas condi\u00e7\u00f5es particulares previstas em cada caso, as quais ser\u00e3o consideradas aceitas pelo mero uso desses servi\u00e7os.<\/span><\/p>\n<p>2.- Propriedade intelectual e industrial<\/p>\n<p><span style=\"font-weight: 400;\">Os textos, imagens, logotipos, sinais distintivos, sons, anima\u00e7\u00f5es, v\u00eddeos, c\u00f3digo-fonte e demais conte\u00fados inclu\u00eddos neste website s\u00e3o propriedade da Empresa IN MOTION ou, quando aplic\u00e1vel, possui o direito de uso dos mesmos, e, nesse sentido, s\u00e3o considerados obras protegidas pela legisla\u00e7\u00e3o de propriedade intelectual e industrial vigente.<\/span><\/p>\n<p><span style=\"font-weight: 400;\">Qualquer transmiss\u00e3o, distribui\u00e7\u00e3o, reprodu\u00e7\u00e3o ou armazenamento, total ou parcial, dos conte\u00fados armazenados neste website fica expressamente proibido, salvo com o consentimento pr\u00e9vio e expresso do titular. No entanto, os usu\u00e1rios poder\u00e3o reproduzir ou armazenar os conte\u00fados do website para uso pessoal exclusivo, sendo expressamente proibida a reprodu\u00e7\u00e3o de elementos ou conte\u00fados deste website com inten\u00e7\u00e3o de lucro ou para fins comerciais.<\/span><\/p>\n<p>&nbsp;<\/p>\n<p>3.- Condi\u00e7\u00f5es de acesso<\/p>\n<p><span style=\"font-weight: 400;\">A IN MOTION reserva-se o direito de efetuar, a qualquer momento e sem necessidade de aviso pr\u00e9vio, modifica\u00e7\u00f5es e atualiza\u00e7\u00f5es das informa\u00e7\u00f5es contidas no website, da sua configura\u00e7\u00e3o e apresenta\u00e7\u00e3o, das condi\u00e7\u00f5es de acesso, das condi\u00e7\u00f5es de contrata\u00e7\u00e3o, etc. A empresa respons\u00e1vel pelo website n\u00e3o garante a inexist\u00eancia de interrup\u00e7\u00f5es ou erros no acesso ao website ou ao seu conte\u00fado, nem que o mesmo esteja atualizado ou livre de v\u00edrus ou qualquer outro elemento que possa causar altera\u00e7\u00f5es no sistema inform\u00e1tico. A IN MOTION declina qualquer responsabilidade contratual ou extracontratual com a pessoa ou empresa que fa\u00e7a uso do website e sofra preju\u00edzos de qualquer natureza causados por v\u00edrus de computador ou elementos de inform\u00e1tica de qualquer tipo. O titular do website n\u00e3o ser\u00e1 respons\u00e1vel por qualquer consequ\u00eancia, dano ou preju\u00edzo decorrente do uso n\u00e3o autorizado das informa\u00e7\u00f5es nele contidas, nem dos servi\u00e7os e opini\u00f5es prestados por terceiros.<\/span><\/p>\n<p>&nbsp;<\/p>\n<p>4.- Responsabilidade por links<\/p>\n<p><span style=\"font-weight: 400;\">A empresa respons\u00e1vel pelo website declina qualquer responsabilidade pelos servi\u00e7os e\/ou informa\u00e7\u00f5es prestados em outras p\u00e1ginas vinculadas a este website. A IN MOTION n\u00e3o controla nem exerce qualquer tipo de supervis\u00e3o ao incluir o link para as mesmas, acreditando que esses conte\u00fados estejam em conformidade com a legisla\u00e7\u00e3o aplic\u00e1vel. No entanto, a utiliza\u00e7\u00e3o de links para outras p\u00e1ginas n\u00e3o implica, de forma alguma, responsabiliza\u00e7\u00e3o ou apropria\u00e7\u00e3o do conte\u00fado das mesmas, sem que isso possa ser interpretado como um trabalho de supervis\u00e3o ou aprova\u00e7\u00e3o das altera\u00e7\u00f5es ou informa\u00e7\u00f5es nelas contidas. Recomendamos aos visitantes dessas p\u00e1ginas que ajam com prud\u00eancia e consultem as eventuais condi\u00e7\u00f5es legais apresentadas nos respectivos websites. A IN MOTION n\u00e3o se responsabiliza por qualquer tipo de dano ou preju\u00edzo relacionado ao funcionamento, disponibilidade e continuidade dos websites vinculados.<\/span><\/p>\n<p>&nbsp;<\/p>\n<p><b>POL\u00cdTICA DE COOKIES<\/b><\/p>\n<p><span style=\"font-weight: 400;\">Utilizamos cookies para facilitar o uso do nosso site. Os cookies s\u00e3o pequenos arquivos de informa\u00e7\u00e3o que nos permitem comparar e entender como nossos usu\u00e1rios navegam pelo nosso site, a fim de melhorar o processo de navega\u00e7\u00e3o. Os cookies que usamos n\u00e3o armazenam dados pessoais nem qualquer informa\u00e7\u00e3o que possa identific\u00e1-lo. Se voc\u00ea n\u00e3o deseja receber cookies, por favor, configure seu navegador de internet para exclu\u00ed-los do disco r\u00edgido do seu computador, bloque\u00e1-los ou receber um aviso caso sejam instalados. Para continuar sem alterar as configura\u00e7\u00f5es de cookies, basta continuar navegando no site.<\/span><\/p>\n<p>&nbsp;<\/p>\n<p><b>Cookies estritamente necess\u00e1rios:<\/b><\/p>\n<p><span style=\"font-weight: 400;\">Esses cookies s\u00e3o necess\u00e1rios para o uso correto do site, permitindo o acesso a se\u00e7\u00f5es que possuem filtros de seguran\u00e7a. Sem esses cookies, muitos dos servi\u00e7os dispon\u00edveis n\u00e3o funcionariam.<\/span><\/p>\n<p>&nbsp;<\/p>\n<p><b>Cookies de Navega\u00e7\u00e3o:\u00a0<\/b><\/p>\n<p><span style=\"font-weight: 400;\">Esses cookies coletam informa\u00e7\u00f5es sobre o uso que os visitantes fazem do site, como p\u00e1ginas visitadas, erros de carregamento, etc. Essas informa\u00e7\u00f5es s\u00e3o gen\u00e9ricas e an\u00f4nimas, n\u00e3o incluindo dados pessoais nem coletando informa\u00e7\u00f5es que identifiquem os visitantes. O objetivo principal \u00e9 melhorar o funcionamento do site. Ao visitar nosso site, voc\u00ea aceita a instala\u00e7\u00e3o desses cookies em seu dispositivo.<\/span><\/p>\n<p>&nbsp;<\/p>\n<p><b>Cookies Funcionais:<\/b><\/p>\n<p><span style=\"font-weight: 400;\">Esses cookies permitem lembrar informa\u00e7\u00f5es (como seu nome de usu\u00e1rio, idioma ou regi\u00e3o em que se encontra) e caracter\u00edsticas mais pessoais. Por exemplo, a possibilidade de oferecer conte\u00fado personalizado com base nas informa\u00e7\u00f5es e crit\u00e9rios que voc\u00ea tenha fornecido voluntariamente. Esses cookies tamb\u00e9m podem ser usados para lembrar as altera\u00e7\u00f5es feitas no tamanho do texto, fontes e outras partes personaliz\u00e1veis do site. Eles tamb\u00e9m s\u00e3o usados para fornecer alguns servi\u00e7os solicitados, como assistir a um v\u00eddeo ou comentar em um blog. As informa\u00e7\u00f5es coletadas por esses cookies podem ser an\u00f4nimas e sua atividade n\u00e3o pode ser rastreada em outros sites.<\/span><\/p>\n<p>&nbsp;<\/p>\n<p><span style=\"font-weight: 400;\">Ao visitar nosso site, voc\u00ea aceita a instala\u00e7\u00e3o desses cookies.<\/span><\/p>\n<p>&nbsp;<\/p>\n<p><b>Como desativar os cookies? <\/b><span style=\"font-weight: 400;\">Todos os navegadores permitem fazer altera\u00e7\u00f5es que desativam a configura\u00e7\u00e3o dos cookies. Essas configura\u00e7\u00f5es podem ser encontradas nas &#8220;op\u00e7\u00f5es&#8221; ou &#8220;prefer\u00eancias&#8221; do menu do seu navegador. Abaixo voc\u00ea encontrar\u00e1 os links de cada navegador para desabilitar os cookies seguindo as instru\u00e7\u00f5es:<\/span><\/p>\n<p>&nbsp;<\/p>\n<p><span style=\"font-weight: 400;\">\u2013 <\/span><span style=\"font-weight: 400;\">http:\/\/goo.gl\/KFBFh<\/span><span style=\"font-weight: 400;\"> (Safari 5.1)<\/span><\/p>\n<p><span style=\"font-weight: 400;\">\u2013 <\/span><span style=\"font-weight: 400;\">http:\/\/goo.gl\/ksN5y<\/span><span style=\"font-weight: 400;\"> (Internet Explorer)<\/span><\/p>\n<p><span style=\"font-weight: 400;\">\u2013 <\/span><span style=\"font-weight: 400;\">http:\/\/goo.gl\/F5pHX<\/span><span style=\"font-weight: 400;\"> (Mozilla Firefox)<\/span><\/p>\n<p><span style=\"font-weight: 400;\">\u2013 <\/span><span style=\"font-weight: 400;\">http:\/\/goo.gl\/8cAo<\/span><span style=\"font-weight: 400;\"> (Google Chrome)<\/span><\/p>\n<p>&nbsp;<\/p>\n<p><span style=\"font-weight: 400;\">Se voc\u00ea n\u00e3o deseja ser rastreado por cookies, o Google desenvolveu um complemento para instalar em seu navegador, que voc\u00ea pode acessar no seguinte link: <\/span><span style=\"font-weight: 400;\">http:\/\/goo.gl\/up4ND<\/span><span style=\"font-weight: 400;\">\u00a0<\/span><\/p>\n","protected":false},"excerpt":{"rendered":"<p>Respons\u00e1vel pelo website: Antonella Burlando Bonino. Endere\u00e7o de contato: Av. Apoquindo n\u00ba 4499, 11\u00ba andar, Santiago, Chile. E-mail de contato: aburlando@inmotion.cl Telefone: +56 2 2431 6400 &nbsp; Dados fiscais: IN MOTION SERVICIOS S.A. CNPJ: 99.525.490-5 &nbsp; Condi\u00e7\u00f5es gerais de uso do website 1.- Considera\u00e7\u00f5es pr\u00e9vias As presentes condi\u00e7\u00f5es legais regulam o uso permitido deste website, [&hellip;]<\/p>\n","protected":false},"author":1,"featured_media":0,"parent":0,"menu_order":0,"comment_status":"closed","ping_status":"closed","template":"page-plantilla-terminos.php","meta":{"inline_featured_image":false,"footnotes":""},"class_list":["post-1811","page","type-page","status-publish","hentry"],"acf":[],"yoast_head":"<!-- This site is optimized with the Yoast SEO plugin v27.4 - https:\/\/yoast.com\/product\/yoast-seo-wordpress\/ -->\n<title>Aviso legal e pol\u00edtica de cookies - Policysense<\/title>\n<meta name=\"robots\" content=\"index, follow, max-snippet:-1, max-image-preview:large, max-video-preview:-1\" \/>\n<link rel=\"canonical\" href=\"https:\/\/www.policysense.com\/pt-br\/aviso-legal-e-politica-de-cookies\/\" \/>\n<meta property=\"og:locale\" content=\"pt_PT\" \/>\n<meta property=\"og:type\" content=\"article\" \/>\n<meta property=\"og:title\" content=\"Aviso legal e pol\u00edtica de cookies - Policysense\" \/>\n<meta property=\"og:description\" content=\"Respons\u00e1vel pelo website: Antonella Burlando Bonino. Endere\u00e7o de contato: Av. Apoquindo n\u00ba 4499, 11\u00ba andar, Santiago, Chile. E-mail de contato: aburlando@inmotion.cl Telefone: +56 2 2431 6400 &nbsp; Dados fiscais: IN MOTION SERVICIOS S.A. CNPJ: 99.525.490-5 &nbsp; Condi\u00e7\u00f5es gerais de uso do website 1.- Considera\u00e7\u00f5es pr\u00e9vias As presentes condi\u00e7\u00f5es legais regulam o uso permitido deste website, [&hellip;]\" \/>\n<meta property=\"og:url\" content=\"https:\/\/www.policysense.com\/pt-br\/aviso-legal-e-politica-de-cookies\/\" \/>\n<meta property=\"og:site_name\" content=\"Policysense\" \/>\n<meta property=\"article:publisher\" content=\"https:\/\/www.facebook.com\/grupoinmotionlat\" \/>\n<meta property=\"article:modified_time\" content=\"2023-06-12T16:24:42+00:00\" \/>\n<meta property=\"og:image\" content=\"https:\/\/www.policysense.com\/wp-content\/uploads\/2023\/03\/portada-policysense-.jpg\" \/>\n\t<meta property=\"og:image:width\" content=\"1200\" \/>\n\t<meta property=\"og:image:height\" content=\"675\" \/>\n\t<meta property=\"og:image:type\" content=\"image\/jpeg\" \/>\n<meta name=\"twitter:card\" content=\"summary_large_image\" \/>\n<meta name=\"twitter:site\" content=\"@grupoinmotion_\" \/>\n<meta name=\"twitter:label1\" content=\"Est. reading time\" \/>\n\t<meta name=\"twitter:data1\" content=\"5 minutes\" \/>\n<!-- \/ Yoast SEO plugin. -->","yoast_head_json":{"title":"Aviso legal e pol\u00edtica de cookies - Policysense","robots":{"index":"index","follow":"follow","max-snippet":"max-snippet:-1","max-image-preview":"max-image-preview:large","max-video-preview":"max-video-preview:-1"},"canonical":"https:\/\/www.policysense.com\/pt-br\/aviso-legal-e-politica-de-cookies\/","og_locale":"pt_PT","og_type":"article","og_title":"Aviso legal e pol\u00edtica de cookies - Policysense","og_description":"Respons\u00e1vel pelo website: Antonella Burlando Bonino. Endere\u00e7o de contato: Av. Apoquindo n\u00ba 4499, 11\u00ba andar, Santiago, Chile. E-mail de contato: aburlando@inmotion.cl Telefone: +56 2 2431 6400 &nbsp; Dados fiscais: IN MOTION SERVICIOS S.A. CNPJ: 99.525.490-5 &nbsp; Condi\u00e7\u00f5es gerais de uso do website 1.- Considera\u00e7\u00f5es pr\u00e9vias As presentes condi\u00e7\u00f5es legais regulam o uso permitido deste website, [&hellip;]","og_url":"https:\/\/www.policysense.com\/pt-br\/aviso-legal-e-politica-de-cookies\/","og_site_name":"Policysense","article_publisher":"https:\/\/www.facebook.com\/grupoinmotionlat","article_modified_time":"2023-06-12T16:24:42+00:00","og_image":[{"width":1200,"height":675,"url":"https:\/\/www.policysense.com\/wp-content\/uploads\/2023\/03\/portada-policysense-.jpg","type":"image\/jpeg"}],"twitter_card":"summary_large_image","twitter_site":"@grupoinmotion_","twitter_misc":{"Est. reading time":"5 minutes"},"schema":{"@context":"https:\/\/schema.org","@graph":[{"@type":"WebPage","@id":"https:\/\/www.policysense.com\/pt-br\/aviso-legal-e-politica-de-cookies\/","url":"https:\/\/www.policysense.com\/pt-br\/aviso-legal-e-politica-de-cookies\/","name":"Aviso legal e pol\u00edtica de cookies - Policysense","isPartOf":{"@id":"https:\/\/www.policysense.com\/pt-br\/#website"},"datePublished":"2023-06-12T16:23:17+00:00","dateModified":"2023-06-12T16:24:42+00:00","breadcrumb":{"@id":"https:\/\/www.policysense.com\/pt-br\/aviso-legal-e-politica-de-cookies\/#breadcrumb"},"inLanguage":"pt","potentialAction":[{"@type":"ReadAction","target":["https:\/\/www.policysense.com\/pt-br\/aviso-legal-e-politica-de-cookies\/"]}]},{"@type":"BreadcrumbList","@id":"https:\/\/www.policysense.com\/pt-br\/aviso-legal-e-politica-de-cookies\/#breadcrumb","itemListElement":[{"@type":"ListItem","position":1,"name":"Portada","item":"https:\/\/www.policysense.com\/pt-br\/"},{"@type":"ListItem","position":2,"name":"Aviso legal e pol\u00edtica de cookies"}]},{"@type":"WebSite","@id":"https:\/\/www.policysense.com\/pt-br\/#website","url":"https:\/\/www.policysense.com\/pt-br\/","name":"Policysense | Transformaci\u00f3n digital para compa\u00f1\u00edas de seguros","description":"Policysense transformaci\u00f3n digital para compa\u00f1\u00edas de seguros de pr\u00f3xima generaci\u00f3n, nativas en la nube, modulares, basadas en Low-Code y m\u00e1s","publisher":{"@id":"https:\/\/www.policysense.com\/pt-br\/#organization"},"potentialAction":[{"@type":"SearchAction","target":{"@type":"EntryPoint","urlTemplate":"https:\/\/www.policysense.com\/pt-br\/?s={search_term_string}"},"query-input":{"@type":"PropertyValueSpecification","valueRequired":true,"valueName":"search_term_string"}}],"inLanguage":"pt"},{"@type":"Organization","@id":"https:\/\/www.policysense.com\/pt-br\/#organization","name":"Policysense","url":"https:\/\/www.policysense.com\/pt-br\/","logo":{"@type":"ImageObject","inLanguage":"pt","@id":"https:\/\/www.policysense.com\/pt-br\/#\/schema\/logo\/image\/","url":"https:\/\/www.policysense.com\/wp-content\/uploads\/2024\/03\/logo-policysense-oficial.png","contentUrl":"https:\/\/www.policysense.com\/wp-content\/uploads\/2024\/03\/logo-policysense-oficial.png","width":367,"height":60,"caption":"Policysense"},"image":{"@id":"https:\/\/www.policysense.com\/pt-br\/#\/schema\/logo\/image\/"},"sameAs":["https:\/\/www.facebook.com\/grupoinmotionlat","https:\/\/x.com\/grupoinmotion_","https:\/\/www.linkedin.com\/company\/grupoinmotion\/","https:\/\/www.instagram.com\/grupoinmotion_\/"]}]}},"_links":{"self":[{"href":"https:\/\/www.policysense.com\/pt-br\/wp-json\/wp\/v2\/pages\/1811","targetHints":{"allow":["GET"]}}],"collection":[{"href":"https:\/\/www.policysense.com\/pt-br\/wp-json\/wp\/v2\/pages"}],"about":[{"href":"https:\/\/www.policysense.com\/pt-br\/wp-json\/wp\/v2\/types\/page"}],"author":[{"embeddable":true,"href":"https:\/\/www.policysense.com\/pt-br\/wp-json\/wp\/v2\/users\/1"}],"replies":[{"embeddable":true,"href":"https:\/\/www.policysense.com\/pt-br\/wp-json\/wp\/v2\/comments?post=1811"}],"version-history":[{"count":1,"href":"https:\/\/www.policysense.com\/pt-br\/wp-json\/wp\/v2\/pages\/1811\/revisions"}],"predecessor-version":[{"id":1812,"href":"https:\/\/www.policysense.com\/pt-br\/wp-json\/wp\/v2\/pages\/1811\/revisions\/1812"}],"wp:attachment":[{"href":"https:\/\/www.policysense.com\/pt-br\/wp-json\/wp\/v2\/media?parent=1811"}],"curies":[{"name":"wp","href":"https:\/\/api.w.org\/{rel}","templated":true}]}}