{"id":1917,"date":"2023-03-07T20:16:58","date_gmt":"2023-03-07T20:16:58","guid":{"rendered":"https:\/\/policysense.com\/?page_id=1917"},"modified":"2023-06-13T20:56:56","modified_gmt":"2023-06-13T20:56:56","slug":"politica-da-qualidade","status":"publish","type":"page","link":"https:\/\/www.policysense.com\/pt-br\/politica-da-qualidade\/","title":{"rendered":"Pol\u00edtica da Qualidade"},"content":{"rendered":"<p><b>SISTEMA DE GEST\u00c3O DA QUALIDADE (SGC)<\/b><\/p>\n<p><span style=\"font-weight: 400;\">In Motion Support tem implementado um Sistema de Gest\u00e3o da Qualidade certificado sob a norma ISO 9001:2015, o qual\u00a0 se encontra em processo de melhoria cont\u00ednua que permite medir o n\u00edvel de satisfa\u00e7\u00e3o de nossos clientes e a efic\u00e1cia de nossos servi\u00e7os.<\/span><\/p>\n<p><span style=\"font-weight: 400;\">N\u00famero do Registro (ISO 9001:2015): ER-0523\/2012.<\/span><\/p>\n<p><span style=\"font-weight: 400;\">\u00a0<\/span><\/p>\n<p><b>POL\u00cdTICA DE QUALIDADE<\/b><\/p>\n<p><span style=\"font-weight: 400;\">\u201cEm In Motion estamos comprometidos a entregar servi\u00e7os baseados em processos em constante revis\u00e3o e melhoria de sua efic\u00e1cia. Velamos para que eles cumpram com os requisitos legais e funcionais e com os compromissos acordados com nossos clientes e trabalhadores. Aplicamos pr\u00e1ticas reconhecidas mundialmente para a administra\u00e7\u00e3o de plataformas de TI\u201d.<\/span><\/p>\n<p><span style=\"font-weight: 400;\">\u00a0<\/span><\/p>\n<p><b>OBJETIVOS DA QUALIDADE<\/b><\/p>\n<p><span style=\"font-weight: 400;\">Os objetivos se constituem no compromisso concreto que cada um dos integrantes da organiza\u00e7\u00e3o assume para transformar em um fato a vis\u00e3o estrat\u00e9gica de nossa empresa.<\/span><\/p>\n<p><span style=\"font-weight: 400;\">Estes objetivos s\u00e3o:<\/span><\/p>\n<ul>\n<li style=\"font-weight: 400;\" aria-level=\"1\"><span style=\"font-weight: 400;\">\u201cMelhorar sistematicamente a efic\u00e1cia dos processos do Sistema de Gest\u00e3o da Qualidade\u201d.<\/span><\/li>\n<li style=\"font-weight: 400;\" aria-level=\"1\"><span style=\"font-weight: 400;\">\u201cAplicar pr\u00e1ticas mundialmente reconhecidas para a administra\u00e7\u00e3o de plataformas de TI, cumprindo al\u00e9m, com a regulamenta\u00e7\u00e3o vigente\u201d.<\/span><\/li>\n<li style=\"font-weight: 400;\" aria-level=\"1\"><span style=\"font-weight: 400;\">Todos os objetivos da\u00a0 qualidade da organiza\u00e7\u00e3o s\u00e3o medidos, fornecendo uma base consistente para assegurar a melhoria cont\u00ednua. O Gerente General determina anualmente a meta que os indicadores devem alcan\u00e7ar para conseguir, manter e melhorar o cumprimento de estes objetivos.<\/span><\/li>\n<\/ul>\n<p><img loading=\"lazy\" decoding=\"async\" class=\"alignnone size-medium wp-image-1303\" src=\"https:\/\/policysense.com\/wp-content\/uploads\/2023\/03\/Captura-de-Pantalla-2023-03-09-a-las-13.11.05-206x300.png\" alt=\"\" width=\"206\" height=\"300\" srcset=\"https:\/\/www.policysense.com\/wp-content\/uploads\/2023\/03\/Captura-de-Pantalla-2023-03-09-a-las-13.11.05-206x300.png 206w, https:\/\/www.policysense.com\/wp-content\/uploads\/2023\/03\/Captura-de-Pantalla-2023-03-09-a-las-13.11.05.png 335w\" sizes=\"auto, (max-width: 206px) 100vw, 206px\" \/><\/p>\n","protected":false},"excerpt":{"rendered":"<p>SISTEMA DE GEST\u00c3O DA QUALIDADE (SGC) In Motion Support tem implementado um Sistema de Gest\u00e3o da Qualidade certificado sob a norma ISO 9001:2015, o qual\u00a0 se encontra em processo de melhoria cont\u00ednua que permite medir o n\u00edvel de satisfa\u00e7\u00e3o de nossos clientes e a efic\u00e1cia de nossos servi\u00e7os. N\u00famero do Registro (ISO 9001:2015): ER-0523\/2012. \u00a0 [&hellip;]<\/p>\n","protected":false},"author":1,"featured_media":0,"parent":0,"menu_order":0,"comment_status":"closed","ping_status":"closed","template":"page-plantilla-terminos.php","meta":{"inline_featured_image":false,"footnotes":""},"class_list":["post-1917","page","type-page","status-publish","hentry"],"acf":[],"yoast_head":"<!-- This site is optimized with the Yoast SEO plugin v27.4 - https:\/\/yoast.com\/product\/yoast-seo-wordpress\/ -->\n<title>Pol\u00edtica de qualidade | Policysense.com<\/title>\n<meta name=\"description\" content=\"Conhe\u00e7a as pol\u00edticas de qualidade da su\u00edte Policysense\" \/>\n<meta name=\"robots\" content=\"index, follow, max-snippet:-1, max-image-preview:large, max-video-preview:-1\" \/>\n<link rel=\"canonical\" href=\"https:\/\/www.policysense.com\/pt-br\/politica-da-qualidade\/\" \/>\n<meta property=\"og:locale\" content=\"pt_PT\" \/>\n<meta property=\"og:type\" content=\"article\" \/>\n<meta property=\"og:title\" content=\"Pol\u00edtica de qualidade | Policysense.com\" \/>\n<meta property=\"og:description\" content=\"Conhe\u00e7a as pol\u00edticas de qualidade da su\u00edte Policysense\" \/>\n<meta property=\"og:url\" content=\"https:\/\/www.policysense.com\/pt-br\/politica-da-qualidade\/\" \/>\n<meta property=\"og:site_name\" content=\"Policysense\" \/>\n<meta property=\"article:publisher\" content=\"https:\/\/www.facebook.com\/grupoinmotionlat\" \/>\n<meta property=\"article:modified_time\" content=\"2023-06-13T20:56:56+00:00\" \/>\n<meta property=\"og:image\" content=\"https:\/\/policysense.com\/wp-content\/uploads\/2023\/03\/Captura-de-Pantalla-2023-03-09-a-las-13.11.05-206x300.png\" \/>\n<meta name=\"twitter:card\" content=\"summary_large_image\" \/>\n<meta name=\"twitter:site\" content=\"@grupoinmotion_\" \/>\n<meta name=\"twitter:label1\" content=\"Est. reading time\" \/>\n\t<meta name=\"twitter:data1\" content=\"2 minutes\" \/>\n<!-- \/ Yoast SEO plugin. -->","yoast_head_json":{"title":"Pol\u00edtica de qualidade | Policysense.com","description":"Conhe\u00e7a as pol\u00edticas de qualidade da su\u00edte Policysense","robots":{"index":"index","follow":"follow","max-snippet":"max-snippet:-1","max-image-preview":"max-image-preview:large","max-video-preview":"max-video-preview:-1"},"canonical":"https:\/\/www.policysense.com\/pt-br\/politica-da-qualidade\/","og_locale":"pt_PT","og_type":"article","og_title":"Pol\u00edtica de qualidade | Policysense.com","og_description":"Conhe\u00e7a as pol\u00edticas de qualidade da su\u00edte Policysense","og_url":"https:\/\/www.policysense.com\/pt-br\/politica-da-qualidade\/","og_site_name":"Policysense","article_publisher":"https:\/\/www.facebook.com\/grupoinmotionlat","article_modified_time":"2023-06-13T20:56:56+00:00","og_image":[{"url":"https:\/\/policysense.com\/wp-content\/uploads\/2023\/03\/Captura-de-Pantalla-2023-03-09-a-las-13.11.05-206x300.png","type":"","width":"","height":""}],"twitter_card":"summary_large_image","twitter_site":"@grupoinmotion_","twitter_misc":{"Est. reading time":"2 minutes"},"schema":{"@context":"https:\/\/schema.org","@graph":[{"@type":"WebPage","@id":"https:\/\/www.policysense.com\/pt-br\/politica-da-qualidade\/","url":"https:\/\/www.policysense.com\/pt-br\/politica-da-qualidade\/","name":"Pol\u00edtica de qualidade | Policysense.com","isPartOf":{"@id":"https:\/\/www.policysense.com\/pt-br\/#website"},"primaryImageOfPage":{"@id":"https:\/\/www.policysense.com\/pt-br\/politica-da-qualidade\/#primaryimage"},"image":{"@id":"https:\/\/www.policysense.com\/pt-br\/politica-da-qualidade\/#primaryimage"},"thumbnailUrl":"https:\/\/policysense.com\/wp-content\/uploads\/2023\/03\/Captura-de-Pantalla-2023-03-09-a-las-13.11.05-206x300.png","datePublished":"2023-03-07T20:16:58+00:00","dateModified":"2023-06-13T20:56:56+00:00","description":"Conhe\u00e7a as pol\u00edticas de qualidade da su\u00edte Policysense","breadcrumb":{"@id":"https:\/\/www.policysense.com\/pt-br\/politica-da-qualidade\/#breadcrumb"},"inLanguage":"pt","potentialAction":[{"@type":"ReadAction","target":["https:\/\/www.policysense.com\/pt-br\/politica-da-qualidade\/"]}]},{"@type":"ImageObject","inLanguage":"pt","@id":"https:\/\/www.policysense.com\/pt-br\/politica-da-qualidade\/#primaryimage","url":"https:\/\/policysense.com\/wp-content\/uploads\/2023\/03\/Captura-de-Pantalla-2023-03-09-a-las-13.11.05-206x300.png","contentUrl":"https:\/\/policysense.com\/wp-content\/uploads\/2023\/03\/Captura-de-Pantalla-2023-03-09-a-las-13.11.05-206x300.png"},{"@type":"BreadcrumbList","@id":"https:\/\/www.policysense.com\/pt-br\/politica-da-qualidade\/#breadcrumb","itemListElement":[{"@type":"ListItem","position":1,"name":"Portada","item":"https:\/\/www.policysense.com\/pt-br\/"},{"@type":"ListItem","position":2,"name":"Pol\u00edtica da Qualidade"}]},{"@type":"WebSite","@id":"https:\/\/www.policysense.com\/pt-br\/#website","url":"https:\/\/www.policysense.com\/pt-br\/","name":"Policysense | Transformaci\u00f3n digital para compa\u00f1\u00edas de seguros","description":"Policysense transformaci\u00f3n digital para compa\u00f1\u00edas de seguros de pr\u00f3xima generaci\u00f3n, nativas en la nube, modulares, basadas en Low-Code y m\u00e1s","publisher":{"@id":"https:\/\/www.policysense.com\/pt-br\/#organization"},"potentialAction":[{"@type":"SearchAction","target":{"@type":"EntryPoint","urlTemplate":"https:\/\/www.policysense.com\/pt-br\/?s={search_term_string}"},"query-input":{"@type":"PropertyValueSpecification","valueRequired":true,"valueName":"search_term_string"}}],"inLanguage":"pt"},{"@type":"Organization","@id":"https:\/\/www.policysense.com\/pt-br\/#organization","name":"Policysense","url":"https:\/\/www.policysense.com\/pt-br\/","logo":{"@type":"ImageObject","inLanguage":"pt","@id":"https:\/\/www.policysense.com\/pt-br\/#\/schema\/logo\/image\/","url":"https:\/\/www.policysense.com\/wp-content\/uploads\/2024\/03\/logo-policysense-oficial.png","contentUrl":"https:\/\/www.policysense.com\/wp-content\/uploads\/2024\/03\/logo-policysense-oficial.png","width":367,"height":60,"caption":"Policysense"},"image":{"@id":"https:\/\/www.policysense.com\/pt-br\/#\/schema\/logo\/image\/"},"sameAs":["https:\/\/www.facebook.com\/grupoinmotionlat","https:\/\/x.com\/grupoinmotion_","https:\/\/www.linkedin.com\/company\/grupoinmotion\/","https:\/\/www.instagram.com\/grupoinmotion_\/"]}]}},"_links":{"self":[{"href":"https:\/\/www.policysense.com\/pt-br\/wp-json\/wp\/v2\/pages\/1917","targetHints":{"allow":["GET"]}}],"collection":[{"href":"https:\/\/www.policysense.com\/pt-br\/wp-json\/wp\/v2\/pages"}],"about":[{"href":"https:\/\/www.policysense.com\/pt-br\/wp-json\/wp\/v2\/types\/page"}],"author":[{"embeddable":true,"href":"https:\/\/www.policysense.com\/pt-br\/wp-json\/wp\/v2\/users\/1"}],"replies":[{"embeddable":true,"href":"https:\/\/www.policysense.com\/pt-br\/wp-json\/wp\/v2\/comments?post=1917"}],"version-history":[{"count":1,"href":"https:\/\/www.policysense.com\/pt-br\/wp-json\/wp\/v2\/pages\/1917\/revisions"}],"predecessor-version":[{"id":1918,"href":"https:\/\/www.policysense.com\/pt-br\/wp-json\/wp\/v2\/pages\/1917\/revisions\/1918"}],"wp:attachment":[{"href":"https:\/\/www.policysense.com\/pt-br\/wp-json\/wp\/v2\/media?parent=1917"}],"curies":[{"name":"wp","href":"https:\/\/api.w.org\/{rel}","templated":true}]}}