{"id":1921,"date":"2023-03-07T20:25:29","date_gmt":"2023-03-07T20:25:29","guid":{"rendered":"https:\/\/policysense.com\/?page_id=1921"},"modified":"2023-06-13T21:01:39","modified_gmt":"2023-06-13T21:01:39","slug":"politica-de-seguranca","status":"publish","type":"page","link":"https:\/\/www.policysense.com\/pt-br\/politica-de-seguranca\/","title":{"rendered":"Pol\u00edtica de Seguran\u00e7a"},"content":{"rendered":"<p><strong>SISTEMA DE GESTI\u00d3N DE LA SEGURIDAD DE LA INFORMACI\u00d3N Y CIBERSEGURIDAD (SGSI)<\/strong><\/p>\n<p>La informaci\u00f3n siendo un activo que se encuentra expuesto a riesgos y amenazas en un entorno tecnol\u00f3gico de cambio constante, y cuya ocurrencia puede generar un impacto econ\u00f3mico importante para In Motion y las organizaciones asociadas, ha considerado relevante la implementaci\u00f3n de un SGSI que permita proteger de forma adecuada los activos de informaci\u00f3n.<\/p>\n<p>Esta pol\u00edtica est\u00e1 dirigida a los colaboradores de In Motion, sus Proveedores, Activos de informaci\u00f3n de la empresa y de sus clientes que se encuentren bajo administraci\u00f3n o con soporte evolutivo aplicando los controles respectivos en base a la gesti\u00f3n de riesgos y a la clasificaci\u00f3n de informaci\u00f3n respectiva.<\/p>\n<p>&nbsp;<\/p>\n<p><b>SISTEMA DE GEST\u00c3O DA SEGURAN\u00c7A DA INFORMA\u00c7\u00c3O E\u00a0 CIBERSEGURAN\u00c7A (SGSI)<\/b><\/p>\n<p><span style=\"font-weight: 400;\">Sendo a informa\u00e7\u00e3o, um ativo que se encontra exposto a riscos e amea\u00e7as num\u00a0 entorno tecnol\u00f3gico de constante mudan\u00e7a, e cuja ocorr\u00eancia pode gerar um impacto econ\u00f4mico importante para In Motion e as organiza\u00e7\u00f5es associadas, temos considerado relevante a implementa\u00e7\u00e3o de um SGSI que permita proteger de forma adequada os ativos de informa\u00e7\u00e3o.<\/span><\/p>\n<p><span style=\"font-weight: 400;\">Esta pol\u00edtica est\u00e1 dirigida aos colaboradores de In Motion, seus Fornecedores, Ativos de informa\u00e7\u00e3o da empresa e seus clientes que se encontrem sob administra\u00e7\u00e3o ou com suporte evolutivo aplicando os controles respectivos em base a gest\u00e3o de riscos e a classifica\u00e7\u00e3o de informa\u00e7\u00e3o respectiva.<\/span><\/p>\n<p><b>\u00a0<\/b><\/p>\n<p><b>POL\u00cdTICA DE SEGURAN\u00c7A DA INFORMA\u00c7\u00c3O E\u00a0 CIBERSEGURAN\u00c7A<\/b><\/p>\n<p><span style=\"font-weight: 400;\">\u201cEm In Motion estamos conscientes de que a Seguran\u00e7a da\u00a0 Informa\u00e7\u00e3o e Ciberseguran\u00e7a, s\u00e3o um componente fundamental para o cumpimento dos objetivos estrat\u00e9gicos da organiza\u00e7\u00e3o, sendo um dos pilares do Processo de Transforma\u00e7\u00e3o Digital, e assim\u00a0 garantir o cumprimento dos princ\u00edpios de Confidencialidade, Disponibilidade e Integridade\u201d.<\/span><\/p>\n<p><span style=\"font-weight: 400;\">\u201c\u00c9 pelo que assumimos o compromisso de desenvolver, manter e melhorar de forma cont\u00ednua um Sistema de Gest\u00e3o de Seguran\u00e7a da Informa\u00e7\u00e3o alinhado com as necessidades da organiza\u00e7\u00e3o, dos nossos clientes e a normativa legal vigente em\u00a0 mat\u00e9ria de prote\u00e7\u00e3o\u00a0 e seguran\u00e7a dos ativos de informa\u00e7\u00e3o sob nossa administra\u00e7\u00e3o&#8221;.<\/span><\/p>\n<p><span style=\"font-weight: 400;\">A Organiza\u00e7\u00e3o elege implementar a Norma ISO\/IEC 27001:2013 e a sua difus\u00e3o\u00a0 entre seus colaboradores, fornecedores e clientes aplicando a metodologia do c\u00edrculo virtuoso de melhoria cont\u00ednua ao sistema.<\/span><\/p>\n<p><b>\u00a0<\/b><\/p>\n<p><b>OBJETIVOS DA SEGURAN\u00c7A DA\u00a0 INFORMA\u00c7\u00c3O<\/b><\/p>\n<p><span style=\"font-weight: 400;\">Como objetivos da Seguran\u00e7a da Informa\u00e7\u00e3o e Ciberseguran\u00e7a temos:<\/span><\/p>\n<ul>\n<li style=\"font-weight: 400;\" aria-level=\"1\"><span style=\"font-weight: 400;\">Gestionar os riscos num n\u00edvel aceit\u00e1vel\u00a0 atrav\u00e9s da manuten\u00e7\u00e3o de um sistema de gest\u00e3o de seguran\u00e7a de informa\u00e7\u00e3o e seus respectivos controles.<\/span><\/li>\n<li style=\"font-weight: 400;\" aria-level=\"1\"><span style=\"font-weight: 400;\">Cumprir com as diretrizes contidas na Norma ISO27001:2013 de Seguran\u00e7a da Informa\u00e7\u00e3o, sendo de interesse de In Motion e os seus clientes a implementa\u00e7\u00e3o das mesmas.<\/span><\/li>\n<li style=\"font-weight: 400;\" aria-level=\"1\"><span style=\"font-weight: 400;\">Documentar, Implementar e ter registro dos Controles que correspondam,\u00a0 produto da an\u00e1lise de risco realizada aos ativos de informa\u00e7\u00e3o e que s\u00e3o parte da declara\u00e7\u00e3o de aplicabilidade.<\/span><\/li>\n<li style=\"font-weight: 400;\" aria-level=\"1\"><span style=\"font-weight: 400;\">Estabelecer um Plano de Capacita\u00e7\u00e3o e Conscientiza\u00e7\u00e3o em Seguran\u00e7a da Informa\u00e7\u00e3o e Ciberseguran\u00e7a que ajude a todo o pessoal implicado a conhecer e cumprir as atividades de gest\u00e3o definidas e a participar de forma proactiva na gest\u00e3o de seguran\u00e7a.<\/span><\/li>\n<\/ul>\n","protected":false},"excerpt":{"rendered":"<p>SISTEMA DE GESTI\u00d3N DE LA SEGURIDAD DE LA INFORMACI\u00d3N Y CIBERSEGURIDAD (SGSI) La informaci\u00f3n siendo un activo que se encuentra expuesto a riesgos y amenazas en un entorno tecnol\u00f3gico de cambio constante, y cuya ocurrencia puede generar un impacto econ\u00f3mico importante para In Motion y las organizaciones asociadas, ha considerado relevante la implementaci\u00f3n de un [&hellip;]<\/p>\n","protected":false},"author":1,"featured_media":0,"parent":0,"menu_order":0,"comment_status":"closed","ping_status":"closed","template":"page-plantilla-terminos.php","meta":{"inline_featured_image":false,"footnotes":""},"class_list":["post-1921","page","type-page","status-publish","hentry"],"acf":[],"yoast_head":"<!-- This site is optimized with the Yoast SEO plugin v27.4 - https:\/\/yoast.com\/product\/yoast-seo-wordpress\/ -->\n<title>Pol\u00edtica de seguran\u00e7a e ciberseguran\u00e7a | Policysense.com<\/title>\n<meta name=\"description\" content=\"Conhe\u00e7a a pol\u00edtica de seguran\u00e7a da informa\u00e7\u00e3o e ciberseguran\u00e7a da Policysense\" \/>\n<meta name=\"robots\" content=\"index, follow, max-snippet:-1, max-image-preview:large, max-video-preview:-1\" \/>\n<link rel=\"canonical\" href=\"https:\/\/www.policysense.com\/pt-br\/politica-de-seguranca\/\" \/>\n<meta property=\"og:locale\" content=\"pt_PT\" \/>\n<meta property=\"og:type\" content=\"article\" \/>\n<meta property=\"og:title\" content=\"Pol\u00edtica de seguran\u00e7a e ciberseguran\u00e7a | Policysense.com\" \/>\n<meta property=\"og:description\" content=\"Conhe\u00e7a a pol\u00edtica de seguran\u00e7a da informa\u00e7\u00e3o e ciberseguran\u00e7a da Policysense\" \/>\n<meta property=\"og:url\" content=\"https:\/\/www.policysense.com\/pt-br\/politica-de-seguranca\/\" \/>\n<meta property=\"og:site_name\" content=\"Policysense\" \/>\n<meta property=\"article:publisher\" content=\"https:\/\/www.facebook.com\/grupoinmotionlat\" \/>\n<meta property=\"article:modified_time\" content=\"2023-06-13T21:01:39+00:00\" \/>\n<meta property=\"og:image\" content=\"https:\/\/www.policysense.com\/wp-content\/uploads\/2023\/03\/portada-policysense-.jpg\" \/>\n\t<meta property=\"og:image:width\" content=\"1200\" \/>\n\t<meta property=\"og:image:height\" content=\"675\" \/>\n\t<meta property=\"og:image:type\" content=\"image\/jpeg\" \/>\n<meta name=\"twitter:card\" content=\"summary_large_image\" \/>\n<meta name=\"twitter:site\" content=\"@grupoinmotion_\" \/>\n<meta name=\"twitter:label1\" content=\"Est. reading time\" \/>\n\t<meta name=\"twitter:data1\" content=\"3 minutes\" \/>\n<!-- \/ Yoast SEO plugin. -->","yoast_head_json":{"title":"Pol\u00edtica de seguran\u00e7a e ciberseguran\u00e7a | Policysense.com","description":"Conhe\u00e7a a pol\u00edtica de seguran\u00e7a da informa\u00e7\u00e3o e ciberseguran\u00e7a da Policysense","robots":{"index":"index","follow":"follow","max-snippet":"max-snippet:-1","max-image-preview":"max-image-preview:large","max-video-preview":"max-video-preview:-1"},"canonical":"https:\/\/www.policysense.com\/pt-br\/politica-de-seguranca\/","og_locale":"pt_PT","og_type":"article","og_title":"Pol\u00edtica de seguran\u00e7a e ciberseguran\u00e7a | Policysense.com","og_description":"Conhe\u00e7a a pol\u00edtica de seguran\u00e7a da informa\u00e7\u00e3o e ciberseguran\u00e7a da Policysense","og_url":"https:\/\/www.policysense.com\/pt-br\/politica-de-seguranca\/","og_site_name":"Policysense","article_publisher":"https:\/\/www.facebook.com\/grupoinmotionlat","article_modified_time":"2023-06-13T21:01:39+00:00","og_image":[{"width":1200,"height":675,"url":"https:\/\/www.policysense.com\/wp-content\/uploads\/2023\/03\/portada-policysense-.jpg","type":"image\/jpeg"}],"twitter_card":"summary_large_image","twitter_site":"@grupoinmotion_","twitter_misc":{"Est. reading time":"3 minutes"},"schema":{"@context":"https:\/\/schema.org","@graph":[{"@type":"WebPage","@id":"https:\/\/www.policysense.com\/pt-br\/politica-de-seguranca\/","url":"https:\/\/www.policysense.com\/pt-br\/politica-de-seguranca\/","name":"Pol\u00edtica de seguran\u00e7a e ciberseguran\u00e7a | Policysense.com","isPartOf":{"@id":"https:\/\/www.policysense.com\/pt-br\/#website"},"datePublished":"2023-03-07T20:25:29+00:00","dateModified":"2023-06-13T21:01:39+00:00","description":"Conhe\u00e7a a pol\u00edtica de seguran\u00e7a da informa\u00e7\u00e3o e ciberseguran\u00e7a da Policysense","breadcrumb":{"@id":"https:\/\/www.policysense.com\/pt-br\/politica-de-seguranca\/#breadcrumb"},"inLanguage":"pt","potentialAction":[{"@type":"ReadAction","target":["https:\/\/www.policysense.com\/pt-br\/politica-de-seguranca\/"]}]},{"@type":"BreadcrumbList","@id":"https:\/\/www.policysense.com\/pt-br\/politica-de-seguranca\/#breadcrumb","itemListElement":[{"@type":"ListItem","position":1,"name":"Portada","item":"https:\/\/www.policysense.com\/pt-br\/"},{"@type":"ListItem","position":2,"name":"Pol\u00edtica de Seguran\u00e7a"}]},{"@type":"WebSite","@id":"https:\/\/www.policysense.com\/pt-br\/#website","url":"https:\/\/www.policysense.com\/pt-br\/","name":"Policysense | Transformaci\u00f3n digital para compa\u00f1\u00edas de seguros","description":"Policysense transformaci\u00f3n digital para compa\u00f1\u00edas de seguros de pr\u00f3xima generaci\u00f3n, nativas en la nube, modulares, basadas en Low-Code y m\u00e1s","publisher":{"@id":"https:\/\/www.policysense.com\/pt-br\/#organization"},"potentialAction":[{"@type":"SearchAction","target":{"@type":"EntryPoint","urlTemplate":"https:\/\/www.policysense.com\/pt-br\/?s={search_term_string}"},"query-input":{"@type":"PropertyValueSpecification","valueRequired":true,"valueName":"search_term_string"}}],"inLanguage":"pt"},{"@type":"Organization","@id":"https:\/\/www.policysense.com\/pt-br\/#organization","name":"Policysense","url":"https:\/\/www.policysense.com\/pt-br\/","logo":{"@type":"ImageObject","inLanguage":"pt","@id":"https:\/\/www.policysense.com\/pt-br\/#\/schema\/logo\/image\/","url":"https:\/\/www.policysense.com\/wp-content\/uploads\/2024\/03\/logo-policysense-oficial.png","contentUrl":"https:\/\/www.policysense.com\/wp-content\/uploads\/2024\/03\/logo-policysense-oficial.png","width":367,"height":60,"caption":"Policysense"},"image":{"@id":"https:\/\/www.policysense.com\/pt-br\/#\/schema\/logo\/image\/"},"sameAs":["https:\/\/www.facebook.com\/grupoinmotionlat","https:\/\/x.com\/grupoinmotion_","https:\/\/www.linkedin.com\/company\/grupoinmotion\/","https:\/\/www.instagram.com\/grupoinmotion_\/"]}]}},"_links":{"self":[{"href":"https:\/\/www.policysense.com\/pt-br\/wp-json\/wp\/v2\/pages\/1921","targetHints":{"allow":["GET"]}}],"collection":[{"href":"https:\/\/www.policysense.com\/pt-br\/wp-json\/wp\/v2\/pages"}],"about":[{"href":"https:\/\/www.policysense.com\/pt-br\/wp-json\/wp\/v2\/types\/page"}],"author":[{"embeddable":true,"href":"https:\/\/www.policysense.com\/pt-br\/wp-json\/wp\/v2\/users\/1"}],"replies":[{"embeddable":true,"href":"https:\/\/www.policysense.com\/pt-br\/wp-json\/wp\/v2\/comments?post=1921"}],"version-history":[{"count":1,"href":"https:\/\/www.policysense.com\/pt-br\/wp-json\/wp\/v2\/pages\/1921\/revisions"}],"predecessor-version":[{"id":1922,"href":"https:\/\/www.policysense.com\/pt-br\/wp-json\/wp\/v2\/pages\/1921\/revisions\/1922"}],"wp:attachment":[{"href":"https:\/\/www.policysense.com\/pt-br\/wp-json\/wp\/v2\/media?parent=1921"}],"curies":[{"name":"wp","href":"https:\/\/api.w.org\/{rel}","templated":true}]}}