{"id":2239,"date":"2025-02-04T20:49:23","date_gmt":"2025-02-04T20:49:23","guid":{"rendered":"https:\/\/www.policysense.com\/?page_id=2239"},"modified":"2025-10-28T19:41:12","modified_gmt":"2025-10-28T19:41:12","slug":"resseguro-cosseguro","status":"publish","type":"page","link":"https:\/\/www.policysense.com\/pt-br\/a-suite\/resseguro-cosseguro\/","title":{"rendered":"Policysense Cosseguro e Resseguro"},"content":{"rendered":"<h2>Para que serve o Policysense Resseguro e Cosseguro?<\/h2>\n<p>O Policysense Resseguro e Cosseguro permite que voc\u00ea gerencie processos de resseguro e cosseguro, garantindo maior produtividade e precis\u00e3o na coloca\u00e7\u00e3o de riscos, com funcionalidades baseadas nas melhores pr\u00e1ticas do setor.<\/p>\n<div id=\"gtx-trans\" style=\"position: absolute; left: 97px; top: 107.828px;\">\n<div class=\"gtx-trans-icon\"><\/div>\n<\/div>\n","protected":false},"excerpt":{"rendered":"<p>Para que serve o Policysense Resseguro e Cosseguro? O Policysense Resseguro e Cosseguro permite que voc\u00ea gerencie processos de resseguro e cosseguro, garantindo maior produtividade e precis\u00e3o na coloca\u00e7\u00e3o de riscos, com funcionalidades baseadas nas melhores pr\u00e1ticas do setor.<\/p>\n","protected":false},"author":4,"featured_media":2382,"parent":1714,"menu_order":0,"comment_status":"closed","ping_status":"closed","template":"page-reaseguro.php","meta":{"inline_featured_image":false,"footnotes":""},"class_list":["post-2239","page","type-page","status-publish","has-post-thumbnail","hentry"],"acf":[],"yoast_head":"<!-- This site is optimized with the Yoast SEO plugin v27.6 - https:\/\/yoast.com\/product\/yoast-seo-wordpress\/ -->\n<title>Resseguro e Cosseguro | Solu\u00e7\u00f5es de TI | Seguros | Policysense<\/title>\n<meta name=\"description\" content=\"\u00c9 uma solu\u00e7\u00e3o poderosa que foi projetada para controlar, otimizar e digitalizar todas as opera\u00e7\u00f5es de Resseguro e Cosseguro de uma seguradora.\" \/>\n<meta name=\"robots\" content=\"index, follow, max-snippet:-1, max-image-preview:large, max-video-preview:-1\" \/>\n<link rel=\"canonical\" href=\"https:\/\/www.policysense.com\/pt-br\/a-suite\/resseguro-cosseguro\/\" \/>\n<meta property=\"og:locale\" content=\"pt_PT\" \/>\n<meta property=\"og:type\" content=\"article\" \/>\n<meta property=\"og:title\" content=\"Resseguro e Cosseguro | Solu\u00e7\u00f5es de TI | Seguros | Policysense\" \/>\n<meta property=\"og:description\" content=\"\u00c9 uma solu\u00e7\u00e3o poderosa que foi projetada para controlar, otimizar e digitalizar todas as opera\u00e7\u00f5es de Resseguro e Cosseguro de uma seguradora.\" \/>\n<meta property=\"og:url\" content=\"https:\/\/www.policysense.com\/pt-br\/a-suite\/resseguro-cosseguro\/\" \/>\n<meta property=\"og:site_name\" content=\"Policysense\" \/>\n<meta property=\"article:publisher\" content=\"https:\/\/www.facebook.com\/grupoinmotionlat\" \/>\n<meta property=\"article:modified_time\" content=\"2025-10-28T19:41:12+00:00\" \/>\n<meta property=\"og:image\" content=\"https:\/\/www.policysense.com\/wp-content\/uploads\/2025\/02\/header-policysense-reaseguro-coaseguros-1.jpg\" \/>\n\t<meta property=\"og:image:width\" content=\"800\" \/>\n\t<meta property=\"og:image:height\" content=\"500\" \/>\n\t<meta property=\"og:image:type\" content=\"image\/jpeg\" \/>\n<meta name=\"twitter:card\" content=\"summary_large_image\" \/>\n<meta name=\"twitter:site\" content=\"@grupoinmotion_\" \/>\n<meta name=\"twitter:label1\" content=\"Est. reading time\" \/>\n\t<meta name=\"twitter:data1\" content=\"9 minutes\" \/>\n<!-- \/ Yoast SEO plugin. -->","yoast_head_json":{"title":"Resseguro e Cosseguro | Solu\u00e7\u00f5es de TI | Seguros | Policysense","description":"\u00c9 uma solu\u00e7\u00e3o poderosa que foi projetada para controlar, otimizar e digitalizar todas as opera\u00e7\u00f5es de Resseguro e Cosseguro de uma seguradora.","robots":{"index":"index","follow":"follow","max-snippet":"max-snippet:-1","max-image-preview":"max-image-preview:large","max-video-preview":"max-video-preview:-1"},"canonical":"https:\/\/www.policysense.com\/pt-br\/a-suite\/resseguro-cosseguro\/","og_locale":"pt_PT","og_type":"article","og_title":"Resseguro e Cosseguro | Solu\u00e7\u00f5es de TI | Seguros | Policysense","og_description":"\u00c9 uma solu\u00e7\u00e3o poderosa que foi projetada para controlar, otimizar e digitalizar todas as opera\u00e7\u00f5es de Resseguro e Cosseguro de uma seguradora.","og_url":"https:\/\/www.policysense.com\/pt-br\/a-suite\/resseguro-cosseguro\/","og_site_name":"Policysense","article_publisher":"https:\/\/www.facebook.com\/grupoinmotionlat","article_modified_time":"2025-10-28T19:41:12+00:00","og_image":[{"width":800,"height":500,"url":"https:\/\/www.policysense.com\/wp-content\/uploads\/2025\/02\/header-policysense-reaseguro-coaseguros-1.jpg","type":"image\/jpeg"}],"twitter_card":"summary_large_image","twitter_site":"@grupoinmotion_","twitter_misc":{"Est. reading time":"9 minutes"},"schema":{"@context":"https:\/\/schema.org","@graph":[{"@type":"WebPage","@id":"https:\/\/www.policysense.com\/pt-br\/a-suite\/resseguro-cosseguro\/","url":"https:\/\/www.policysense.com\/pt-br\/a-suite\/resseguro-cosseguro\/","name":"Resseguro e Cosseguro | Solu\u00e7\u00f5es de TI | Seguros | Policysense","isPartOf":{"@id":"https:\/\/www.policysense.com\/pt-br\/#website"},"primaryImageOfPage":{"@id":"https:\/\/www.policysense.com\/pt-br\/a-suite\/resseguro-cosseguro\/#primaryimage"},"image":{"@id":"https:\/\/www.policysense.com\/pt-br\/a-suite\/resseguro-cosseguro\/#primaryimage"},"thumbnailUrl":"https:\/\/www.policysense.com\/wp-content\/uploads\/2025\/02\/header-policysense-reaseguro-coaseguros-1.jpg","datePublished":"2025-02-04T20:49:23+00:00","dateModified":"2025-10-28T19:41:12+00:00","description":"\u00c9 uma solu\u00e7\u00e3o poderosa que foi projetada para controlar, otimizar e digitalizar todas as opera\u00e7\u00f5es de Resseguro e Cosseguro de uma seguradora.","breadcrumb":{"@id":"https:\/\/www.policysense.com\/pt-br\/a-suite\/resseguro-cosseguro\/#breadcrumb"},"inLanguage":"pt","potentialAction":[{"@type":"ReadAction","target":["https:\/\/www.policysense.com\/pt-br\/a-suite\/resseguro-cosseguro\/"]}]},{"@type":"ImageObject","inLanguage":"pt","@id":"https:\/\/www.policysense.com\/pt-br\/a-suite\/resseguro-cosseguro\/#primaryimage","url":"https:\/\/www.policysense.com\/wp-content\/uploads\/2025\/02\/header-policysense-reaseguro-coaseguros-1.jpg","contentUrl":"https:\/\/www.policysense.com\/wp-content\/uploads\/2025\/02\/header-policysense-reaseguro-coaseguros-1.jpg","width":800,"height":500,"caption":"header-policysense-coaseguro-reaseguro-resseguro-cosseguro-reinsurance"},{"@type":"BreadcrumbList","@id":"https:\/\/www.policysense.com\/pt-br\/a-suite\/resseguro-cosseguro\/#breadcrumb","itemListElement":[{"@type":"ListItem","position":1,"name":"Portada","item":"https:\/\/www.policysense.com\/pt-br\/"},{"@type":"ListItem","position":2,"name":"A Suite","item":"https:\/\/www.policysense.com\/pt-br\/la-suite\/"},{"@type":"ListItem","position":3,"name":"Policysense Cosseguro e Resseguro"}]},{"@type":"WebSite","@id":"https:\/\/www.policysense.com\/pt-br\/#website","url":"https:\/\/www.policysense.com\/pt-br\/","name":"Policysense | Transformaci\u00f3n digital para compa\u00f1\u00edas de seguros","description":"Policysense transformaci\u00f3n digital para compa\u00f1\u00edas de seguros de pr\u00f3xima generaci\u00f3n, nativas en la nube, modulares, basadas en Low-Code y m\u00e1s","publisher":{"@id":"https:\/\/www.policysense.com\/pt-br\/#organization"},"potentialAction":[{"@type":"SearchAction","target":{"@type":"EntryPoint","urlTemplate":"https:\/\/www.policysense.com\/pt-br\/?s={search_term_string}"},"query-input":{"@type":"PropertyValueSpecification","valueRequired":true,"valueName":"search_term_string"}}],"inLanguage":"pt"},{"@type":"Organization","@id":"https:\/\/www.policysense.com\/pt-br\/#organization","name":"Policysense","url":"https:\/\/www.policysense.com\/pt-br\/","logo":{"@type":"ImageObject","inLanguage":"pt","@id":"https:\/\/www.policysense.com\/pt-br\/#\/schema\/logo\/image\/","url":"https:\/\/www.policysense.com\/wp-content\/uploads\/2024\/03\/logo-policysense-oficial.png","contentUrl":"https:\/\/www.policysense.com\/wp-content\/uploads\/2024\/03\/logo-policysense-oficial.png","width":367,"height":60,"caption":"Policysense"},"image":{"@id":"https:\/\/www.policysense.com\/pt-br\/#\/schema\/logo\/image\/"},"sameAs":["https:\/\/www.facebook.com\/grupoinmotionlat","https:\/\/x.com\/grupoinmotion_","https:\/\/www.linkedin.com\/company\/grupoinmotion\/","https:\/\/www.instagram.com\/grupoinmotion_\/"]}]}},"_links":{"self":[{"href":"https:\/\/www.policysense.com\/pt-br\/wp-json\/wp\/v2\/pages\/2239","targetHints":{"allow":["GET"]}}],"collection":[{"href":"https:\/\/www.policysense.com\/pt-br\/wp-json\/wp\/v2\/pages"}],"about":[{"href":"https:\/\/www.policysense.com\/pt-br\/wp-json\/wp\/v2\/types\/page"}],"author":[{"embeddable":true,"href":"https:\/\/www.policysense.com\/pt-br\/wp-json\/wp\/v2\/users\/4"}],"replies":[{"embeddable":true,"href":"https:\/\/www.policysense.com\/pt-br\/wp-json\/wp\/v2\/comments?post=2239"}],"version-history":[{"count":18,"href":"https:\/\/www.policysense.com\/pt-br\/wp-json\/wp\/v2\/pages\/2239\/revisions"}],"predecessor-version":[{"id":2627,"href":"https:\/\/www.policysense.com\/pt-br\/wp-json\/wp\/v2\/pages\/2239\/revisions\/2627"}],"up":[{"embeddable":true,"href":"https:\/\/www.policysense.com\/pt-br\/wp-json\/wp\/v2\/pages\/1714"}],"wp:featuredmedia":[{"embeddable":true,"href":"https:\/\/www.policysense.com\/pt-br\/wp-json\/wp\/v2\/media\/2382"}],"wp:attachment":[{"href":"https:\/\/www.policysense.com\/pt-br\/wp-json\/wp\/v2\/media?parent=2239"}],"curies":[{"name":"wp","href":"https:\/\/api.w.org\/{rel}","templated":true}]}}